{"id":22160,"date":"2024-02-01T15:14:47","date_gmt":"2024-02-01T20:14:47","guid":{"rendered":"https:\/\/insertech.org\/?page_id=22160"},"modified":"2024-04-17T10:57:03","modified_gmt":"2024-04-17T14:57:03","slug":"jeminscris","status":"publish","type":"page","link":"https:\/\/insertech.ca\/en\/lp\/jeminscris\/","title":{"rendered":"Inscription post-session d&#8217;information"},"content":{"rendered":"<section class=\"l-section wpb_row us_custom_8faed2b8 height_medium\"><div class=\"l-section-h i-cf\"><div class=\"g-cols vc_row via_grid cols_1 laptops-cols_inherit tablets-cols_inherit mobiles-cols_1 valign_top type_default stacking_default\"><div class=\"wpb_column vc_column_container\"><div class=\"vc_column-inner\"><div class=\"w-separator size_medium\"><\/div><div class=\"wpb_text_column style-h3\"><div class=\"wpb_wrapper\"><p style=\"text-align: center;\">Programme d&#8217;insertion<\/p>\n<\/div><\/div><div class=\"w-separator size_small\"><\/div><div class=\"wpb_text_column\"><div class=\"wpb_wrapper\"><h1 style=\"text-align: center;\">Inscription post-session d&#8217;information<\/h1>\n<\/div><\/div><div class=\"w-separator size_small\"><\/div><div class=\"wpb_text_column\"><div class=\"wpb_wrapper\"><p style=\"text-align: center;\">Inscris-toi!<\/p>\n<\/div><\/div><div class=\"w-separator size_medium\"><\/div><\/div><\/div><\/div><\/div><\/section><section class=\"l-section wpb_row padding-inline-6 rangee-form-post-session height_medium\"><div class=\"l-section-h i-cf\"><div class=\"g-cols vc_row via_grid cols_1 laptops-cols_inherit tablets-cols_inherit mobiles-cols_1 valign_top type_default stacking_default\"><div class=\"wpb_column vc_column_container\"><div class=\"vc_column-inner\"><div class=\"wpb_text_column\"><div class=\"wpb_wrapper\"><p>Merci d\u2019avoir particip\u00e9 \u00e0 la s\u00e9ance d\u2019information du\u00a0<a href=\"https:\/\/insertech.ca\/programme-dinsertion\/\">programme d\u2019insertion<\/a>\u00a0d\u2019Insertech. ! Merci de r\u00e9pondre \u00e0 ces quelques questions :<\/p>\n<\/div><\/div><div class=\"w-separator size_medium\"><\/div><div class=\"w-html\"><div id=\"quform-947510\" class=\"quform quform-3 quform-support-page-caching\"><form id=\"quform-form-947510\" class=\"quform-form quform-form-3\" action=\"\/en\/wp-json\/wp\/v2\/pages\/22160#quform-947510\" method=\"post\" enctype=\"multipart\/form-data\" novalidate=\"novalidate\" data-options=\"{&quot;id&quot;:3,&quot;uniqueId&quot;:&quot;947510&quot;,&quot;theme&quot;:&quot;&quot;,&quot;ajax&quot;:true,&quot;logic&quot;:{&quot;logic&quot;:{&quot;6&quot;:{&quot;action&quot;:true,&quot;match&quot;:&quot;all&quot;,&quot;rules&quot;:[{&quot;elementId&quot;:&quot;4&quot;,&quot;operator&quot;:&quot;eq&quot;,&quot;optionId&quot;:&quot;1&quot;,&quot;value&quot;:&quot;Oui&quot;}]},&quot;19&quot;:{&quot;action&quot;:true,&quot;match&quot;:&quot;all&quot;,&quot;rules&quot;:[{&quot;elementId&quot;:&quot;4&quot;,&quot;operator&quot;:&quot;eq&quot;,&quot;optionId&quot;:&quot;2&quot;,&quot;value&quot;:&quot;Non&quot;}]},&quot;21&quot;:{&quot;action&quot;:true,&quot;match&quot;:&quot;all&quot;,&quot;rules&quot;:[{&quot;elementId&quot;:&quot;20&quot;,&quot;operator&quot;:&quot;eq&quot;,&quot;optionId&quot;:&quot;1&quot;,&quot;value&quot;:&quot;Oui&quot;}]}},&quot;dependents&quot;:{&quot;4&quot;:[6,19],&quot;20&quot;:[21]},&quot;elementIds&quot;:[6,19,21],&quot;dependentElementIds&quot;:[&quot;4&quot;,&quot;20&quot;],&quot;animate&quot;:true},&quot;currentPageId&quot;:1,&quot;errorsIcon&quot;:&quot;&quot;,&quot;updateFancybox&quot;:true,&quot;hasPages&quot;:false,&quot;pages&quot;:[1],&quot;pageProgressType&quot;:&quot;numbers&quot;,&quot;tooltipsEnabled&quot;:true,&quot;tooltipClasses&quot;:&quot;qtip-quform-dark qtip-shadow&quot;,&quot;tooltipMy&quot;:&quot;left center&quot;,&quot;tooltipAt&quot;:&quot;right center&quot;,&quot;isRtl&quot;:false,&quot;scrollOffset&quot;:-50,&quot;scrollSpeed&quot;:800}\"><button class=\"quform-default-submit\" name=\"quform_submit\" type=\"submit\" value=\"submit\" aria-hidden=\"true\" tabindex=\"-1\"><\/button><div class=\"quform-form-inner quform-form-inner-3\"><input type=\"hidden\" name=\"quform_form_id\" value=\"3\" \/><input type=\"hidden\" name=\"quform_form_uid\" value=\"947510\" \/><input type=\"hidden\" name=\"quform_count\" value=\"1\" \/><input type=\"hidden\" name=\"form_url\" value=\"https:\/\/insertech.ca\/en\/wp-json\/wp\/v2\/pages\/22160\" \/><input type=\"hidden\" name=\"referring_url\" value=\"\" \/><input type=\"hidden\" name=\"post_id\" value=\"\" \/><input type=\"hidden\" name=\"post_title\" value=\"\" \/><input type=\"hidden\" name=\"quform_current_page_id\" value=\"1\" \/><input type=\"hidden\" name=\"quform_csrf_token\" value=\"k1Wt7zJjFE1X8KV6b47pOXncGwbd1Yf7KJDjDWFO\" \/><div class=\"quform-elements quform-elements-3 quform-cf quform-responsive-elements-phone-landscape\"><div class=\"quform-element quform-element-page quform-page-1 quform-page-3_1 quform-cf quform-group-style-plain quform-first-page quform-last-page quform-current-page\"><div class=\"quform-child-elements\"><div class=\"quform-element quform-element-date quform-element-3_3 quform-cf quform-element-required\"><div class=\"quform-spacer\"><div class=\"quform-label quform-label-3_3\"><label class=\"quform-label-text\" for=\"quform_3_3_947510\">Date de la s\u00e9ance d'information<span class=\"quform-required\">*<\/span><\/label><\/div><div class=\"quform-inner quform-inner-date quform-inner-3_3\"><div class=\"quform-input quform-input-date quform-input-3_3 quform-cf quform-has-field-icon-right\"><input type=\"text\" id=\"quform_3_3_947510\" name=\"quform_3_3\" class=\"quform-field quform-field-date quform-field-3_3\" placeholder=\"YYYY-MM-DD\" data-options=\"{&quot;format&quot;:&quot;&quot;,&quot;min&quot;:&quot;&quot;,&quot;max&quot;:&quot;&quot;,&quot;start&quot;:&quot;month&quot;,&quot;depth&quot;:&quot;month&quot;,&quot;showFooter&quot;:false,&quot;locale&quot;:&quot;fr-CA&quot;,&quot;placeholder&quot;:&quot;&quot;,&quot;autoOpen&quot;:true,&quot;identifier&quot;:&quot;3_3&quot;}\" \/><span class=\"quform-field-icon quform-field-icon-right\"><i class=\"qicon-calendar\"><\/i><\/span><\/div><\/div><\/div><\/div><div class=\"quform-element quform-element-radio quform-element-3_4 quform-cf quform-element-required\"><div class=\"quform-spacer\"><div class=\"quform-label quform-label-3_4\"><label class=\"quform-label-text\" id=\"quform_3_4_947510_label\">Es-tu int\u00e9ress\u00e9.e \u00e0 participer \u00e0 notre parcours d\u2019insertion ?<span class=\"quform-required\">*<\/span><\/label><\/div><div class=\"quform-inner quform-inner-radio quform-inner-3_4\"><label id=\"quform_3_4_947510_sub_label_above\" class=\"quform-sub-label quform-sub-label-above\">Si oui, tu seras contact\u00e9.e d\u2019ici 24 heures pour obtenir un rendez-vous.<\/label><div class=\"quform-input quform-input-radio quform-input-3_4 quform-cf\"><div class=\"quform-options quform-cf quform-options-block quform-options-simple\" role=\"radiogroup\" aria-labelledby=\"quform_3_4_947510_label\"><div class=\"quform-option\"><input type=\"radio\" name=\"quform_3_4\" id=\"quform_3_4_947510_1\" class=\"quform-field quform-field-radio quform-field-3_4 quform-field-3_4_1\" value=\"Oui\" \/><label for=\"quform_3_4_947510_1\" class=\"quform-option-label quform-option-label-3_4_1\"><span class=\"quform-option-text\">Oui<\/span><\/label><\/div><div class=\"quform-option\"><input type=\"radio\" name=\"quform_3_4\" id=\"quform_3_4_947510_2\" class=\"quform-field quform-field-radio quform-field-3_4 quform-field-3_4_2\" value=\"Non\" \/><label for=\"quform_3_4_947510_2\" class=\"quform-option-label quform-option-label-3_4_2\"><span class=\"quform-option-text\">Non<\/span><\/label><\/div><\/div><\/div><\/div><\/div><\/div><div class=\"quform-element quform-element-group quform-element-3_6 quform-cf quform-group-style-plain\"><div class=\"quform-spacer\"><div class=\"quform-child-elements\"><div class=\"quform-element quform-element-row quform-element-row-3_7 quform-2-columns quform-element-row-size-fixed quform-responsive-columns-phone-landscape\"><div class=\"quform-element quform-element-column quform-element-3_8\"><div class=\"quform-element quform-element-text quform-element-3_10 quform-cf quform-element-required\"><div class=\"quform-spacer\"><div class=\"quform-label quform-label-3_10\"><label class=\"quform-label-text\" for=\"quform_3_10_947510\">Pr\u00e9nom<span class=\"quform-required\">*<\/span><\/label><\/div><div class=\"quform-inner quform-inner-text quform-inner-3_10\"><div class=\"quform-input quform-input-text quform-input-3_10 quform-cf\"><input type=\"text\" id=\"quform_3_10_947510\" name=\"quform_3_10\" class=\"quform-field quform-field-text quform-field-3_10\" \/><\/div><\/div><\/div><\/div><\/div><div class=\"quform-element quform-element-column quform-element-3_9\"><div class=\"quform-element quform-element-text quform-element-3_11 quform-cf quform-element-required\"><div class=\"quform-spacer\"><div class=\"quform-label quform-label-3_11\"><label class=\"quform-label-text\" for=\"quform_3_11_947510\">Nom<span class=\"quform-required\">*<\/span><\/label><\/div><div class=\"quform-inner quform-inner-text quform-inner-3_11\"><div class=\"quform-input quform-input-text quform-input-3_11 quform-cf\"><input type=\"text\" id=\"quform_3_11_947510\" name=\"quform_3_11\" class=\"quform-field quform-field-text quform-field-3_11\" \/><\/div><\/div><\/div><\/div><\/div><\/div><div class=\"quform-element quform-element-row quform-element-row-3_12 quform-2-columns quform-element-row-size-fixed quform-responsive-columns-phone-landscape\"><div class=\"quform-element quform-element-column quform-element-3_13\"><div class=\"quform-element quform-element-email quform-element-3_22 quform-cf quform-element-required\"><div class=\"quform-spacer\"><div class=\"quform-label quform-label-3_22\"><label class=\"quform-label-text\" for=\"quform_3_22_947510\">Courriel<span class=\"quform-required\">*<\/span><\/label><\/div><div class=\"quform-inner quform-inner-email quform-inner-3_22\"><div class=\"quform-input quform-input-email quform-input-3_22 quform-cf\"><input type=\"email\" id=\"quform_3_22_947510\" name=\"quform_3_22\" class=\"quform-field quform-field-email quform-field-3_22\" \/><\/div><\/div><\/div><\/div><\/div><div class=\"quform-element quform-element-column quform-element-3_15\"><div class=\"quform-element quform-element-text quform-element-3_16 quform-cf quform-element-optional\"><div class=\"quform-spacer\"><div class=\"quform-label quform-label-3_16\"><label class=\"quform-label-text\" for=\"quform_3_16_947510\">T\u00e9l\u00e9phone<\/label><\/div><div class=\"quform-inner quform-inner-text quform-inner-3_16\"><div class=\"quform-input quform-input-text quform-input-3_16 quform-cf\"><input type=\"text\" id=\"quform_3_16_947510\" name=\"quform_3_16\" class=\"quform-field quform-field-text quform-field-3_16\" \/><\/div><\/div><\/div><\/div><\/div><\/div><div class=\"quform-element quform-element-text quform-element-3_17 quform-cf quform-element-required\"><div class=\"quform-spacer\"><div class=\"quform-label quform-label-3_17\"><label class=\"quform-label-text\" for=\"quform_3_17_947510\">\u00c2ge<span class=\"quform-required\">*<\/span><\/label><\/div><div class=\"quform-inner quform-inner-text quform-inner-3_17\"><p class=\"quform-description quform-description-above\">Veuillez saisir un nombre sup\u00e9rieur ou \u00e9gal \u00e0 16.<\/p><div class=\"quform-input quform-input-text quform-input-3_17 quform-cf\"><input type=\"text\" id=\"quform_3_17_947510\" name=\"quform_3_17\" class=\"quform-field quform-field-text quform-field-3_17\" \/><\/div><\/div><\/div><\/div><div class=\"quform-element quform-element-textarea quform-element-3_18 quform-cf quform-element-optional\"><div class=\"quform-spacer\"><div class=\"quform-label quform-label-3_18\"><label class=\"quform-label-text\" for=\"quform_3_18_947510\">Commentaires<\/label><\/div><div class=\"quform-inner quform-inner-textarea quform-inner-3_18\"><div class=\"quform-input quform-input-textarea quform-input-3_18 quform-cf\"><textarea id=\"quform_3_18_947510\" name=\"quform_3_18\" class=\"quform-field quform-field-textarea quform-field-3_18\"><\/textarea><\/div><\/div><\/div><\/div><\/div><\/div><\/div><div class=\"quform-element quform-element-group quform-element-3_19 quform-cf quform-group-style-plain\"><div class=\"quform-spacer\"><div class=\"quform-child-elements\"><div class=\"quform-element quform-element-radio quform-element-3_20 quform-cf quform-element-required\"><div class=\"quform-spacer\"><div class=\"quform-label quform-label-3_20\"><label class=\"quform-label-text\" id=\"quform_3_20_947510_label\">Est-ce que tu acceptes de r\u00e9pondre \u00e0 un court sondage sur la s\u00e9ance d\u2019information ?<span class=\"quform-required\">*<\/span><\/label><\/div><div class=\"quform-inner quform-inner-radio quform-inner-3_20\"><label id=\"quform_3_20_947510_sub_label_above\" class=\"quform-sub-label quform-sub-label-above\">On t'enverra un lien par courriel.<\/label><div class=\"quform-input quform-input-radio quform-input-3_20 quform-cf\"><div class=\"quform-options quform-cf quform-options-block quform-options-simple\" role=\"radiogroup\" aria-labelledby=\"quform_3_20_947510_label\"><div class=\"quform-option\"><input type=\"radio\" name=\"quform_3_20\" id=\"quform_3_20_947510_1\" class=\"quform-field quform-field-radio quform-field-3_20 quform-field-3_20_1\" value=\"Oui\" \/><label for=\"quform_3_20_947510_1\" class=\"quform-option-label quform-option-label-3_20_1\"><span class=\"quform-option-text\">Oui<\/span><\/label><\/div><div class=\"quform-option\"><input type=\"radio\" name=\"quform_3_20\" id=\"quform_3_20_947510_2\" class=\"quform-field quform-field-radio quform-field-3_20 quform-field-3_20_2\" value=\"Non\" \/><label for=\"quform_3_20_947510_2\" class=\"quform-option-label quform-option-label-3_20_2\"><span class=\"quform-option-text\">Non<\/span><\/label><\/div><\/div><\/div><\/div><\/div><\/div><div class=\"quform-element quform-element-email quform-element-3_21 quform-cf quform-element-required\"><div class=\"quform-spacer\"><div class=\"quform-label quform-label-3_21\"><label class=\"quform-label-text\" for=\"quform_3_21_947510\">Courriel<span class=\"quform-required\">*<\/span><\/label><\/div><div class=\"quform-inner quform-inner-email quform-inner-3_21\"><div class=\"quform-input quform-input-email quform-input-3_21 quform-cf\"><input type=\"email\" id=\"quform_3_21_947510\" name=\"quform_3_21\" class=\"quform-field quform-field-email quform-field-3_21\" \/><\/div><\/div><\/div><\/div><\/div><\/div><\/div><div class=\"quform-element quform-element-recaptcha quform-element-3_23 quform-cf quform-element-required\"><div class=\"quform-spacer\"><div class=\"quform-label quform-label-3_23\"><label class=\"quform-label-text\">\u00cates-vous humain ?<span class=\"quform-required\">*<\/span><\/label><\/div><div class=\"quform-inner quform-inner-recaptcha quform-inner-3_23\"><div class=\"quform-input quform-input-recaptcha quform-input-3_23 quform-cf\"><div class=\"quform-recaptcha\" data-config=\"{&quot;sitekey&quot;:&quot;6Ldg1fcZAAAAAIkTP82g40q012g0KzwmMCSZg1qU&quot;,&quot;_version&quot;:&quot;v2&quot;,&quot;size&quot;:&quot;normal&quot;,&quot;type&quot;:&quot;image&quot;,&quot;theme&quot;:&quot;light&quot;,&quot;badge&quot;:&quot;bottomright&quot;}\"><\/div><noscript><div><div style=\"width: 302px; height: 422px; position: relative;\"><div style=\"width: 302px; height: 422px; position: absolute;\"><iframe src=\"https:\/\/www.google.com\/recaptcha\/api\/fallback?k=6Ldg1fcZAAAAAIkTP82g40q012g0KzwmMCSZg1qU\" frameborder=\"0\" scrolling=\"no\" style=\"width: 302px; height:422px; border-style: none;\"><\/iframe><\/div><\/div><div style=\"width: 300px; height: 60px; border-style: none; bottom: 12px; left: 25px; margin: 0px; padding: 0px; right: 25px; background: #f9f9f9; border: 1px solid #c1c1c1; border-radius: 3px;\"><textarea name=\"g-recaptcha-response\" class=\"g-recaptcha-response\" style=\"width: 250px; height: 40px; border: 1px solid #c1c1c1; margin: 10px 25px; padding: 0px; resize: none;\" aria-hidden=\"true\"><\/textarea><\/div><\/div><\/noscript><\/div><\/div><\/div><\/div><div class=\"quform-element quform-element-submit quform-element-3_2 quform-cf quform-button-style-theme\"><div class=\"quform-button-submit quform-button-submit-default quform-button-submit-3_2\"><button name=\"quform_submit\" type=\"submit\" class=\"quform-submit\" value=\"submit\"><span class=\"quform-button-text quform-button-submit-text\">Send<\/span><\/button><\/div><div class=\"quform-loading quform-loading-position-left quform-loading-type-spinner-1\"><div class=\"quform-loading-inner\"><div class=\"quform-loading-spinner\"><div class=\"quform-loading-spinner-inner\"><\/div><\/div><\/div><\/div><\/div><div class=\"quform-element-tree\"><label for=\"quform_3_0_947510\">This field should be left blank<\/label><input type=\"text\" id=\"quform_3_0_947510\" name=\"quform_3_0\" class=\"quform-field quform-field-tree quform-field-3_0\" tabindex=\"-1\" autocomplete=\"off\" \/><\/div><\/div><\/div><\/div><\/div><\/form><\/div><\/div><div class=\"w-separator size_medium\"><\/div><div class=\"wpb_text_column\"><div class=\"wpb_wrapper\"><h2>RAPPEL : LE PROGRAMME D\u2019INSERTION D\u2019INSERTECH C\u2019EST\u00a0:<\/h2>\n<ul>\n<li>Formation et exp\u00e9rience de travail r\u00e9mun\u00e9r\u00e9e d\u2019une dur\u00e9e 6 mois en milieu technologique<\/li>\n<li>Soutien psychosocial et accompagnement dans les d\u00e9marches personnelles<\/li>\n<li>Formations personnelles et sociales favorisant l\u2019acquisition d\u2019habilet\u00e9s de travailleur.)<\/li>\n<li>Service d\u2019orientation et d\u2019information scolaire et professionnelle<\/li>\n<li>Programme complet d\u2019aide \u00e0 la recherche d\u2019emploi et \u00e0 l\u2019int\u00e9gration au march\u00e9 du travail<\/li>\n<li>Service structur\u00e9e d\u2019aide au retour aux \u00e9tudes<\/li>\n<li>Suivi individualis\u00e9 pendant 2 ans apr\u00e8s la fin du parcours<\/li>\n<\/ul>\n<\/div><\/div><\/div><\/div><\/div><\/div><\/section>\n","protected":false},"excerpt":{"rendered":"Programme d&#8217;insertion Inscription post-session d&#8217;information Inscris-toi! Merci d\u2019avoir particip\u00e9 \u00e0 la s\u00e9ance d\u2019information du\u00a0programme d\u2019insertion\u00a0d\u2019Insertech. ! Merci de r\u00e9pondre \u00e0 ces quelques questions : Date de la s\u00e9ance d'information*Es-tu int\u00e9ress\u00e9.e \u00e0 participer \u00e0 notre parcours d\u2019insertion ?*Si oui, tu seras contact\u00e9.e d\u2019ici 24 heures pour obtenir un rendez-vous.OuiNonPr\u00e9nom*Nom*Courriel*T\u00e9l\u00e9phone\u00c2ge*Veuillez saisir un nombre sup\u00e9rieur ou \u00e9gal \u00e0...","protected":false},"author":1,"featured_media":0,"parent":22166,"menu_order":0,"comment_status":"closed","ping_status":"closed","template":"","meta":{"_acf_changed":false,"footnotes":""},"class_list":["post-22160","page","type-page","status-publish","hentry"],"acf":[],"yoast_head":"\n<title>Inscription post-session d&#039;information | Insertech<\/title>\n<meta name=\"robots\" content=\"noindex, nofollow\" \/>\n<meta property=\"og:locale\" content=\"en_US\" \/>\n<meta property=\"og:type\" content=\"article\" \/>\n<meta property=\"og:title\" content=\"Inscription post-session d&#039;information | Insertech\" \/>\n<meta property=\"og:url\" content=\"https:\/\/insertech.ca\/en\/lp\/jeminscris\/\" \/>\n<meta property=\"og:site_name\" content=\"Insertech\" \/>\n<meta property=\"article:publisher\" content=\"https:\/\/www.facebook.com\/insertech.angus\" \/>\n<meta property=\"article:modified_time\" content=\"2024-04-17T14:57:03+00:00\" \/>\n<meta property=\"og:image\" content=\"https:\/\/insertech.ca\/uploads\/2024\/05\/Insertech-06.jpg\" \/>\n\t<meta property=\"og:image:width\" content=\"1024\" \/>\n\t<meta property=\"og:image:height\" content=\"681\" \/>\n\t<meta property=\"og:image:type\" content=\"image\/jpeg\" \/>\n<meta name=\"twitter:card\" content=\"summary_large_image\" \/>\n<meta name=\"twitter:site\" content=\"@insertech\" \/>\n<meta name=\"twitter:label1\" content=\"Est. reading time\" \/>\n\t<meta name=\"twitter:data1\" content=\"1 minute\" \/>\n<script type=\"application\/ld+json\" class=\"yoast-schema-graph\">{\"@context\":\"https:\\\/\\\/schema.org\",\"@graph\":[{\"@type\":\"WebPage\",\"@id\":\"https:\\\/\\\/insertech.ca\\\/en\\\/lp\\\/jeminscris\\\/\",\"url\":\"https:\\\/\\\/insertech.ca\\\/en\\\/lp\\\/jeminscris\\\/\",\"name\":\"Inscription post-session d'information | Insertech\",\"isPartOf\":{\"@id\":\"https:\\\/\\\/insertech.ca\\\/en\\\/#website\"},\"datePublished\":\"2024-02-01T20:14:47+00:00\",\"dateModified\":\"2024-04-17T14:57:03+00:00\",\"breadcrumb\":{\"@id\":\"https:\\\/\\\/insertech.ca\\\/en\\\/lp\\\/jeminscris\\\/#breadcrumb\"},\"inLanguage\":\"en-US\",\"potentialAction\":[{\"@type\":\"ReadAction\",\"target\":[\"https:\\\/\\\/insertech.ca\\\/en\\\/lp\\\/jeminscris\\\/\"]}]},{\"@type\":\"BreadcrumbList\",\"@id\":\"https:\\\/\\\/insertech.ca\\\/en\\\/lp\\\/jeminscris\\\/#breadcrumb\",\"itemListElement\":[{\"@type\":\"ListItem\",\"position\":1,\"name\":\"Accueil\",\"item\":\"https:\\\/\\\/insertech.ca\\\/en\\\/\"},{\"@type\":\"ListItem\",\"position\":2,\"name\":\"lp\",\"item\":\"https:\\\/\\\/insertech.ca\\\/en\\\/lp\\\/\"},{\"@type\":\"ListItem\",\"position\":3,\"name\":\"Inscription post-session d&#8217;information\"}]},{\"@type\":\"WebSite\",\"@id\":\"https:\\\/\\\/insertech.ca\\\/en\\\/#website\",\"url\":\"https:\\\/\\\/insertech.ca\\\/en\\\/\",\"name\":\"Insertech\",\"description\":\"Technos et engag\u00e9s\",\"publisher\":{\"@id\":\"https:\\\/\\\/insertech.ca\\\/en\\\/#organization\"},\"potentialAction\":[{\"@type\":\"SearchAction\",\"target\":{\"@type\":\"EntryPoint\",\"urlTemplate\":\"https:\\\/\\\/insertech.ca\\\/en\\\/?s={search_term_string}\"},\"query-input\":{\"@type\":\"PropertyValueSpecification\",\"valueRequired\":true,\"valueName\":\"search_term_string\"}}],\"inLanguage\":\"en-US\"},{\"@type\":\"Organization\",\"@id\":\"https:\\\/\\\/insertech.ca\\\/en\\\/#organization\",\"name\":\"Insertech\",\"alternateName\":\"Insertech\",\"url\":\"https:\\\/\\\/insertech.ca\\\/en\\\/\",\"logo\":{\"@type\":\"ImageObject\",\"inLanguage\":\"en-US\",\"@id\":\"https:\\\/\\\/insertech.ca\\\/en\\\/#\\\/schema\\\/logo\\\/image\\\/\",\"url\":\"https:\\\/\\\/insertech.ca\\\/wp-content\\\/uploads\\\/2023\\\/10\\\/logo-insertech-2022.svg\",\"contentUrl\":\"https:\\\/\\\/insertech.ca\\\/wp-content\\\/uploads\\\/2023\\\/10\\\/logo-insertech-2022.svg\",\"width\":\"1024\",\"height\":\"1024\",\"caption\":\"Insertech\"},\"image\":{\"@id\":\"https:\\\/\\\/insertech.ca\\\/en\\\/#\\\/schema\\\/logo\\\/image\\\/\"},\"sameAs\":[\"https:\\\/\\\/www.facebook.com\\\/insertech.angus\",\"https:\\\/\\\/x.com\\\/insertech\",\"http:\\\/\\\/www.linkedin.com\\\/company\\\/insertech-angus\",\"https:\\\/\\\/www.instagram.com\\\/insertechangus\\\/\"]}]}<\/script>\n","yoast_head_json":{"title":"Inscription post-session d'information | Insertech","robots":{"index":"noindex","follow":"nofollow"},"og_locale":"en_US","og_type":"article","og_title":"Inscription post-session d'information | Insertech","og_url":"https:\/\/insertech.ca\/en\/lp\/jeminscris\/","og_site_name":"Insertech","article_publisher":"https:\/\/www.facebook.com\/insertech.angus","article_modified_time":"2024-04-17T14:57:03+00:00","og_image":[{"width":1024,"height":681,"url":"https:\/\/insertech.ca\/uploads\/2024\/05\/Insertech-06.jpg","type":"image\/jpeg"}],"twitter_card":"summary_large_image","twitter_site":"@insertech","twitter_misc":{"Est. reading time":"1 minute"},"schema":{"@context":"https:\/\/schema.org","@graph":[{"@type":"WebPage","@id":"https:\/\/insertech.ca\/en\/lp\/jeminscris\/","url":"https:\/\/insertech.ca\/en\/lp\/jeminscris\/","name":"Inscription post-session d'information | Insertech","isPartOf":{"@id":"https:\/\/insertech.ca\/en\/#website"},"datePublished":"2024-02-01T20:14:47+00:00","dateModified":"2024-04-17T14:57:03+00:00","breadcrumb":{"@id":"https:\/\/insertech.ca\/en\/lp\/jeminscris\/#breadcrumb"},"inLanguage":"en-US","potentialAction":[{"@type":"ReadAction","target":["https:\/\/insertech.ca\/en\/lp\/jeminscris\/"]}]},{"@type":"BreadcrumbList","@id":"https:\/\/insertech.ca\/en\/lp\/jeminscris\/#breadcrumb","itemListElement":[{"@type":"ListItem","position":1,"name":"Accueil","item":"https:\/\/insertech.ca\/en\/"},{"@type":"ListItem","position":2,"name":"lp","item":"https:\/\/insertech.ca\/en\/lp\/"},{"@type":"ListItem","position":3,"name":"Inscription post-session d&#8217;information"}]},{"@type":"WebSite","@id":"https:\/\/insertech.ca\/en\/#website","url":"https:\/\/insertech.ca\/en\/","name":"Insertech","description":"Technos et engag\u00e9s","publisher":{"@id":"https:\/\/insertech.ca\/en\/#organization"},"potentialAction":[{"@type":"SearchAction","target":{"@type":"EntryPoint","urlTemplate":"https:\/\/insertech.ca\/en\/?s={search_term_string}"},"query-input":{"@type":"PropertyValueSpecification","valueRequired":true,"valueName":"search_term_string"}}],"inLanguage":"en-US"},{"@type":"Organization","@id":"https:\/\/insertech.ca\/en\/#organization","name":"Insertech","alternateName":"Insertech","url":"https:\/\/insertech.ca\/en\/","logo":{"@type":"ImageObject","inLanguage":"en-US","@id":"https:\/\/insertech.ca\/en\/#\/schema\/logo\/image\/","url":"https:\/\/insertech.ca\/uploads\/2023\/10\/logo-insertech-2022.svg","contentUrl":"https:\/\/insertech.ca\/uploads\/2023\/10\/logo-insertech-2022.svg","width":"1024","height":"1024","caption":"Insertech"},"image":{"@id":"https:\/\/insertech.ca\/en\/#\/schema\/logo\/image\/"},"sameAs":["https:\/\/www.facebook.com\/insertech.angus","https:\/\/x.com\/insertech","http:\/\/www.linkedin.com\/company\/insertech-angus","https:\/\/www.instagram.com\/insertechangus\/"]}]}},"_links":{"self":[{"href":"https:\/\/insertech.ca\/en\/wp-json\/wp\/v2\/pages\/22160","targetHints":{"allow":["GET"]}}],"collection":[{"href":"https:\/\/insertech.ca\/en\/wp-json\/wp\/v2\/pages"}],"about":[{"href":"https:\/\/insertech.ca\/en\/wp-json\/wp\/v2\/types\/page"}],"author":[{"embeddable":true,"href":"https:\/\/insertech.ca\/en\/wp-json\/wp\/v2\/users\/1"}],"replies":[{"embeddable":true,"href":"https:\/\/insertech.ca\/en\/wp-json\/wp\/v2\/comments?post=22160"}],"version-history":[{"count":0,"href":"https:\/\/insertech.ca\/en\/wp-json\/wp\/v2\/pages\/22160\/revisions"}],"up":[{"embeddable":true,"href":"https:\/\/insertech.ca\/en\/wp-json\/wp\/v2\/pages\/22166"}],"wp:attachment":[{"href":"https:\/\/insertech.ca\/en\/wp-json\/wp\/v2\/media?parent=22160"}],"curies":[{"name":"wp","href":"https:\/\/api.w.org\/{rel}","templated":true}]}}