{"id":22190,"date":"2023-10-02T10:47:09","date_gmt":"2023-10-02T14:47:09","guid":{"rendered":"https:\/\/insertech.org\/documents\/"},"modified":"2024-05-13T14:58:27","modified_gmt":"2024-05-13T18:58:27","slug":"documents","status":"publish","type":"page","link":"https:\/\/insertech.ca\/en\/about\/documents\/","title":{"rendered":"Documents"},"content":{"rendered":"<section class=\"l-section wpb_row us_custom_b23526b2 height_medium\"><div class=\"l-section-h i-cf\"><div class=\"g-cols vc_row via_grid cols_1 laptops-cols_inherit tablets-cols_inherit mobiles-cols_1 valign_top type_default stacking_default\"><div class=\"wpb_column vc_column_container\"><div class=\"vc_column-inner\"><div class=\"w-separator size_medium\"><\/div><div class=\"wpb_text_column us_custom_60e9caca us_animate_this\"><div class=\"wpb_wrapper\"><h1 style=\"text-align: center;\">Documents<\/h1>\n<\/div><\/div><div class=\"w-separator size_medium\"><\/div><\/div><\/div><\/div><\/div><\/section><section class=\"l-section wpb_row height_medium\"><div class=\"l-section-h i-cf\"><div class=\"g-cols vc_row via_grid cols_1 laptops-cols_inherit tablets-cols_inherit mobiles-cols_1 valign_top type_default stacking_default\"><div class=\"wpb_column vc_column_container\"><div class=\"vc_column-inner\"><div class=\"wpb_text_column\"><div class=\"wpb_wrapper\"><h2 style=\"text-align: center;\">Annual Reports<\/h2>\n<\/div><\/div><div class=\"w-separator size_large\"><\/div><div class=\"w-grid us_grid us_custom_f70d789f grid-rapports us_animate_this type_grid layout_612 cols_2 pagination_ajax preload_style_spinner with_css_animation\" id=\"us_grid_1\" style=\"--columns:2;--gap:1.5rem;\" data-filterable=\"true\"><style>@media (max-width:600px){#us_grid_1{--columns:1!important}}.layout_612 .w-grid-item-h{}.layout_612 .usg_post_title_1{color:var(--color-alt-content-primary)!important}<\/style><div class=\"w-grid-list\">\t<article class=\"w-grid-item us_animate_afb size_1x1 post-24805 rapports-dactivites type-rapports-dactivites status-publish has-post-thumbnail hentry\" data-id=\"24805\" style=\"animation-delay:0s\">\r\n\t\t<div class=\"w-grid-item-h\">\r\n\t\t\t\t\t\t<div class=\"w-vwrapper usg_vwrapper_1 modele-grille align_center valign_top\" style=\"--vwrapper-gap:0rem\"><div class=\"w-post-elm post_image usg_post_image_1 has_ratio\"><a title=\"Rapport annuel 2023-2024\" href=\"https:\/\/insertech.ca\/uploads\/2024\/12\/Rapport-Annuel-2023-2024-v3.pdf\" aria-label=\"2023-2024\"><img decoding=\"async\" width=\"1024\" height=\"771\" src=\"https:\/\/insertech.ca\/uploads\/2024\/12\/image-rapport-annuel-2024-siteweb-1024x771.jpg\" class=\"attachment-large size-large wp-post-image\" alt=\"\" \/><\/a><div style=\"padding-bottom:75%\"><\/div><\/div><h3 class=\"w-post-elm post_title usg_post_title_1 style-h4 has_text_color entry-title color_link_inherit\"><a target=\"_blank\" title=\"Rapport annuel 2023-2024\" href=\"https:\/\/insertech.ca\/uploads\/2024\/12\/Rapport-Annuel-2023-2024-v3.pdf\">2023-2024<\/a><\/h3><\/div>\t\t<\/div>\r\n\t\t\t<\/article>\r\n\t<article class=\"w-grid-item us_animate_afb size_1x1 post-22071 rapports-dactivites type-rapports-dactivites status-publish has-post-thumbnail hentry\" data-id=\"22071\" style=\"animation-delay:0.1s\">\r\n\t\t<div class=\"w-grid-item-h\">\r\n\t\t\t\t\t\t<div class=\"w-vwrapper usg_vwrapper_1 modele-grille align_center valign_top\" style=\"--vwrapper-gap:0rem\"><div class=\"w-post-elm post_image usg_post_image_1 has_ratio\"><a target=\"_blank\" href=\"https:\/\/insertech.ca\/uploads\/2023\/12\/RA-2022-2023-VERSION-WEB-2.2.pdf\" aria-label=\"2022-2023\"><img decoding=\"async\" width=\"1024\" height=\"793\" src=\"https:\/\/insertech.ca\/uploads\/2023\/12\/Rapport-annuel-2022-2023-1024x793.png\" class=\"attachment-large size-large wp-post-image\" alt=\"Rapport annuel 2022-2023\" \/><\/a><div style=\"padding-bottom:75%\"><\/div><\/div><h3 class=\"w-post-elm post_title usg_post_title_1 style-h4 has_text_color entry-title color_link_inherit\"><a target=\"_blank\" href=\"https:\/\/insertech.ca\/uploads\/2023\/12\/RA-2022-2023-VERSION-WEB-2.2.pdf\">2022-2023<\/a><\/h3><\/div>\t\t<\/div>\r\n\t\t\t<\/article>\r\n\t<article class=\"w-grid-item us_animate_afb size_1x1 post-640 rapports-dactivites type-rapports-dactivites status-publish has-post-thumbnail hentry\" data-id=\"640\" style=\"animation-delay:0.2s\">\r\n\t\t<div class=\"w-grid-item-h\">\r\n\t\t\t\t\t\t<div class=\"w-vwrapper usg_vwrapper_1 modele-grille align_center valign_top\" style=\"--vwrapper-gap:0rem\"><div class=\"w-post-elm post_image usg_post_image_1 has_ratio\"><a target=\"_blank\" href=\"https:\/\/insertech.ca\/uploads\/2023\/10\/insertech-rapport-2021-2022.pdf\" aria-label=\"2021-2022\"><img decoding=\"async\" width=\"300\" height=\"200\" src=\"https:\/\/insertech.ca\/uploads\/2023\/10\/insertech-rapport-2021-2022-300x200-1.jpeg\" class=\"attachment-large size-large wp-post-image\" alt=\"Rapport annuel 2021-2022\" \/><\/a><div style=\"padding-bottom:75%\"><\/div><\/div><h3 class=\"w-post-elm post_title usg_post_title_1 style-h4 has_text_color entry-title color_link_inherit\"><a target=\"_blank\" href=\"https:\/\/insertech.ca\/uploads\/2023\/10\/insertech-rapport-2021-2022.pdf\">2021-2022<\/a><\/h3><\/div>\t\t<\/div>\r\n\t\t\t<\/article>\r\n\t<article class=\"w-grid-item us_animate_afb size_1x1 post-639 rapports-dactivites type-rapports-dactivites status-publish has-post-thumbnail hentry\" data-id=\"639\" style=\"animation-delay:0.3s\">\r\n\t\t<div class=\"w-grid-item-h\">\r\n\t\t\t\t\t\t<div class=\"w-vwrapper usg_vwrapper_1 modele-grille align_center valign_top\" style=\"--vwrapper-gap:0rem\"><div class=\"w-post-elm post_image usg_post_image_1 has_ratio\"><a target=\"_blank\" href=\"https:\/\/insertech.ca\/uploads\/2023\/10\/insertech-rapport-2020-2021.pdf\" aria-label=\"2020-2021\"><img decoding=\"async\" width=\"336\" height=\"224\" src=\"https:\/\/insertech.ca\/uploads\/2023\/10\/insertech-rapport-2020-2021.jpeg\" class=\"attachment-large size-large wp-post-image\" alt=\"Rapport annuel 2020-2021\" \/><\/a><div style=\"padding-bottom:75%\"><\/div><\/div><h3 class=\"w-post-elm post_title usg_post_title_1 style-h4 has_text_color entry-title color_link_inherit\"><a target=\"_blank\" href=\"https:\/\/insertech.ca\/uploads\/2023\/10\/insertech-rapport-2020-2021.pdf\">2020-2021<\/a><\/h3><\/div>\t\t<\/div>\r\n\t\t\t<\/article>\r\n\t<article class=\"w-grid-item us_animate_afb size_1x1 post-638 rapports-dactivites type-rapports-dactivites status-publish has-post-thumbnail hentry\" data-id=\"638\" style=\"animation-delay:0s\">\r\n\t\t<div class=\"w-grid-item-h\">\r\n\t\t\t\t\t\t<div class=\"w-vwrapper usg_vwrapper_1 modele-grille align_center valign_top\" style=\"--vwrapper-gap:0rem\"><div class=\"w-post-elm post_image usg_post_image_1 has_ratio\"><a target=\"_blank\" href=\"https:\/\/insertech.ca\/uploads\/2023\/10\/insertech-rapport-2019-2020.pdf\" aria-label=\"2019-2020\"><img decoding=\"async\" width=\"336\" height=\"224\" src=\"https:\/\/insertech.ca\/uploads\/2023\/10\/insertech-rapport-2019-2020.jpeg\" class=\"attachment-large size-large wp-post-image\" alt=\"Rapport annuel 2019-2020\" \/><\/a><div style=\"padding-bottom:75%\"><\/div><\/div><h3 class=\"w-post-elm post_title usg_post_title_1 style-h4 has_text_color entry-title color_link_inherit\"><a target=\"_blank\" href=\"https:\/\/insertech.ca\/uploads\/2023\/10\/insertech-rapport-2019-2020.pdf\">2019-2020<\/a><\/h3><\/div>\t\t<\/div>\r\n\t\t\t<\/article>\r\n\t<article class=\"w-grid-item us_animate_afb size_1x1 post-637 rapports-dactivites type-rapports-dactivites status-publish has-post-thumbnail hentry\" data-id=\"637\" style=\"animation-delay:0.1s\">\r\n\t\t<div class=\"w-grid-item-h\">\r\n\t\t\t\t\t\t<div class=\"w-vwrapper usg_vwrapper_1 modele-grille align_center valign_top\" style=\"--vwrapper-gap:0rem\"><div class=\"w-post-elm post_image usg_post_image_1 has_ratio\"><a target=\"_blank\" href=\"https:\/\/insertech.ca\/uploads\/2023\/10\/insertech-rapport-2018-2019.pdf\" aria-label=\"2018-2019\"><img decoding=\"async\" width=\"1024\" height=\"683\" src=\"https:\/\/insertech.ca\/uploads\/2023\/10\/2018-2019-1024x683.jpeg\" class=\"attachment-large size-large wp-post-image\" alt=\"Rapport annuel 2018-2019\" \/><\/a><div style=\"padding-bottom:75%\"><\/div><\/div><h3 class=\"w-post-elm post_title usg_post_title_1 style-h4 has_text_color entry-title color_link_inherit\"><a target=\"_blank\" href=\"https:\/\/insertech.ca\/uploads\/2023\/10\/insertech-rapport-2018-2019.pdf\">2018-2019<\/a><\/h3><\/div>\t\t<\/div>\r\n\t\t\t<\/article>\r\n<\/div>\t<div class=\"w-grid-preloader\">\r\n\t\t<div class=\"g-preloader type_1\">\r\n\t\t\t<div><\/div>\r\n\t\t<\/div>\r\n\t<\/div>\r\n\t\t\t\t<div class=\"g-loadmore \">\r\n\t\t\t\t<div class=\"g-preloader type_1\">\r\n\t\t\t\t\t<div><\/div>\r\n\t\t\t\t<\/div>\r\n\t\t\t\t<button class=\"w-btn us-btn-style_1\">\r\n\t\t\t\t\t<span class=\"w-btn-label\">Voir plus<\/span>\r\n\t\t\t\t<\/button>\r\n\t\t\t<\/div>\r\n\t\t\t\t<div class=\"w-grid-json hidden\" onclick='return {&quot;action&quot;:&quot;us_ajax_grid&quot;,&quot;infinite_scroll&quot;:0,&quot;max_num_pages&quot;:3,&quot;pagination&quot;:&quot;ajax&quot;,&quot;template_vars&quot;:{&quot;columns&quot;:&quot;2&quot;,&quot;exclude_items&quot;:&quot;none&quot;,&quot;img_size&quot;:&quot;default&quot;,&quot;ignore_items_size&quot;:0,&quot;items_layout&quot;:&quot;612&quot;,&quot;items_offset&quot;:&quot;1&quot;,&quot;load_animation&quot;:&quot;afb&quot;,&quot;overriding_link&quot;:&quot;%7B%22url%22%3A%22%22%7D&quot;,&quot;post_id&quot;:0,&quot;query_args&quot;:{&quot;post_type&quot;:[&quot;rapports-dactivites&quot;],&quot;post_status&quot;:[&quot;publish&quot;,&quot;acf-disabled&quot;],&quot;posts_per_page&quot;:&quot;6&quot;},&quot;orderby_query_args&quot;:{&quot;orderby&quot;:{&quot;date&quot;:&quot;DESC&quot;}},&quot;type&quot;:&quot;grid&quot;,&quot;us_grid_post_type&quot;:&quot;rapports-dactivites&quot;,&quot;us_grid_ajax_index&quot;:1,&quot;us_grid_filter_query_string&quot;:null,&quot;us_grid_index&quot;:1,&quot;page_args&quot;:[],&quot;lang&quot;:&quot;en&quot;}}'><\/div>\r\n\t<\/div><\/div><\/div><\/div><\/div><\/section><section class=\"l-section wpb_row padding-inline-6 height_medium color_alternate\"><div class=\"l-section-h i-cf\"><div class=\"g-cols vc_row via_grid cols_1 laptops-cols_inherit tablets-cols_inherit mobiles-cols_1 valign_top type_default stacking_default\"><div class=\"wpb_column vc_column_container\"><div class=\"vc_column-inner\"><div class=\"wpb_text_column\"><div class=\"wpb_wrapper\"><h2 style=\"text-align: center;\">Other Documents<\/h2>\n<\/div><\/div><div class=\"w-separator size_large\"><\/div><div class=\"g-cols wpb_row us_custom_60e9caca rangee-autres-documents us_animate_this via_grid cols_1-3 laptops-cols_inherit tablets-cols_inherit mobiles-cols_1 valign_middle type_default stacking_default\" style=\"--columns-gap:3rem;\"><div class=\"wpb_column vc_column_container\"><div class=\"vc_column-inner\"><div class=\"w-image has_ratio align_none\"><div class=\"w-image-h\"><div style=\"padding-bottom:133.3333%\"><\/div><img decoding=\"async\" width=\"475\" height=\"612\" src=\"https:\/\/insertech.ca\/uploads\/2023\/10\/memoire-insertech-bape-residus-ultimes-2021.png\" class=\"attachment-large size-large\" alt=\"M\u00e9moire Insertech BAPE residus ultimes 2021\" loading=\"lazy\" \/><\/div><\/div><\/div><\/div><div class=\"wpb_column vc_column_container\"><div class=\"vc_column-inner\"><div class=\"wpb_text_column\"><div class=\"wpb_wrapper\"><h3>BAPE on the management of final residues &#8211; Insertech&#8217;s brief<\/h3>\n<p>In May 2021 Insertech submitted a brief to the BAPE on the long-term management of ultimate residues.<\/p>\n<p>We gave our recommendations to avoid electronic waste as well as the production of new devices.<\/p>\n<\/div><\/div><div class=\"w-separator size_medium\"><\/div><div class=\"w-btn-wrapper align_none\"><a class=\"w-btn us-btn-style_8\" target=\"_blank\" href=\"https:\/\/insertech.ca\/app\/wp-content\/wp-content\/uploads\/2023\/10\/memoire-insertech-bape-residus-ultimes-2021.pdf\"><span class=\"w-btn-label\">Consult the document<\/span><\/a><\/div><\/div><\/div><\/div><div class=\"w-separator size_large\"><\/div><div class=\"g-cols wpb_row us_custom_60e9caca rangee-autres-documents us_animate_this via_grid cols_1-3 laptops-cols_inherit tablets-cols_inherit mobiles-cols_1 valign_middle type_default stacking_default\" style=\"--columns-gap:3rem;\"><div class=\"wpb_column vc_column_container\"><div class=\"vc_column-inner\"><div class=\"w-image has_ratio align_none\"><div class=\"w-image-h\"><div style=\"padding-bottom:133.3333%\"><\/div><img decoding=\"async\" width=\"607\" height=\"788\" src=\"https:\/\/insertech.ca\/uploads\/2023\/10\/consultation-opc-reparabilite-durabilite.jpeg\" class=\"attachment-large size-large\" alt=\"Consultation OPC r\u00e9parabilit\u00e9 durabilit\u00e9\" loading=\"lazy\" \/><\/div><\/div><\/div><\/div><div class=\"wpb_column vc_column_container\"><div class=\"vc_column-inner\"><div class=\"wpb_text_column\"><div class=\"wpb_wrapper\"><h3>Consultation document &#8211; Durability and reparability of goods<\/h3>\n<p>In December 2019 Insertech took part in a consultation by the Office de la protection du consommateur (OPC) with the aim of revising the Consumer Protection Act &#8211; &#8220;loi sur la protection du consommateur&#8221; (LPC).<\/p>\n<p>We gave our comments on various issues concerning the durability of household appliances, their repairability and obsolescence.<\/p>\n<\/div><\/div><div class=\"w-separator size_medium\"><\/div><div class=\"w-btn-wrapper align_none\"><a class=\"w-btn us-btn-style_8\" target=\"_blank\" href=\"https:\/\/insertech.ca\/app\/wp-content\/wp-content\/uploads\/2023\/10\/INSERTECH-Doc_consultation_obsolescence-OPC-2019.pdf\"><span class=\"w-btn-label\">Consult the document<\/span><\/a><\/div><\/div><\/div><\/div><div class=\"w-separator size_large\"><\/div><div class=\"g-cols wpb_row us_custom_60e9caca rangee-autres-documents us_animate_this via_grid cols_1-3 laptops-cols_inherit tablets-cols_inherit mobiles-cols_1 valign_middle type_default stacking_default\" style=\"--columns-gap:3rem;\"><div class=\"wpb_column vc_column_container\"><div class=\"vc_column-inner\"><div class=\"w-image has_ratio align_none\"><div class=\"w-image-h\"><div style=\"padding-bottom:75%\"><\/div><img decoding=\"async\" width=\"519\" height=\"346\" src=\"https:\/\/insertech.ca\/uploads\/2023\/10\/analyse-cycle-vie-ordinateur-ciraig.jpeg\" class=\"attachment-large size-large\" alt=\"Analyse cycle de vie ordinateur CIRAIG\" loading=\"lazy\" \/><\/div><\/div><\/div><\/div><div class=\"wpb_column vc_column_container\"><div class=\"vc_column-inner\"><div class=\"wpb_text_column\"><div class=\"wpb_wrapper\"><h3>Life cycle analysis<\/h3>\n<p>This study, in which Insertech participated, quantifies the environmental impacts of two e-waste management options:<\/p>\n<p>1- ecological recycling and<br \/>\n2- computer reconditioning leading to reuse.<\/p>\n<p>Which of the two options do you think is the most environmentally friendly?<\/p>\n<\/div><\/div><div class=\"w-separator size_medium\"><\/div><div class=\"w-btn-wrapper align_none\"><a class=\"w-btn us-btn-style_8\" target=\"_blank\" href=\"https:\/\/insertech.ca\/app\/wp-content\/wp-content\/uploads\/2023\/10\/rapport-acv-2011.pdf\"><span class=\"w-btn-label\">Consult the document<\/span><\/a><\/div><\/div><\/div><\/div><\/div><\/div><\/div><\/div><\/section>\n","protected":false},"excerpt":{"rendered":"","protected":false},"author":1,"featured_media":0,"parent":22224,"menu_order":0,"comment_status":"closed","ping_status":"closed","template":"","meta":{"_acf_changed":false,"footnotes":""},"class_list":["post-22190","page","type-page","status-publish","hentry"],"acf":[],"yoast_head":"\n<title>Documents | Insertech<\/title>\n<meta name=\"description\" content=\"Consult the activity reports, the brief to the BAPE on the management of final residues and the consultation documents from Insertech.\" \/>\n<meta name=\"robots\" content=\"index, follow, max-snippet:-1, max-image-preview:large, max-video-preview:-1\" \/>\n<link rel=\"canonical\" href=\"https:\/\/insertech.ca\/en\/about\/documents\/\" \/>\n<meta property=\"og:locale\" content=\"en_US\" \/>\n<meta property=\"og:type\" content=\"article\" \/>\n<meta property=\"og:title\" content=\"Documents | Insertech\" \/>\n<meta property=\"og:description\" content=\"Consult the activity reports, the brief to the BAPE on the management of final residues and the consultation documents from Insertech.\" \/>\n<meta property=\"og:url\" content=\"https:\/\/insertech.ca\/en\/about\/documents\/\" \/>\n<meta property=\"og:site_name\" content=\"Insertech\" \/>\n<meta property=\"article:publisher\" content=\"https:\/\/www.facebook.com\/insertech.angus\" \/>\n<meta property=\"article:modified_time\" content=\"2024-05-13T18:58:27+00:00\" \/>\n<meta property=\"og:image\" content=\"https:\/\/insertech.ca\/uploads\/2024\/05\/Insertech-06.jpg\" \/>\n\t<meta property=\"og:image:width\" content=\"1024\" \/>\n\t<meta property=\"og:image:height\" content=\"681\" \/>\n\t<meta property=\"og:image:type\" content=\"image\/jpeg\" \/>\n<meta name=\"twitter:card\" content=\"summary_large_image\" \/>\n<meta name=\"twitter:site\" content=\"@insertech\" \/>\n<meta name=\"twitter:label1\" content=\"Est. reading time\" \/>\n\t<meta name=\"twitter:data1\" content=\"2 minutes\" \/>\n<script type=\"application\/ld+json\" class=\"yoast-schema-graph\">{\"@context\":\"https:\\\/\\\/schema.org\",\"@graph\":[{\"@type\":\"WebPage\",\"@id\":\"https:\\\/\\\/insertech.ca\\\/en\\\/about\\\/documents\\\/\",\"url\":\"https:\\\/\\\/insertech.ca\\\/en\\\/about\\\/documents\\\/\",\"name\":\"Documents | Insertech\",\"isPartOf\":{\"@id\":\"https:\\\/\\\/insertech.ca\\\/en\\\/#website\"},\"datePublished\":\"2023-10-02T14:47:09+00:00\",\"dateModified\":\"2024-05-13T18:58:27+00:00\",\"description\":\"Consult the activity reports, the brief to the BAPE on the management of final residues and the consultation documents from Insertech.\",\"breadcrumb\":{\"@id\":\"https:\\\/\\\/insertech.ca\\\/en\\\/about\\\/documents\\\/#breadcrumb\"},\"inLanguage\":\"en-US\",\"potentialAction\":[{\"@type\":\"ReadAction\",\"target\":[\"https:\\\/\\\/insertech.ca\\\/en\\\/about\\\/documents\\\/\"]}]},{\"@type\":\"BreadcrumbList\",\"@id\":\"https:\\\/\\\/insertech.ca\\\/en\\\/about\\\/documents\\\/#breadcrumb\",\"itemListElement\":[{\"@type\":\"ListItem\",\"position\":1,\"name\":\"Accueil\",\"item\":\"https:\\\/\\\/insertech.ca\\\/en\\\/\"},{\"@type\":\"ListItem\",\"position\":2,\"name\":\"About\",\"item\":\"https:\\\/\\\/insertech.ca\\\/en\\\/about\\\/\"},{\"@type\":\"ListItem\",\"position\":3,\"name\":\"Documents\"}]},{\"@type\":\"WebSite\",\"@id\":\"https:\\\/\\\/insertech.ca\\\/en\\\/#website\",\"url\":\"https:\\\/\\\/insertech.ca\\\/en\\\/\",\"name\":\"Insertech\",\"description\":\"Technos et engag\u00e9s\",\"publisher\":{\"@id\":\"https:\\\/\\\/insertech.ca\\\/en\\\/#organization\"},\"potentialAction\":[{\"@type\":\"SearchAction\",\"target\":{\"@type\":\"EntryPoint\",\"urlTemplate\":\"https:\\\/\\\/insertech.ca\\\/en\\\/?s={search_term_string}\"},\"query-input\":{\"@type\":\"PropertyValueSpecification\",\"valueRequired\":true,\"valueName\":\"search_term_string\"}}],\"inLanguage\":\"en-US\"},{\"@type\":\"Organization\",\"@id\":\"https:\\\/\\\/insertech.ca\\\/en\\\/#organization\",\"name\":\"Insertech\",\"alternateName\":\"Insertech\",\"url\":\"https:\\\/\\\/insertech.ca\\\/en\\\/\",\"logo\":{\"@type\":\"ImageObject\",\"inLanguage\":\"en-US\",\"@id\":\"https:\\\/\\\/insertech.ca\\\/en\\\/#\\\/schema\\\/logo\\\/image\\\/\",\"url\":\"https:\\\/\\\/insertech.ca\\\/wp-content\\\/uploads\\\/2023\\\/10\\\/logo-insertech-2022.svg\",\"contentUrl\":\"https:\\\/\\\/insertech.ca\\\/wp-content\\\/uploads\\\/2023\\\/10\\\/logo-insertech-2022.svg\",\"width\":\"1024\",\"height\":\"1024\",\"caption\":\"Insertech\"},\"image\":{\"@id\":\"https:\\\/\\\/insertech.ca\\\/en\\\/#\\\/schema\\\/logo\\\/image\\\/\"},\"sameAs\":[\"https:\\\/\\\/www.facebook.com\\\/insertech.angus\",\"https:\\\/\\\/x.com\\\/insertech\",\"http:\\\/\\\/www.linkedin.com\\\/company\\\/insertech-angus\",\"https:\\\/\\\/www.instagram.com\\\/insertechangus\\\/\"]}]}<\/script>\n","yoast_head_json":{"title":"Documents | Insertech","description":"Consult the activity reports, the brief to the BAPE on the management of final residues and the consultation documents from Insertech.","robots":{"index":"index","follow":"follow","max-snippet":"max-snippet:-1","max-image-preview":"max-image-preview:large","max-video-preview":"max-video-preview:-1"},"canonical":"https:\/\/insertech.ca\/en\/about\/documents\/","og_locale":"en_US","og_type":"article","og_title":"Documents | Insertech","og_description":"Consult the activity reports, the brief to the BAPE on the management of final residues and the consultation documents from Insertech.","og_url":"https:\/\/insertech.ca\/en\/about\/documents\/","og_site_name":"Insertech","article_publisher":"https:\/\/www.facebook.com\/insertech.angus","article_modified_time":"2024-05-13T18:58:27+00:00","og_image":[{"width":1024,"height":681,"url":"https:\/\/insertech.ca\/uploads\/2024\/05\/Insertech-06.jpg","type":"image\/jpeg"}],"twitter_card":"summary_large_image","twitter_site":"@insertech","twitter_misc":{"Est. reading time":"2 minutes"},"schema":{"@context":"https:\/\/schema.org","@graph":[{"@type":"WebPage","@id":"https:\/\/insertech.ca\/en\/about\/documents\/","url":"https:\/\/insertech.ca\/en\/about\/documents\/","name":"Documents | Insertech","isPartOf":{"@id":"https:\/\/insertech.ca\/en\/#website"},"datePublished":"2023-10-02T14:47:09+00:00","dateModified":"2024-05-13T18:58:27+00:00","description":"Consult the activity reports, the brief to the BAPE on the management of final residues and the consultation documents from Insertech.","breadcrumb":{"@id":"https:\/\/insertech.ca\/en\/about\/documents\/#breadcrumb"},"inLanguage":"en-US","potentialAction":[{"@type":"ReadAction","target":["https:\/\/insertech.ca\/en\/about\/documents\/"]}]},{"@type":"BreadcrumbList","@id":"https:\/\/insertech.ca\/en\/about\/documents\/#breadcrumb","itemListElement":[{"@type":"ListItem","position":1,"name":"Accueil","item":"https:\/\/insertech.ca\/en\/"},{"@type":"ListItem","position":2,"name":"About","item":"https:\/\/insertech.ca\/en\/about\/"},{"@type":"ListItem","position":3,"name":"Documents"}]},{"@type":"WebSite","@id":"https:\/\/insertech.ca\/en\/#website","url":"https:\/\/insertech.ca\/en\/","name":"Insertech","description":"Technos et engag\u00e9s","publisher":{"@id":"https:\/\/insertech.ca\/en\/#organization"},"potentialAction":[{"@type":"SearchAction","target":{"@type":"EntryPoint","urlTemplate":"https:\/\/insertech.ca\/en\/?s={search_term_string}"},"query-input":{"@type":"PropertyValueSpecification","valueRequired":true,"valueName":"search_term_string"}}],"inLanguage":"en-US"},{"@type":"Organization","@id":"https:\/\/insertech.ca\/en\/#organization","name":"Insertech","alternateName":"Insertech","url":"https:\/\/insertech.ca\/en\/","logo":{"@type":"ImageObject","inLanguage":"en-US","@id":"https:\/\/insertech.ca\/en\/#\/schema\/logo\/image\/","url":"https:\/\/insertech.ca\/uploads\/2023\/10\/logo-insertech-2022.svg","contentUrl":"https:\/\/insertech.ca\/uploads\/2023\/10\/logo-insertech-2022.svg","width":"1024","height":"1024","caption":"Insertech"},"image":{"@id":"https:\/\/insertech.ca\/en\/#\/schema\/logo\/image\/"},"sameAs":["https:\/\/www.facebook.com\/insertech.angus","https:\/\/x.com\/insertech","http:\/\/www.linkedin.com\/company\/insertech-angus","https:\/\/www.instagram.com\/insertechangus\/"]}]}},"_links":{"self":[{"href":"https:\/\/insertech.ca\/en\/wp-json\/wp\/v2\/pages\/22190","targetHints":{"allow":["GET"]}}],"collection":[{"href":"https:\/\/insertech.ca\/en\/wp-json\/wp\/v2\/pages"}],"about":[{"href":"https:\/\/insertech.ca\/en\/wp-json\/wp\/v2\/types\/page"}],"author":[{"embeddable":true,"href":"https:\/\/insertech.ca\/en\/wp-json\/wp\/v2\/users\/1"}],"replies":[{"embeddable":true,"href":"https:\/\/insertech.ca\/en\/wp-json\/wp\/v2\/comments?post=22190"}],"version-history":[{"count":0,"href":"https:\/\/insertech.ca\/en\/wp-json\/wp\/v2\/pages\/22190\/revisions"}],"up":[{"embeddable":true,"href":"https:\/\/insertech.ca\/en\/wp-json\/wp\/v2\/pages\/22224"}],"wp:attachment":[{"href":"https:\/\/insertech.ca\/en\/wp-json\/wp\/v2\/media?parent=22190"}],"curies":[{"name":"wp","href":"https:\/\/api.w.org\/{rel}","templated":true}]}}