{"id":22195,"date":"2023-10-02T10:44:24","date_gmt":"2023-10-02T14:44:24","guid":{"rendered":"https:\/\/insertech.org\/projets-speciaux\/"},"modified":"2024-04-17T11:56:00","modified_gmt":"2024-04-17T15:56:00","slug":"special-projects","status":"publish","type":"page","link":"https:\/\/insertech.ca\/en\/about\/special-projects\/","title":{"rendered":"Special projects"},"content":{"rendered":"<section class=\"l-section wpb_row us_custom_7867a827 has_text_color height_medium\"><div class=\"l-section-h i-cf\"><div class=\"g-cols vc_row via_grid cols_1 laptops-cols_inherit tablets-cols_inherit mobiles-cols_1 valign_top type_default stacking_default\"><div class=\"wpb_column vc_column_container\"><div class=\"vc_column-inner\"><div class=\"w-separator size_medium\"><\/div><div class=\"wpb_text_column us_custom_60e9caca us_animate_this\"><div class=\"wpb_wrapper\"><h1 style=\"text-align: center;\">Special Projects<\/h1>\n<\/div><\/div><div class=\"w-separator size_medium\"><\/div><\/div><\/div><\/div><\/div><\/section><section class=\"l-section wpb_row height_medium\"><div class=\"l-section-h i-cf\"><div class=\"g-cols vc_row via_grid cols_1 laptops-cols_inherit tablets-cols_inherit mobiles-cols_1 valign_top type_default stacking_default\"><div class=\"wpb_column vc_column_container\"><div class=\"vc_column-inner\"><div class=\"w-grid us_grid us_custom_f70d789f articles-events-projects-grid us_animate_this type_grid layout_284 cols_2 pagination_ajax preload_style_spinner with_css_animation\" id=\"us_grid_1\" style=\"--columns:2;--gap:1.5rem;\" data-filterable=\"true\"><style>@media (max-width:600px){#us_grid_1{--columns:1!important}}.layout_284 .w-grid-item-h{}.layout_284 .usg_post_image_1{box-shadow:0 0 20px 0 rgba(0,0,0,0.10)!important}.layout_284 .usg_post_title_1{color:var(--color-content-secondary)!important}<\/style><div class=\"w-grid-list\">\t<article class=\"w-grid-item us_animate_afb size_1x1 post-22320 projets type-projets status-publish has-post-thumbnail hentry categorie_projet-communaute-en categorie_projet-evenements-en\" data-id=\"22320\" style=\"animation-delay:0s\">\r\n\t\t<div class=\"w-grid-item-h\">\r\n\t\t\t\t\t\t\t<a href=\"https:\/\/insertech.ca\/en\/evenements-ateliers\/reparothons\/\" class=\"w-grid-item-anchor\" aria-label=\"Reparothons\"><\/a>\r\n\t\t\t\t\t\t<div class=\"w-vwrapper usg_vwrapper_1 modele-grille align_none valign_top\" style=\"--vwrapper-gap:0rem\"><div class=\"w-post-elm post_image usg_post_image_1 1 has_ratio\"><img decoding=\"async\" width=\"476\" height=\"317\" src=\"https:\/\/insertech.ca\/uploads\/2023\/12\/image-generique-reparothon.jpg\" class=\"attachment-large size-large wp-post-image\" alt=\"Icone r\u00e9parothon\" \/><div style=\"padding-bottom:66.6667%\"><\/div><\/div><p class=\"w-post-elm post_custom_field usg_post_custom_field_2 type_text annees color_link_inherit\"><span class=\"w-post-elm-value\">2015 - Present<\/span><\/p><h2 class=\"w-post-elm post_title usg_post_title_1 style-h3 has_text_color entry-title color_link_inherit\">Reparothons<\/h2><p class=\"w-post-elm post_custom_field usg_post_custom_field_1 type_text texte_resume color_link_inherit\"><p>Avoid obsolescence by participating in one of your free repair events, with passionate volunteers who will help you extend the life of your device!<\/p>\n<\/p><\/div>\t\t<\/div>\r\n\t\t\t<\/article>\r\n\t<article class=\"w-grid-item us_animate_afb size_1x1 post-22337 projets type-projets status-publish has-post-thumbnail hentry categorie_projet-communaute-en categorie_projet-cours-et-activites-en\" data-id=\"22337\" style=\"animation-delay:0.1s\">\r\n\t\t<div class=\"w-grid-item-h\">\r\n\t\t\t\t\t\t\t<a target=\"_blank\" href=\"https:\/\/aines.insertech.ca\/\" class=\"w-grid-item-anchor\" aria-label=\"Espace A\u00een\u00e9s\"><\/a>\r\n\t\t\t\t\t\t<div class=\"w-vwrapper usg_vwrapper_1 modele-grille align_none valign_top\" style=\"--vwrapper-gap:0rem\"><div class=\"w-post-elm post_image usg_post_image_1 1 has_ratio\"><img decoding=\"async\" width=\"1024\" height=\"683\" src=\"https:\/\/insertech.ca\/uploads\/2023\/12\/espace-aine-img-1024x683.jpg\" class=\"attachment-large size-large wp-post-image\" alt=\"Logo espace a\u00een\u00e9s fond blanc\" \/><div style=\"padding-bottom:66.6667%\"><\/div><\/div><p class=\"w-post-elm post_custom_field usg_post_custom_field_2 type_text annees color_link_inherit\"><span class=\"w-post-elm-value\">2020<\/span><\/p><h2 class=\"w-post-elm post_title usg_post_title_1 style-h3 has_text_color entry-title color_link_inherit\">Espace A\u00een\u00e9s<\/h2><p class=\"w-post-elm post_custom_field usg_post_custom_field_1 type_text texte_resume color_link_inherit\"><p>Are you a senior and would like to learn or improve your computer skills? This space is made for you !<\/p>\n<\/p><\/div>\t\t<\/div>\r\n\t\t\t<\/article>\r\n\t<article class=\"w-grid-item us_animate_afb size_1x1 post-22340 projets type-projets status-publish has-post-thumbnail hentry\" data-id=\"22340\" style=\"animation-delay:0.2s\">\r\n\t\t<div class=\"w-grid-item-h\">\r\n\t\t\t\t\t\t\t<a href=\"https:\/\/insertech.ca\/en\/digital-sustainability\/how-to-extend-the-life-of-your-computer\/\" class=\"w-grid-item-anchor\" aria-label=\"&#8220;How to extend the life of your computer&#8221; Guide\"><\/a>\r\n\t\t\t\t\t\t<div class=\"w-vwrapper usg_vwrapper_1 modele-grille align_none valign_top\" style=\"--vwrapper-gap:0rem\"><div class=\"w-post-elm post_image usg_post_image_1 1 has_ratio\"><img decoding=\"async\" width=\"900\" height=\"600\" src=\"https:\/\/insertech.ca\/uploads\/2023\/12\/image-generique-guide.jpg\" class=\"attachment-large size-large wp-post-image\" alt=\"Icone guide\" \/><div style=\"padding-bottom:66.6667%\"><\/div><\/div><p class=\"w-post-elm post_custom_field usg_post_custom_field_2 type_text annees color_link_inherit\"><span class=\"w-post-elm-value\">2020<\/span><\/p><h2 class=\"w-post-elm post_title usg_post_title_1 style-h3 has_text_color entry-title color_link_inherit\">&#8220;How to extend the life of your computer&#8221; Guide<\/h2><p class=\"w-post-elm post_custom_field usg_post_custom_field_1 type_text texte_resume color_link_inherit\"><p>Feeling hesitant about trying to improve your computer\u2019s performance yourself? We\u2019re here to reassure you: you\u2019re capable of doing it! This handy guide explains all the basic procedures with very clear tutorials.<\/p>\n<\/p><\/div>\t\t<\/div>\r\n\t\t\t<\/article>\r\n<\/div>\t<div class=\"w-grid-preloader\">\r\n\t\t<div class=\"g-preloader type_1\">\r\n\t\t\t<div><\/div>\r\n\t\t<\/div>\r\n\t<\/div>\r\n\t\t<div class=\"w-grid-json hidden\" onclick='return {&quot;action&quot;:&quot;us_ajax_grid&quot;,&quot;infinite_scroll&quot;:0,&quot;max_num_pages&quot;:1,&quot;pagination&quot;:&quot;ajax&quot;,&quot;template_vars&quot;:{&quot;columns&quot;:&quot;2&quot;,&quot;exclude_items&quot;:&quot;none&quot;,&quot;img_size&quot;:&quot;default&quot;,&quot;ignore_items_size&quot;:0,&quot;items_layout&quot;:&quot;284&quot;,&quot;items_offset&quot;:&quot;1&quot;,&quot;load_animation&quot;:&quot;afb&quot;,&quot;overriding_link&quot;:&quot;%7B%22type%22%3A%22custom_field%22%2C%22custom_field%22%3A%22lien_vers_la_page_existante_dun_projet%22%7D&quot;,&quot;post_id&quot;:0,&quot;query_args&quot;:{&quot;post_type&quot;:[&quot;projets&quot;],&quot;post_status&quot;:[&quot;publish&quot;,&quot;acf-disabled&quot;],&quot;posts_per_page&quot;:&quot;10&quot;},&quot;orderby_query_args&quot;:{&quot;orderby&quot;:{&quot;date&quot;:&quot;DESC&quot;}},&quot;type&quot;:&quot;grid&quot;,&quot;us_grid_post_type&quot;:&quot;projets&quot;,&quot;us_grid_ajax_index&quot;:1,&quot;us_grid_filter_query_string&quot;:null,&quot;us_grid_index&quot;:1,&quot;page_args&quot;:[],&quot;lang&quot;:&quot;en&quot;}}'><\/div>\r\n\t<\/div><\/div><\/div><\/div><\/div><\/section>\n","protected":false},"excerpt":{"rendered":"","protected":false},"author":1,"featured_media":0,"parent":22224,"menu_order":0,"comment_status":"closed","ping_status":"closed","template":"","meta":{"_acf_changed":false,"footnotes":""},"class_list":["post-22195","page","type-page","status-publish","hentry"],"acf":[],"yoast_head":"\n<title>Special projects | Insertech<\/title>\n<meta name=\"description\" content=\"Discover our special projects, including our R\u00e9parothons, our Espace A\u00een\u00e9 and our guide to extending the life of your computer.\" \/>\n<meta name=\"robots\" content=\"index, follow, max-snippet:-1, max-image-preview:large, max-video-preview:-1\" \/>\n<link rel=\"canonical\" href=\"https:\/\/insertech.ca\/en\/about\/special-projects\/\" \/>\n<meta property=\"og:locale\" content=\"en_US\" \/>\n<meta property=\"og:type\" content=\"article\" \/>\n<meta property=\"og:title\" content=\"Special projects | Insertech\" \/>\n<meta property=\"og:description\" content=\"Discover our special projects, including our R\u00e9parothons, our Espace A\u00een\u00e9 and our guide to extending the life of your computer.\" \/>\n<meta property=\"og:url\" content=\"https:\/\/insertech.ca\/en\/about\/special-projects\/\" \/>\n<meta property=\"og:site_name\" content=\"Insertech\" \/>\n<meta property=\"article:publisher\" content=\"https:\/\/www.facebook.com\/insertech.angus\" \/>\n<meta property=\"article:modified_time\" content=\"2024-04-17T15:56:00+00:00\" \/>\n<meta property=\"og:image\" content=\"https:\/\/insertech.ca\/uploads\/2024\/05\/Insertech-06.jpg\" \/>\n\t<meta property=\"og:image:width\" content=\"1024\" \/>\n\t<meta property=\"og:image:height\" content=\"681\" \/>\n\t<meta property=\"og:image:type\" content=\"image\/jpeg\" \/>\n<meta name=\"twitter:card\" content=\"summary_large_image\" \/>\n<meta name=\"twitter:site\" content=\"@insertech\" \/>\n<meta name=\"twitter:label1\" content=\"Est. reading time\" \/>\n\t<meta name=\"twitter:data1\" content=\"1 minute\" \/>\n<script type=\"application\/ld+json\" class=\"yoast-schema-graph\">{\"@context\":\"https:\\\/\\\/schema.org\",\"@graph\":[{\"@type\":\"WebPage\",\"@id\":\"https:\\\/\\\/insertech.ca\\\/en\\\/about\\\/special-projects\\\/\",\"url\":\"https:\\\/\\\/insertech.ca\\\/en\\\/about\\\/special-projects\\\/\",\"name\":\"Special projects | Insertech\",\"isPartOf\":{\"@id\":\"https:\\\/\\\/insertech.ca\\\/en\\\/#website\"},\"datePublished\":\"2023-10-02T14:44:24+00:00\",\"dateModified\":\"2024-04-17T15:56:00+00:00\",\"description\":\"Discover our special projects, including our R\u00e9parothons, our Espace A\u00een\u00e9 and our guide to extending the life of your computer.\",\"breadcrumb\":{\"@id\":\"https:\\\/\\\/insertech.ca\\\/en\\\/about\\\/special-projects\\\/#breadcrumb\"},\"inLanguage\":\"en-US\",\"potentialAction\":[{\"@type\":\"ReadAction\",\"target\":[\"https:\\\/\\\/insertech.ca\\\/en\\\/about\\\/special-projects\\\/\"]}]},{\"@type\":\"BreadcrumbList\",\"@id\":\"https:\\\/\\\/insertech.ca\\\/en\\\/about\\\/special-projects\\\/#breadcrumb\",\"itemListElement\":[{\"@type\":\"ListItem\",\"position\":1,\"name\":\"Accueil\",\"item\":\"https:\\\/\\\/insertech.ca\\\/en\\\/\"},{\"@type\":\"ListItem\",\"position\":2,\"name\":\"About\",\"item\":\"https:\\\/\\\/insertech.ca\\\/en\\\/about\\\/\"},{\"@type\":\"ListItem\",\"position\":3,\"name\":\"Special projects\"}]},{\"@type\":\"WebSite\",\"@id\":\"https:\\\/\\\/insertech.ca\\\/en\\\/#website\",\"url\":\"https:\\\/\\\/insertech.ca\\\/en\\\/\",\"name\":\"Insertech\",\"description\":\"Technos et engag\u00e9s\",\"publisher\":{\"@id\":\"https:\\\/\\\/insertech.ca\\\/en\\\/#organization\"},\"potentialAction\":[{\"@type\":\"SearchAction\",\"target\":{\"@type\":\"EntryPoint\",\"urlTemplate\":\"https:\\\/\\\/insertech.ca\\\/en\\\/?s={search_term_string}\"},\"query-input\":{\"@type\":\"PropertyValueSpecification\",\"valueRequired\":true,\"valueName\":\"search_term_string\"}}],\"inLanguage\":\"en-US\"},{\"@type\":\"Organization\",\"@id\":\"https:\\\/\\\/insertech.ca\\\/en\\\/#organization\",\"name\":\"Insertech\",\"alternateName\":\"Insertech\",\"url\":\"https:\\\/\\\/insertech.ca\\\/en\\\/\",\"logo\":{\"@type\":\"ImageObject\",\"inLanguage\":\"en-US\",\"@id\":\"https:\\\/\\\/insertech.ca\\\/en\\\/#\\\/schema\\\/logo\\\/image\\\/\",\"url\":\"https:\\\/\\\/insertech.ca\\\/wp-content\\\/uploads\\\/2023\\\/10\\\/logo-insertech-2022.svg\",\"contentUrl\":\"https:\\\/\\\/insertech.ca\\\/wp-content\\\/uploads\\\/2023\\\/10\\\/logo-insertech-2022.svg\",\"width\":\"1024\",\"height\":\"1024\",\"caption\":\"Insertech\"},\"image\":{\"@id\":\"https:\\\/\\\/insertech.ca\\\/en\\\/#\\\/schema\\\/logo\\\/image\\\/\"},\"sameAs\":[\"https:\\\/\\\/www.facebook.com\\\/insertech.angus\",\"https:\\\/\\\/x.com\\\/insertech\",\"http:\\\/\\\/www.linkedin.com\\\/company\\\/insertech-angus\",\"https:\\\/\\\/www.instagram.com\\\/insertechangus\\\/\"]}]}<\/script>\n","yoast_head_json":{"title":"Special projects | Insertech","description":"Discover our special projects, including our R\u00e9parothons, our Espace A\u00een\u00e9 and our guide to extending the life of your computer.","robots":{"index":"index","follow":"follow","max-snippet":"max-snippet:-1","max-image-preview":"max-image-preview:large","max-video-preview":"max-video-preview:-1"},"canonical":"https:\/\/insertech.ca\/en\/about\/special-projects\/","og_locale":"en_US","og_type":"article","og_title":"Special projects | Insertech","og_description":"Discover our special projects, including our R\u00e9parothons, our Espace A\u00een\u00e9 and our guide to extending the life of your computer.","og_url":"https:\/\/insertech.ca\/en\/about\/special-projects\/","og_site_name":"Insertech","article_publisher":"https:\/\/www.facebook.com\/insertech.angus","article_modified_time":"2024-04-17T15:56:00+00:00","og_image":[{"width":1024,"height":681,"url":"https:\/\/insertech.ca\/uploads\/2024\/05\/Insertech-06.jpg","type":"image\/jpeg"}],"twitter_card":"summary_large_image","twitter_site":"@insertech","twitter_misc":{"Est. reading time":"1 minute"},"schema":{"@context":"https:\/\/schema.org","@graph":[{"@type":"WebPage","@id":"https:\/\/insertech.ca\/en\/about\/special-projects\/","url":"https:\/\/insertech.ca\/en\/about\/special-projects\/","name":"Special projects | Insertech","isPartOf":{"@id":"https:\/\/insertech.ca\/en\/#website"},"datePublished":"2023-10-02T14:44:24+00:00","dateModified":"2024-04-17T15:56:00+00:00","description":"Discover our special projects, including our R\u00e9parothons, our Espace A\u00een\u00e9 and our guide to extending the life of your computer.","breadcrumb":{"@id":"https:\/\/insertech.ca\/en\/about\/special-projects\/#breadcrumb"},"inLanguage":"en-US","potentialAction":[{"@type":"ReadAction","target":["https:\/\/insertech.ca\/en\/about\/special-projects\/"]}]},{"@type":"BreadcrumbList","@id":"https:\/\/insertech.ca\/en\/about\/special-projects\/#breadcrumb","itemListElement":[{"@type":"ListItem","position":1,"name":"Accueil","item":"https:\/\/insertech.ca\/en\/"},{"@type":"ListItem","position":2,"name":"About","item":"https:\/\/insertech.ca\/en\/about\/"},{"@type":"ListItem","position":3,"name":"Special projects"}]},{"@type":"WebSite","@id":"https:\/\/insertech.ca\/en\/#website","url":"https:\/\/insertech.ca\/en\/","name":"Insertech","description":"Technos et engag\u00e9s","publisher":{"@id":"https:\/\/insertech.ca\/en\/#organization"},"potentialAction":[{"@type":"SearchAction","target":{"@type":"EntryPoint","urlTemplate":"https:\/\/insertech.ca\/en\/?s={search_term_string}"},"query-input":{"@type":"PropertyValueSpecification","valueRequired":true,"valueName":"search_term_string"}}],"inLanguage":"en-US"},{"@type":"Organization","@id":"https:\/\/insertech.ca\/en\/#organization","name":"Insertech","alternateName":"Insertech","url":"https:\/\/insertech.ca\/en\/","logo":{"@type":"ImageObject","inLanguage":"en-US","@id":"https:\/\/insertech.ca\/en\/#\/schema\/logo\/image\/","url":"https:\/\/insertech.ca\/uploads\/2023\/10\/logo-insertech-2022.svg","contentUrl":"https:\/\/insertech.ca\/uploads\/2023\/10\/logo-insertech-2022.svg","width":"1024","height":"1024","caption":"Insertech"},"image":{"@id":"https:\/\/insertech.ca\/en\/#\/schema\/logo\/image\/"},"sameAs":["https:\/\/www.facebook.com\/insertech.angus","https:\/\/x.com\/insertech","http:\/\/www.linkedin.com\/company\/insertech-angus","https:\/\/www.instagram.com\/insertechangus\/"]}]}},"_links":{"self":[{"href":"https:\/\/insertech.ca\/en\/wp-json\/wp\/v2\/pages\/22195","targetHints":{"allow":["GET"]}}],"collection":[{"href":"https:\/\/insertech.ca\/en\/wp-json\/wp\/v2\/pages"}],"about":[{"href":"https:\/\/insertech.ca\/en\/wp-json\/wp\/v2\/types\/page"}],"author":[{"embeddable":true,"href":"https:\/\/insertech.ca\/en\/wp-json\/wp\/v2\/users\/1"}],"replies":[{"embeddable":true,"href":"https:\/\/insertech.ca\/en\/wp-json\/wp\/v2\/comments?post=22195"}],"version-history":[{"count":0,"href":"https:\/\/insertech.ca\/en\/wp-json\/wp\/v2\/pages\/22195\/revisions"}],"up":[{"embeddable":true,"href":"https:\/\/insertech.ca\/en\/wp-json\/wp\/v2\/pages\/22224"}],"wp:attachment":[{"href":"https:\/\/insertech.ca\/en\/wp-json\/wp\/v2\/media?parent=22195"}],"curies":[{"name":"wp","href":"https:\/\/api.w.org\/{rel}","templated":true}]}}