{"id":22202,"date":"2023-10-02T10:40:55","date_gmt":"2023-10-02T14:40:55","guid":{"rendered":"https:\/\/insertech.org\/evenements-et-ateliers\/"},"modified":"2024-05-16T15:26:55","modified_gmt":"2024-05-16T19:26:55","slug":"events-and-workshops","status":"publish","type":"page","link":"https:\/\/insertech.ca\/en\/events-and-workshops\/","title":{"rendered":"Events and Workshops"},"content":{"rendered":"<section class=\"l-section wpb_row us_custom_59029db1 height_medium\"><div class=\"l-section-h i-cf\"><div class=\"g-cols vc_row via_grid cols_1 laptops-cols_inherit tablets-cols_inherit mobiles-cols_1 valign_top type_default stacking_default\"><div class=\"wpb_column vc_column_container\"><div class=\"vc_column-inner\"><div class=\"w-separator size_medium\"><\/div><div class=\"wpb_text_column us_custom_60e9caca us_animate_this\"><div class=\"wpb_wrapper\"><h1 style=\"text-align: center;\">Events and Workshops<\/h1>\n<\/div><\/div><div class=\"w-separator size_medium\"><\/div><div class=\"w-popup align_none\"><span  class=\"w-popup-trigger type_load\" data-options=\"{&quot;delay&quot;:5}\"><\/span><div class=\"w-popup-overlay\" style=\"background:rgba(0,0,0,0.70);\"><\/div><div class=\"w-popup-wrap layout_default\" role=\"dialog\" aria-modal=\"true\" aria-label=\"Popup\" style=\"--title-color:var(--color-content-heading);--title-bg-color:var(--color-content-bg-alt);--content-color:var(--color-content-text);--content-bg-color:var(--color-content-bg);--popup-width:600px;--popup-padding:2.5rem;\"><button aria-label=\"Close\" class=\"w-popup-closer\" type=\"button\"><\/button><div class=\"w-popup-box animation_fadeIn closerpos_outside without_title\"><div class=\"w-popup-box-h\"><div class=\"w-popup-box-content\"><h2 class=\"style-h3 green-title\">Don&#8217;t Miss Our Latest Activities, Courses, and Workshops<\/h2>\n<p>Sign up for our newsletter to stay informed!<\/p>\n<p><a class=\"w-btn us-btn-style_3\" href=\"\/en\/newsletter\" rel=\"noopener\">Sign me up<\/a><\/p>\n<\/div><\/div><\/div><\/div><\/div><\/div><\/div><\/div><\/div><\/section><section class=\"l-section wpb_row height_large\"><div class=\"l-section-h i-cf\"><div class=\"g-cols vc_row via_grid cols_1 laptops-cols_inherit tablets-cols_inherit mobiles-cols_1 valign_top type_default stacking_default\"><div class=\"wpb_column vc_column_container\"><div class=\"vc_column-inner\"><div class=\"w-grid us_grid us_custom_f70d789f articles-events-projects-grid us_animate_this type_grid layout_366 cols_2 pagination_ajax preload_style_spinner with_css_animation\" id=\"us_grid_1\" style=\"--columns:2;--gap:1.5rem;\" data-filterable=\"true\"><style>@media (max-width:600px){#us_grid_1{--columns:1!important}}.layout_366 .w-grid-item-h{}<\/style><div class=\"w-grid-list\">\t<article class=\"w-grid-item us_animate_afb size_1x1 post-22283 evenements-ateliers type-evenements-ateliers status-publish has-post-thumbnail hentry\" data-id=\"22283\" style=\"animation-delay:0s\">\r\n\t\t<div class=\"w-grid-item-h\">\r\n\t\t\t\t\t\t<div class=\"w-vwrapper usg_vwrapper_1 modele-grille align_none valign_top\" style=\"--vwrapper-gap:0rem\"><div class=\"w-post-elm post_image usg_post_image_1 has_ratio\"><a href=\"https:\/\/insertech.ca\/en\/events-workshops\/restart-parties\/\" aria-label=\"R\u00e9parothons\"><img decoding=\"async\" width=\"637\" height=\"415\" src=\"https:\/\/insertech.ca\/uploads\/2023\/10\/Reparothon-2024.jpg\" class=\"attachment-large size-large wp-post-image\" alt=\"\" \/><\/a><div style=\"padding-bottom:66.6667%\"><\/div><\/div><h2 class=\"w-post-elm post_title usg_post_title_1 style-h3 entry-title color_link_inherit\"><a href=\"https:\/\/insertech.ca\/en\/events-workshops\/restart-parties\/\">R\u00e9parothons<\/a><\/h2><p class=\"w-post-elm post_custom_field usg_post_custom_field_1 type_text resume_de_levenements_ou_de_latelier color_link_inherit\"><span class=\"w-post-elm-value\">Beat obsolescence by taking part in one of our free repair events, with passionate volunteers who will help you extend the life of your device!<\/span><\/p><\/div>\t\t<\/div>\r\n\t\t\t<\/article>\r\n\t<article class=\"w-grid-item us_animate_afb size_1x1 post-23904 evenements-ateliers type-evenements-ateliers status-publish has-post-thumbnail hentry\" data-id=\"23904\" style=\"animation-delay:0.1s\">\r\n\t\t<div class=\"w-grid-item-h\">\r\n\t\t\t\t\t\t<div class=\"w-vwrapper usg_vwrapper_1 modele-grille align_none valign_top\" style=\"--vwrapper-gap:0rem\"><div class=\"w-post-elm post_image usg_post_image_1 has_ratio\"><a href=\"https:\/\/insertech.ca\/en\/events-workshops\/reparothons-pro\/\" aria-label=\"A R\u00e9parothon on your premises\"><img decoding=\"async\" width=\"637\" height=\"415\" src=\"https:\/\/insertech.ca\/uploads\/2024\/05\/reparothon-dansvoslocaux-2024.jpg\" class=\"attachment-large size-large wp-post-image\" alt=\"\" \/><\/a><div style=\"padding-bottom:66.6667%\"><\/div><\/div><h2 class=\"w-post-elm post_title usg_post_title_1 style-h3 entry-title color_link_inherit\"><a href=\"https:\/\/insertech.ca\/en\/events-workshops\/reparothons-pro\/\">A R\u00e9parothon on your premises<\/a><\/h2><p class=\"w-post-elm post_custom_field usg_post_custom_field_1 type_text resume_de_levenements_ou_de_latelier color_link_inherit\"><span class=\"w-post-elm-value\">Are you a company, organization or institution in the Greater Montreal area? We can co-organize a R\u00e9parothon with you, on your premises, for your employees, students, members or local community.<\/span><\/p><\/div>\t\t<\/div>\r\n\t\t\t<\/article>\r\n\t<article class=\"w-grid-item us_animate_afb size_1x1 post-24062 evenements-ateliers type-evenements-ateliers status-publish has-post-thumbnail hentry\" data-id=\"24062\" style=\"animation-delay:0.2s\">\r\n\t\t<div class=\"w-grid-item-h\">\r\n\t\t\t\t\t\t<div class=\"w-vwrapper usg_vwrapper_1 modele-grille align_none valign_top\" style=\"--vwrapper-gap:0rem\"><div class=\"w-post-elm post_image usg_post_image_1 has_ratio\"><a href=\"https:\/\/insertech.ca\/en\/events-workshops\/reparothon-youth\/\" aria-label=\"Youth R\u00e9parothons\"><img decoding=\"async\" width=\"637\" height=\"415\" src=\"https:\/\/insertech.ca\/uploads\/2024\/05\/reparothon-jeunesse-2024.jpg\" class=\"attachment-large size-large wp-post-image\" alt=\"\" \/><\/a><div style=\"padding-bottom:66.6667%\"><\/div><\/div><h2 class=\"w-post-elm post_title usg_post_title_1 style-h3 entry-title color_link_inherit\"><a href=\"https:\/\/insertech.ca\/en\/events-workshops\/reparothon-youth\/\">Youth R\u00e9parothons<\/a><\/h2><p class=\"w-post-elm post_custom_field usg_post_custom_field_1 type_text resume_de_levenements_ou_de_latelier color_link_inherit\"><span class=\"w-post-elm-value\">A Youth R\u00e9parothon is a free repair event at a high school, CEGEP or university, where young volunteers help other students repair their electronic devices to extend their life.<\/span><\/p><\/div>\t\t<\/div>\r\n\t\t\t<\/article>\r\n\t<article class=\"w-grid-item us_animate_afb size_1x1 post-25444 evenements-ateliers type-evenements-ateliers status-publish has-post-thumbnail hentry\" data-id=\"25444\" style=\"animation-delay:0.3s\">\r\n\t\t<div class=\"w-grid-item-h\">\r\n\t\t\t\t\t\t<div class=\"w-vwrapper usg_vwrapper_1 modele-grille align_none valign_top\" style=\"--vwrapper-gap:0rem\"><div class=\"w-post-elm post_image usg_post_image_1 has_ratio\"><a href=\"https:\/\/insertech.ca\/en\/events-workshops\/semaine-du-numerique-responsable-2025\/\" aria-label=\"Semaine du Num\u00e9rique Responsable\"><img decoding=\"async\" width=\"1024\" height=\"507\" src=\"https:\/\/insertech.ca\/uploads\/2025\/04\/snr-2025-web-3-1024x507.png\" class=\"attachment-large size-large wp-post-image\" alt=\"\" \/><\/a><div style=\"padding-bottom:66.6667%\"><\/div><\/div><h2 class=\"w-post-elm post_title usg_post_title_1 style-h3 entry-title color_link_inherit\"><a href=\"https:\/\/insertech.ca\/en\/events-workshops\/semaine-du-numerique-responsable-2025\/\">Semaine du Num\u00e9rique Responsable<\/a><\/h2><p class=\"w-post-elm post_custom_field usg_post_custom_field_1 type_text resume_de_levenements_ou_de_latelier color_link_inherit\"><span class=\"w-post-elm-value\">Du 3 juin au 11 juin aura lieu la semaine du Num\u00e9rique Responsable chez INSERTECH. Pour l'occasion, notre \u00e9quipe vous a concoct\u00e9 un ensemble d'activit\u00e9s ainsi que de belles promotions lors d'une nouvelle vente d'entrep\u00f4t !<\/span><\/p><\/div>\t\t<\/div>\r\n\t\t\t<\/article>\r\n\t<article class=\"w-grid-item us_animate_afb size_1x1 post-26405 evenements-ateliers type-evenements-ateliers status-publish has-post-thumbnail hentry\" data-id=\"26405\" style=\"animation-delay:0s\">\r\n\t\t<div class=\"w-grid-item-h\">\r\n\t\t\t\t\t\t<div class=\"w-vwrapper usg_vwrapper_1 modele-grille align_none valign_top\" style=\"--vwrapper-gap:0rem\"><div class=\"w-post-elm post_image usg_post_image_1 has_ratio\"><a href=\"https:\/\/insertech.ca\/en\/events-workshops\/installfest-linux-sur-votre-ordinateur\/\" aria-label=\"InstallFest : Linux sur votre ordinateur\"><img decoding=\"async\" width=\"1024\" height=\"576\" src=\"https:\/\/insertech.ca\/uploads\/2025\/06\/reparothon-cegep-maisonneuve-2025-1024x576.jpg\" class=\"attachment-large size-large wp-post-image\" alt=\"\" \/><\/a><div style=\"padding-bottom:66.6667%\"><\/div><\/div><h2 class=\"w-post-elm post_title usg_post_title_1 style-h3 entry-title color_link_inherit\"><a href=\"https:\/\/insertech.ca\/en\/events-workshops\/installfest-linux-sur-votre-ordinateur\/\">InstallFest : Linux sur votre ordinateur<\/a><\/h2><p class=\"w-post-elm post_custom_field usg_post_custom_field_1 type_text resume_de_levenements_ou_de_latelier color_link_inherit\"><span class=\"w-post-elm-value\">Pour les ordinateurs achet\u00e9s chez Insertech qui ne sont pas compatibles avec Windows 11 nous organisons un atelier gratuit d\u2019installation de Linux<\/span><\/p><\/div>\t\t<\/div>\r\n\t\t\t<\/article>\r\n<\/div>\t<div class=\"w-grid-preloader\">\r\n\t\t<div class=\"g-preloader type_1\">\r\n\t\t\t<div><\/div>\r\n\t\t<\/div>\r\n\t<\/div>\r\n\t\t<div class=\"w-grid-json hidden\" onclick='return {&quot;action&quot;:&quot;us_ajax_grid&quot;,&quot;infinite_scroll&quot;:0,&quot;max_num_pages&quot;:1,&quot;pagination&quot;:&quot;ajax&quot;,&quot;template_vars&quot;:{&quot;columns&quot;:&quot;2&quot;,&quot;exclude_items&quot;:&quot;none&quot;,&quot;img_size&quot;:&quot;default&quot;,&quot;ignore_items_size&quot;:0,&quot;items_layout&quot;:&quot;366&quot;,&quot;items_offset&quot;:&quot;1&quot;,&quot;load_animation&quot;:&quot;afb&quot;,&quot;overriding_link&quot;:&quot;%7B%22url%22%3A%22%22%7D&quot;,&quot;post_id&quot;:0,&quot;query_args&quot;:{&quot;post_type&quot;:[&quot;evenements-ateliers&quot;],&quot;post_status&quot;:[&quot;publish&quot;,&quot;acf-disabled&quot;],&quot;posts_per_page&quot;:&quot;10&quot;},&quot;orderby_query_args&quot;:{&quot;orderby&quot;:{&quot;date&quot;:&quot;ASC&quot;}},&quot;type&quot;:&quot;grid&quot;,&quot;us_grid_post_type&quot;:&quot;evenements-ateliers&quot;,&quot;us_grid_ajax_index&quot;:1,&quot;us_grid_filter_query_string&quot;:null,&quot;us_grid_index&quot;:1,&quot;page_args&quot;:[],&quot;lang&quot;:&quot;en&quot;}}'><\/div>\r\n\t<\/div><\/div><\/div><\/div><\/div><\/section><section class=\"l-section wpb_row us_custom_0abff90e padding-inline-6 has_text_color height_medium\"><div class=\"l-section-h i-cf\"><div class=\"g-cols vc_row via_grid cols_1 laptops-cols_inherit tablets-cols_inherit mobiles-cols_1 valign_middle type_default stacking_default\"><div class=\"wpb_column vc_column_container\"><div class=\"vc_column-inner\"><div class=\"wpb_text_column style-h3\"><div class=\"wpb_wrapper\"><h2 style=\"text-align: center;\">Take a look at our Special Projects!<\/h2>\n<\/div><\/div><div class=\"w-separator size_medium\"><\/div><div class=\"w-btn-wrapper align_center\"><a class=\"w-btn us-btn-style_4\" href=\"\/en\/about\/special-projects\/\"><span class=\"w-btn-label\">Learn more<\/span><\/a><\/div><\/div><\/div><\/div><\/div><\/section>\n","protected":false},"excerpt":{"rendered":"Installfest : Linux sur votre ordinateur Pour les ordinateurs achet\u00e9s chez Insertech qui ne sont pas compatibles avec Windows 11 nous allons organiser un atelier gratuit d\u2019installation de Linux. Inscrivez-vous d\u00e8s maintenant pour participer : merc15oct2:00 pm7:00 pmInstallFest - mettez Linux sur votre ordinateurFin du support de Windows 1036 Participant.e.s D\u00e9tails de l'\u00e9v\u00e9nementPour toutes celles...","protected":false},"author":1,"featured_media":0,"parent":0,"menu_order":0,"comment_status":"closed","ping_status":"closed","template":"","meta":{"_acf_changed":false,"footnotes":""},"class_list":["post-22202","page","type-page","status-publish","hentry"],"acf":[],"yoast_head":"\n<title>Events and Workshops | Insertech<\/title>\n<meta name=\"description\" content=\"Don\u2019t miss the latest activities, courses and workshops by staying on the lookout for events offered by Insertech.\" \/>\n<meta name=\"robots\" content=\"index, follow, max-snippet:-1, max-image-preview:large, max-video-preview:-1\" \/>\n<link rel=\"canonical\" href=\"https:\/\/insertech.ca\/en\/events-and-workshops\/\" \/>\n<meta property=\"og:locale\" content=\"en_US\" \/>\n<meta property=\"og:type\" content=\"article\" \/>\n<meta property=\"og:title\" content=\"Events and Workshops | Insertech\" \/>\n<meta property=\"og:description\" content=\"Don\u2019t miss the latest activities, courses and workshops by staying on the lookout for events offered by Insertech.\" \/>\n<meta property=\"og:url\" content=\"https:\/\/insertech.ca\/en\/events-and-workshops\/\" \/>\n<meta property=\"og:site_name\" content=\"Insertech\" \/>\n<meta property=\"article:publisher\" content=\"https:\/\/www.facebook.com\/insertech.angus\" \/>\n<meta property=\"article:modified_time\" content=\"2024-05-16T19:26:55+00:00\" \/>\n<meta property=\"og:image\" content=\"https:\/\/insertech.ca\/uploads\/2024\/05\/Insertech-06.jpg\" \/>\n\t<meta property=\"og:image:width\" content=\"1024\" \/>\n\t<meta property=\"og:image:height\" content=\"681\" \/>\n\t<meta property=\"og:image:type\" content=\"image\/jpeg\" \/>\n<meta name=\"twitter:card\" content=\"summary_large_image\" \/>\n<meta name=\"twitter:site\" content=\"@insertech\" \/>\n<meta name=\"twitter:label1\" content=\"Est. reading time\" \/>\n\t<meta name=\"twitter:data1\" content=\"1 minute\" \/>\n<script type=\"application\/ld+json\" class=\"yoast-schema-graph\">{\"@context\":\"https:\\\/\\\/schema.org\",\"@graph\":[{\"@type\":\"WebPage\",\"@id\":\"https:\\\/\\\/insertech.ca\\\/en\\\/events-and-workshops\\\/\",\"url\":\"https:\\\/\\\/insertech.ca\\\/en\\\/events-and-workshops\\\/\",\"name\":\"Events and Workshops | Insertech\",\"isPartOf\":{\"@id\":\"https:\\\/\\\/insertech.ca\\\/en\\\/#website\"},\"datePublished\":\"2023-10-02T14:40:55+00:00\",\"dateModified\":\"2024-05-16T19:26:55+00:00\",\"description\":\"Don\u2019t miss the latest activities, courses and workshops by staying on the lookout for events offered by Insertech.\",\"breadcrumb\":{\"@id\":\"https:\\\/\\\/insertech.ca\\\/en\\\/events-and-workshops\\\/#breadcrumb\"},\"inLanguage\":\"en-US\",\"potentialAction\":[{\"@type\":\"ReadAction\",\"target\":[\"https:\\\/\\\/insertech.ca\\\/en\\\/events-and-workshops\\\/\"]}]},{\"@type\":\"BreadcrumbList\",\"@id\":\"https:\\\/\\\/insertech.ca\\\/en\\\/events-and-workshops\\\/#breadcrumb\",\"itemListElement\":[{\"@type\":\"ListItem\",\"position\":1,\"name\":\"Accueil\",\"item\":\"https:\\\/\\\/insertech.ca\\\/en\\\/\"},{\"@type\":\"ListItem\",\"position\":2,\"name\":\"Events and Workshops\"}]},{\"@type\":\"WebSite\",\"@id\":\"https:\\\/\\\/insertech.ca\\\/en\\\/#website\",\"url\":\"https:\\\/\\\/insertech.ca\\\/en\\\/\",\"name\":\"Insertech\",\"description\":\"Technos et engag\u00e9s\",\"publisher\":{\"@id\":\"https:\\\/\\\/insertech.ca\\\/en\\\/#organization\"},\"potentialAction\":[{\"@type\":\"SearchAction\",\"target\":{\"@type\":\"EntryPoint\",\"urlTemplate\":\"https:\\\/\\\/insertech.ca\\\/en\\\/?s={search_term_string}\"},\"query-input\":{\"@type\":\"PropertyValueSpecification\",\"valueRequired\":true,\"valueName\":\"search_term_string\"}}],\"inLanguage\":\"en-US\"},{\"@type\":\"Organization\",\"@id\":\"https:\\\/\\\/insertech.ca\\\/en\\\/#organization\",\"name\":\"Insertech\",\"alternateName\":\"Insertech\",\"url\":\"https:\\\/\\\/insertech.ca\\\/en\\\/\",\"logo\":{\"@type\":\"ImageObject\",\"inLanguage\":\"en-US\",\"@id\":\"https:\\\/\\\/insertech.ca\\\/en\\\/#\\\/schema\\\/logo\\\/image\\\/\",\"url\":\"https:\\\/\\\/insertech.ca\\\/wp-content\\\/uploads\\\/2023\\\/10\\\/logo-insertech-2022.svg\",\"contentUrl\":\"https:\\\/\\\/insertech.ca\\\/wp-content\\\/uploads\\\/2023\\\/10\\\/logo-insertech-2022.svg\",\"width\":\"1024\",\"height\":\"1024\",\"caption\":\"Insertech\"},\"image\":{\"@id\":\"https:\\\/\\\/insertech.ca\\\/en\\\/#\\\/schema\\\/logo\\\/image\\\/\"},\"sameAs\":[\"https:\\\/\\\/www.facebook.com\\\/insertech.angus\",\"https:\\\/\\\/x.com\\\/insertech\",\"http:\\\/\\\/www.linkedin.com\\\/company\\\/insertech-angus\",\"https:\\\/\\\/www.instagram.com\\\/insertechangus\\\/\"]}]}<\/script>\n","yoast_head_json":{"title":"Events and Workshops | Insertech","description":"Don\u2019t miss the latest activities, courses and workshops by staying on the lookout for events offered by Insertech.","robots":{"index":"index","follow":"follow","max-snippet":"max-snippet:-1","max-image-preview":"max-image-preview:large","max-video-preview":"max-video-preview:-1"},"canonical":"https:\/\/insertech.ca\/en\/events-and-workshops\/","og_locale":"en_US","og_type":"article","og_title":"Events and Workshops | Insertech","og_description":"Don\u2019t miss the latest activities, courses and workshops by staying on the lookout for events offered by Insertech.","og_url":"https:\/\/insertech.ca\/en\/events-and-workshops\/","og_site_name":"Insertech","article_publisher":"https:\/\/www.facebook.com\/insertech.angus","article_modified_time":"2024-05-16T19:26:55+00:00","og_image":[{"width":1024,"height":681,"url":"https:\/\/insertech.ca\/uploads\/2024\/05\/Insertech-06.jpg","type":"image\/jpeg"}],"twitter_card":"summary_large_image","twitter_site":"@insertech","twitter_misc":{"Est. reading time":"1 minute"},"schema":{"@context":"https:\/\/schema.org","@graph":[{"@type":"WebPage","@id":"https:\/\/insertech.ca\/en\/events-and-workshops\/","url":"https:\/\/insertech.ca\/en\/events-and-workshops\/","name":"Events and Workshops | Insertech","isPartOf":{"@id":"https:\/\/insertech.ca\/en\/#website"},"datePublished":"2023-10-02T14:40:55+00:00","dateModified":"2024-05-16T19:26:55+00:00","description":"Don\u2019t miss the latest activities, courses and workshops by staying on the lookout for events offered by Insertech.","breadcrumb":{"@id":"https:\/\/insertech.ca\/en\/events-and-workshops\/#breadcrumb"},"inLanguage":"en-US","potentialAction":[{"@type":"ReadAction","target":["https:\/\/insertech.ca\/en\/events-and-workshops\/"]}]},{"@type":"BreadcrumbList","@id":"https:\/\/insertech.ca\/en\/events-and-workshops\/#breadcrumb","itemListElement":[{"@type":"ListItem","position":1,"name":"Accueil","item":"https:\/\/insertech.ca\/en\/"},{"@type":"ListItem","position":2,"name":"Events and Workshops"}]},{"@type":"WebSite","@id":"https:\/\/insertech.ca\/en\/#website","url":"https:\/\/insertech.ca\/en\/","name":"Insertech","description":"Technos et engag\u00e9s","publisher":{"@id":"https:\/\/insertech.ca\/en\/#organization"},"potentialAction":[{"@type":"SearchAction","target":{"@type":"EntryPoint","urlTemplate":"https:\/\/insertech.ca\/en\/?s={search_term_string}"},"query-input":{"@type":"PropertyValueSpecification","valueRequired":true,"valueName":"search_term_string"}}],"inLanguage":"en-US"},{"@type":"Organization","@id":"https:\/\/insertech.ca\/en\/#organization","name":"Insertech","alternateName":"Insertech","url":"https:\/\/insertech.ca\/en\/","logo":{"@type":"ImageObject","inLanguage":"en-US","@id":"https:\/\/insertech.ca\/en\/#\/schema\/logo\/image\/","url":"https:\/\/insertech.ca\/uploads\/2023\/10\/logo-insertech-2022.svg","contentUrl":"https:\/\/insertech.ca\/uploads\/2023\/10\/logo-insertech-2022.svg","width":"1024","height":"1024","caption":"Insertech"},"image":{"@id":"https:\/\/insertech.ca\/en\/#\/schema\/logo\/image\/"},"sameAs":["https:\/\/www.facebook.com\/insertech.angus","https:\/\/x.com\/insertech","http:\/\/www.linkedin.com\/company\/insertech-angus","https:\/\/www.instagram.com\/insertechangus\/"]}]}},"_links":{"self":[{"href":"https:\/\/insertech.ca\/en\/wp-json\/wp\/v2\/pages\/22202","targetHints":{"allow":["GET"]}}],"collection":[{"href":"https:\/\/insertech.ca\/en\/wp-json\/wp\/v2\/pages"}],"about":[{"href":"https:\/\/insertech.ca\/en\/wp-json\/wp\/v2\/types\/page"}],"author":[{"embeddable":true,"href":"https:\/\/insertech.ca\/en\/wp-json\/wp\/v2\/users\/1"}],"replies":[{"embeddable":true,"href":"https:\/\/insertech.ca\/en\/wp-json\/wp\/v2\/comments?post=22202"}],"version-history":[{"count":0,"href":"https:\/\/insertech.ca\/en\/wp-json\/wp\/v2\/pages\/22202\/revisions"}],"wp:attachment":[{"href":"https:\/\/insertech.ca\/en\/wp-json\/wp\/v2\/media?parent=22202"}],"curies":[{"name":"wp","href":"https:\/\/api.w.org\/{rel}","templated":true}]}}