{"id":22214,"date":"2023-10-02T10:40:36","date_gmt":"2023-10-02T14:40:36","guid":{"rendered":"https:\/\/insertech.org\/notre-implication\/"},"modified":"2024-05-15T10:46:07","modified_gmt":"2024-05-15T14:46:07","slug":"our-commitment","status":"publish","type":"page","link":"https:\/\/insertech.ca\/en\/digital-sustainability\/our-commitment\/","title":{"rendered":"Our commitment"},"content":{"rendered":"<section class=\"l-section wpb_row us_custom_8faed2b8 height_medium\"><div class=\"l-section-h i-cf\"><div class=\"g-cols vc_row via_grid cols_1 laptops-cols_inherit tablets-cols_inherit mobiles-cols_1 valign_top type_default stacking_default\"><div class=\"wpb_column vc_column_container\"><div class=\"vc_column-inner\"><div class=\"wpb_text_column us_custom_60e9caca us_animate_this\"><div class=\"wpb_wrapper\"><h1 style=\"text-align: center;\">Our commitment<\/h1>\n<\/div><\/div><\/div><\/div><\/div><\/div><\/section><section class=\"l-section wpb_row us_custom_19737bc8 height_medium\"><div class=\"l-section-h i-cf\"><div class=\"g-cols vc_row via_grid cols_1 laptops-cols_inherit tablets-cols_inherit mobiles-cols_1 valign_top type_default stacking_default\"><div class=\"wpb_column vc_column_container\"><div class=\"vc_column-inner\"><div class=\"wpb_text_column\"><div class=\"wpb_wrapper\"><p style=\"text-align: center;\">Since its creation 25 years ago, Insertech has wanted to make a difference to the community through positive impact involvement.<br \/>\nThat&#8217;s why we&#8217;re Technos and Committed.<\/p>\n<\/div><\/div><\/div><\/div><\/div><\/div><\/section><section class=\"l-section wpb_row height_medium\"><div class=\"l-section-h i-cf\"><div class=\"g-cols vc_row via_grid cols_1 laptops-cols_inherit tablets-cols_inherit mobiles-cols_1 valign_top type_default stacking_default\"><div class=\"wpb_column vc_column_container\"><div class=\"vc_column-inner\"><div class=\"wpb_text_column\"><div class=\"wpb_wrapper\"><h2 style=\"text-align: center;\">Our initiatives for digital sustainability<\/h2>\n<\/div><\/div><div class=\"w-separator size_large\"><\/div><div class=\"g-cols wpb_row via_grid cols_2 laptops-cols_inherit tablets-cols_inherit mobiles-cols_1 valign_middle type_default stacking_default\" style=\"--columns-gap:3rem;\"><div class=\"wpb_column vc_column_container\"><div class=\"vc_column-inner\"><div class=\"w-vwrapper align_none valign_top\"><div class=\"wpb_text_column us_custom_4e55af8d has_text_color\"><div class=\"wpb_wrapper\"><h4>The R\u00e9parothons<\/h4>\n<\/div><\/div><div class=\"w-separator size_small\"><\/div><div class=\"wpb_text_column\"><div class=\"wpb_wrapper\"><p>Based on the Restart Parties, these community events bring together volunteers to repair your devices (computers, phones, tablets) free of charge, in a spirit of sharing and good humor.<\/p>\n<\/div><\/div><div class=\"w-separator size_small\"><\/div><div class=\"w-btn-wrapper align_none\"><a class=\"w-btn us-btn-style_3\" href=\"https:\/\/insertech.ca\/en\/evenements-ateliers\/restart-parties\/\"><span class=\"w-btn-label\">Learn more<\/span><\/a><\/div><\/div><\/div><\/div><div class=\"wpb_column vc_column_container\"><div class=\"vc_column-inner\"><div class=\"w-image us_custom_f70d789f us_animate_this has_ratio align_none\"><div class=\"w-image-h\"><div style=\"padding-bottom:75%\"><\/div><img decoding=\"async\" width=\"800\" height=\"522\" src=\"https:\/\/insertech.ca\/uploads\/2023\/10\/photo-reparothons.jpg\" class=\"attachment-large size-large\" alt=\"Photo r\u00e9parothon\" loading=\"lazy\" \/><\/div><\/div><\/div><\/div><\/div><div class=\"w-separator size_huge\"><\/div><div class=\"g-cols wpb_row implication-grid-row via_grid cols_2 laptops-cols_inherit tablets-cols_inherit mobiles-cols_1 valign_middle type_default stacking_default\" style=\"--columns-gap:3rem;\"><div class=\"wpb_column vc_column_container col-img\"><div class=\"vc_column-inner\"><div class=\"w-image us_custom_60e9caca us_animate_this has_ratio align_none\"><div class=\"w-image-h\"><div style=\"padding-bottom:75%\"><\/div><img decoding=\"async\" width=\"800\" height=\"522\" src=\"https:\/\/insertech.ca\/uploads\/2023\/10\/photo-machine.jpg\" class=\"attachment-large size-large\" alt=\"Photo machine\" loading=\"lazy\" \/><\/div><\/div><\/div><\/div><div class=\"wpb_column vc_column_container\"><div class=\"vc_column-inner\"><div class=\"w-vwrapper align_none valign_top\"><div class=\"wpb_text_column us_custom_4e55af8d has_text_color\"><div class=\"wpb_wrapper\"><h4>Our guide \u201cExtend the life of your computer\u201d<\/h4>\n<\/div><\/div><div class=\"w-separator size_small\"><\/div><div class=\"wpb_text_column\"><div class=\"wpb_wrapper\"><p>A guide for anyone who wants to improve the performance of their computer themselves, and thus extend its useful life.<\/p>\n<\/div><\/div><div class=\"w-separator size_small\"><\/div><div class=\"w-btn-wrapper align_none\"><a class=\"w-btn us-btn-style_3\" href=\"\/en\/projets\/how-to-extend-the-life-of-your-computer-guide\/\"><span class=\"w-btn-label\">Learn more<\/span><\/a><\/div><\/div><\/div><\/div><\/div><div class=\"w-separator size_huge\"><\/div><div class=\"g-cols wpb_row via_grid cols_2 laptops-cols_inherit tablets-cols_inherit mobiles-cols_1 valign_middle type_default stacking_default\" style=\"--columns-gap:3rem;\"><div class=\"wpb_column vc_column_container\"><div class=\"vc_column-inner\"><div class=\"w-vwrapper align_none valign_top\"><div class=\"wpb_text_column us_custom_4e55af8d has_text_color\"><div class=\"wpb_wrapper\"><h4>Techno Clinics<\/h4>\n<\/div><\/div><div class=\"w-separator size_small\"><\/div><div class=\"wpb_text_column\"><div class=\"wpb_wrapper\"><p>Individual workshops for seniors who have difficulties using their electronic devices and want to learn the basics of computing.<br \/>\nAn initiative to develop digital literacy for all.<\/p>\n<\/div><\/div><div class=\"w-separator size_small\"><\/div><div class=\"w-btn-wrapper align_none\"><a class=\"w-btn us-btn-style_3\" href=\"\/en\/training-courses\/\"><span class=\"w-btn-label\">Learn more<\/span><\/a><\/div><\/div><\/div><\/div><div class=\"wpb_column vc_column_container\"><div class=\"vc_column-inner\"><div class=\"w-image us_custom_60e9caca us_animate_this has_ratio align_none\"><div class=\"w-image-h\"><div style=\"padding-bottom:75%\"><\/div><img decoding=\"async\" width=\"800\" height=\"522\" src=\"https:\/\/insertech.ca\/uploads\/2023\/10\/photo-classe.jpg\" class=\"attachment-large size-large\" alt=\"Photo classe\" loading=\"lazy\" \/><\/div><\/div><\/div><\/div><\/div><\/div><\/div><\/div><\/div><\/section><section class=\"l-section wpb_row us_custom_5a1eaa17 height_medium\"><div class=\"l-section-h i-cf\"><div class=\"g-cols vc_row via_grid cols_1 laptops-cols_inherit tablets-cols_inherit mobiles-cols_1 valign_top type_default stacking_default\"><div class=\"wpb_column vc_column_container\"><div class=\"vc_column-inner\"><div class=\"wpb_text_column\"><div class=\"wpb_wrapper\"><h2 style=\"text-align: center;\">Certifications and Awards<\/h2>\n<\/div><\/div><div class=\"w-separator size_large\"><\/div><div class=\"w-grid us_grid reconnaissances-grid type_grid layout_463 cols_2 pagination_ajax preload_style_spinner with_css_animation\" id=\"us_grid_1\" style=\"--columns:2;--gap:1.5rem;\" data-filterable=\"true\"><style>@media (max-width:600px){#us_grid_1{--columns:1!important}}.layout_463 .w-grid-item-h{}.layout_463 .usg_post_custom_field_1{color:var(--color-content-secondary)!important}<\/style><div class=\"w-grid-list\">\t<article class=\"w-grid-item us_animate_afb size_1x1 post-22257 reconnaissances type-reconnaissances status-publish hentry\" data-id=\"22257\" style=\"animation-delay:0s\">\r\n\t\t<div class=\"w-grid-item-h\">\r\n\t\t\t\t\t\t<div class=\"w-vwrapper usg_vwrapper_1 modele-grille align_none valign_top\" style=\"--vwrapper-gap:0rem\"><h3 class=\"w-post-elm post_custom_field usg_post_custom_field_1 has_text_color type_text annee color_link_inherit\"><span class=\"w-post-elm-value\">2022<\/span><\/h3><p class=\"w-post-elm post_custom_field usg_post_custom_field_2 type_text nom_de_la_reconnaissance_distinction color_link_inherit\"><span class=\"w-post-elm-value\">Novae Award: Insertech among the top 20 impactful projects of the year for the Espaces A\u00een\u00e9s project, which equips seniors to access the digital world.<\/span><\/p><\/div>\t\t<\/div>\r\n\t\t\t<\/article>\r\n\t<article class=\"w-grid-item us_animate_afb size_1x1 post-22258 reconnaissances type-reconnaissances status-publish hentry\" data-id=\"22258\" style=\"animation-delay:0.1s\">\r\n\t\t<div class=\"w-grid-item-h\">\r\n\t\t\t\t\t\t<div class=\"w-vwrapper usg_vwrapper_1 modele-grille align_none valign_top\" style=\"--vwrapper-gap:0rem\"><h3 class=\"w-post-elm post_custom_field usg_post_custom_field_1 has_text_color type_text annee color_link_inherit\"><span class=\"w-post-elm-value\">2016<\/span><\/h3><p class=\"w-post-elm post_custom_field usg_post_custom_field_2 type_text nom_de_la_reconnaissance_distinction color_link_inherit\"><span class=\"w-post-elm-value\">Certified ISO 14001:2015<\/span><\/p><\/div>\t\t<\/div>\r\n\t\t\t<\/article>\r\n\t<article class=\"w-grid-item us_animate_afb size_1x1 post-22259 reconnaissances type-reconnaissances status-publish hentry\" data-id=\"22259\" style=\"animation-delay:0.2s\">\r\n\t\t<div class=\"w-grid-item-h\">\r\n\t\t\t\t\t\t<div class=\"w-vwrapper usg_vwrapper_1 modele-grille align_none valign_top\" style=\"--vwrapper-gap:0rem\"><h3 class=\"w-post-elm post_custom_field usg_post_custom_field_1 has_text_color type_text annee color_link_inherit\"><span class=\"w-post-elm-value\">2014<\/span><\/h3><p class=\"w-post-elm post_custom_field usg_post_custom_field_2 type_text nom_de_la_reconnaissance_distinction color_link_inherit\"><span class=\"w-post-elm-value\">2014 Green CEO Award won by Agnes Beaulieu in the Small Business category<\/span><\/p><\/div>\t\t<\/div>\r\n\t\t\t<\/article>\r\n\t<article class=\"w-grid-item us_animate_afb size_1x1 post-22260 reconnaissances type-reconnaissances status-publish hentry\" data-id=\"22260\" style=\"animation-delay:0.3s\">\r\n\t\t<div class=\"w-grid-item-h\">\r\n\t\t\t\t\t\t<div class=\"w-vwrapper usg_vwrapper_1 modele-grille align_none valign_top\" style=\"--vwrapper-gap:0rem\"><h3 class=\"w-post-elm post_custom_field usg_post_custom_field_1 has_text_color type_text annee color_link_inherit\"><span class=\"w-post-elm-value\">2014<\/span><\/h3><p class=\"w-post-elm post_custom_field usg_post_custom_field_2 type_text nom_de_la_reconnaissance_distinction color_link_inherit\"><span class=\"w-post-elm-value\">Novae Prize for Corporate Citizenship 2014, in the Business Strategy category, to reward our global approach to sustainable development in IT<\/span><\/p><\/div>\t\t<\/div>\r\n\t\t\t<\/article>\r\n\t<article class=\"w-grid-item us_animate_afb size_1x1 post-22261 reconnaissances type-reconnaissances status-publish hentry\" data-id=\"22261\" style=\"animation-delay:0s\">\r\n\t\t<div class=\"w-grid-item-h\">\r\n\t\t\t\t\t\t<div class=\"w-vwrapper usg_vwrapper_1 modele-grille align_none valign_top\" style=\"--vwrapper-gap:0rem\"><h3 class=\"w-post-elm post_custom_field usg_post_custom_field_1 has_text_color type_text annee color_link_inherit\"><span class=\"w-post-elm-value\">2012<\/span><\/h3><p class=\"w-post-elm post_custom_field usg_post_custom_field_2 type_text nom_de_la_reconnaissance_distinction color_link_inherit\"><span class=\"w-post-elm-value\">Reconditioner certified by the Recyclers Qualification Office (RQO), according to the ERRS 2012 standard, approved by EPRA-Quebec<\/span><\/p><\/div>\t\t<\/div>\r\n\t\t\t<\/article>\r\n\t<article class=\"w-grid-item us_animate_afb size_1x1 post-22262 reconnaissances type-reconnaissances status-publish hentry\" data-id=\"22262\" style=\"animation-delay:0.1s\">\r\n\t\t<div class=\"w-grid-item-h\">\r\n\t\t\t\t\t\t<div class=\"w-vwrapper usg_vwrapper_1 modele-grille align_none valign_top\" style=\"--vwrapper-gap:0rem\"><h3 class=\"w-post-elm post_custom_field usg_post_custom_field_1 has_text_color type_text annee color_link_inherit\"><span class=\"w-post-elm-value\">2012<\/span><\/h3><p class=\"w-post-elm post_custom_field usg_post_custom_field_2 type_text nom_de_la_reconnaissance_distinction color_link_inherit\"><span class=\"w-post-elm-value\">Winner of the G\u00e9nie de l\u2019\u00e9conomie sociale 2012 competition<\/span><\/p><\/div>\t\t<\/div>\r\n\t\t\t<\/article>\r\n\t<article class=\"w-grid-item us_animate_afb size_1x1 post-22263 reconnaissances type-reconnaissances status-publish hentry\" data-id=\"22263\" style=\"animation-delay:0.2s\">\r\n\t\t<div class=\"w-grid-item-h\">\r\n\t\t\t\t\t\t<div class=\"w-vwrapper usg_vwrapper_1 modele-grille align_none valign_top\" style=\"--vwrapper-gap:0rem\"><h3 class=\"w-post-elm post_custom_field usg_post_custom_field_1 has_text_color type_text annee color_link_inherit\"><span class=\"w-post-elm-value\">2012<\/span><\/h3><p class=\"w-post-elm post_custom_field usg_post_custom_field_2 type_text nom_de_la_reconnaissance_distinction color_link_inherit\"><span class=\"w-post-elm-value\">Novae 2012 \u2013 Concours qu\u00e9b\u00e9cois en \u00e9coconception Prize \u2013 Small Business category<\/span><\/p><\/div>\t\t<\/div>\r\n\t\t\t<\/article>\r\n\t<article class=\"w-grid-item us_animate_afb size_1x1 post-22264 reconnaissances type-reconnaissances status-publish hentry\" data-id=\"22264\" style=\"animation-delay:0.3s\">\r\n\t\t<div class=\"w-grid-item-h\">\r\n\t\t\t\t\t\t<div class=\"w-vwrapper usg_vwrapper_1 modele-grille align_none valign_top\" style=\"--vwrapper-gap:0rem\"><h3 class=\"w-post-elm post_custom_field usg_post_custom_field_1 has_text_color type_text annee color_link_inherit\"><span class=\"w-post-elm-value\">2012<\/span><\/h3><p class=\"w-post-elm post_custom_field usg_post_custom_field_2 type_text nom_de_la_reconnaissance_distinction color_link_inherit\"><span class=\"w-post-elm-value\">Award from the Gala de reconnaissance en environnement et en d\u00e9veloppement durable de Montr\u00e9al<\/span><\/p><\/div>\t\t<\/div>\r\n\t\t\t<\/article>\r\n<\/div>\t<div class=\"w-grid-preloader\">\r\n\t\t<div class=\"g-preloader type_1\">\r\n\t\t\t<div><\/div>\r\n\t\t<\/div>\r\n\t<\/div>\r\n\t\t\t\t<div class=\"g-loadmore \">\r\n\t\t\t\t<div class=\"g-preloader type_1\">\r\n\t\t\t\t\t<div><\/div>\r\n\t\t\t\t<\/div>\r\n\t\t\t\t<button class=\"w-btn us-btn-style_3\">\r\n\t\t\t\t\t<span class=\"w-btn-label\">See more<\/span>\r\n\t\t\t\t<\/button>\r\n\t\t\t<\/div>\r\n\t\t\t\t<div class=\"w-grid-json hidden\" onclick='return {&quot;action&quot;:&quot;us_ajax_grid&quot;,&quot;infinite_scroll&quot;:0,&quot;max_num_pages&quot;:2,&quot;pagination&quot;:&quot;ajax&quot;,&quot;template_vars&quot;:{&quot;columns&quot;:&quot;2&quot;,&quot;exclude_items&quot;:&quot;none&quot;,&quot;img_size&quot;:&quot;default&quot;,&quot;ignore_items_size&quot;:0,&quot;items_layout&quot;:&quot;463&quot;,&quot;items_offset&quot;:&quot;1&quot;,&quot;load_animation&quot;:&quot;afb&quot;,&quot;overriding_link&quot;:&quot;%7B%22url%22%3A%22%22%7D&quot;,&quot;post_id&quot;:0,&quot;query_args&quot;:{&quot;post_type&quot;:[&quot;reconnaissances&quot;],&quot;post_status&quot;:[&quot;publish&quot;,&quot;acf-disabled&quot;],&quot;posts_per_page&quot;:&quot;8&quot;},&quot;orderby_query_args&quot;:{&quot;orderby&quot;:{&quot;date&quot;:&quot;DESC&quot;}},&quot;type&quot;:&quot;grid&quot;,&quot;us_grid_post_type&quot;:&quot;reconnaissances&quot;,&quot;us_grid_ajax_index&quot;:1,&quot;us_grid_filter_query_string&quot;:null,&quot;us_grid_index&quot;:1,&quot;page_args&quot;:[],&quot;lang&quot;:&quot;en&quot;}}'><\/div>\r\n\t<\/div><\/div><\/div><\/div><\/div><\/section>\n","protected":false},"excerpt":{"rendered":"","protected":false},"author":1,"featured_media":0,"parent":22220,"menu_order":0,"comment_status":"closed","ping_status":"closed","template":"","meta":{"_acf_changed":false,"footnotes":""},"class_list":["post-22214","page","type-page","status-publish","hentry"],"acf":[],"yoast_head":"\n<title>Our commitment | Insertech<\/title>\n<meta name=\"description\" content=\"Our commitment: Consult our initiatives for a more responsible digital technology, as well as our recognitions and distinctions.\" \/>\n<meta name=\"robots\" content=\"index, follow, max-snippet:-1, max-image-preview:large, max-video-preview:-1\" \/>\n<link rel=\"canonical\" href=\"https:\/\/insertech.ca\/en\/digital-sustainability\/our-commitment\/\" \/>\n<meta property=\"og:locale\" content=\"en_US\" \/>\n<meta property=\"og:type\" content=\"article\" \/>\n<meta property=\"og:title\" content=\"Our commitment | Insertech\" \/>\n<meta property=\"og:description\" content=\"Our commitment: Consult our initiatives for a more responsible digital technology, as well as our recognitions and distinctions.\" \/>\n<meta property=\"og:url\" content=\"https:\/\/insertech.ca\/en\/digital-sustainability\/our-commitment\/\" \/>\n<meta property=\"og:site_name\" content=\"Insertech\" \/>\n<meta property=\"article:publisher\" content=\"https:\/\/www.facebook.com\/insertech.angus\" \/>\n<meta property=\"article:modified_time\" content=\"2024-05-15T14:46:07+00:00\" \/>\n<meta property=\"og:image\" content=\"https:\/\/insertech.ca\/uploads\/2024\/05\/Insertech-06.jpg\" \/>\n\t<meta property=\"og:image:width\" content=\"1024\" \/>\n\t<meta property=\"og:image:height\" content=\"681\" \/>\n\t<meta property=\"og:image:type\" content=\"image\/jpeg\" \/>\n<meta name=\"twitter:card\" content=\"summary_large_image\" \/>\n<meta name=\"twitter:site\" content=\"@insertech\" \/>\n<meta name=\"twitter:label1\" content=\"Est. reading time\" \/>\n\t<meta name=\"twitter:data1\" content=\"2 minutes\" \/>\n<script type=\"application\/ld+json\" class=\"yoast-schema-graph\">{\"@context\":\"https:\\\/\\\/schema.org\",\"@graph\":[{\"@type\":\"WebPage\",\"@id\":\"https:\\\/\\\/insertech.ca\\\/en\\\/digital-sustainability\\\/our-commitment\\\/\",\"url\":\"https:\\\/\\\/insertech.ca\\\/en\\\/digital-sustainability\\\/our-commitment\\\/\",\"name\":\"Our commitment | Insertech\",\"isPartOf\":{\"@id\":\"https:\\\/\\\/insertech.ca\\\/en\\\/#website\"},\"datePublished\":\"2023-10-02T14:40:36+00:00\",\"dateModified\":\"2024-05-15T14:46:07+00:00\",\"description\":\"Our commitment: Consult our initiatives for a more responsible digital technology, as well as our recognitions and distinctions.\",\"breadcrumb\":{\"@id\":\"https:\\\/\\\/insertech.ca\\\/en\\\/digital-sustainability\\\/our-commitment\\\/#breadcrumb\"},\"inLanguage\":\"en-US\",\"potentialAction\":[{\"@type\":\"ReadAction\",\"target\":[\"https:\\\/\\\/insertech.ca\\\/en\\\/digital-sustainability\\\/our-commitment\\\/\"]}]},{\"@type\":\"BreadcrumbList\",\"@id\":\"https:\\\/\\\/insertech.ca\\\/en\\\/digital-sustainability\\\/our-commitment\\\/#breadcrumb\",\"itemListElement\":[{\"@type\":\"ListItem\",\"position\":1,\"name\":\"Accueil\",\"item\":\"https:\\\/\\\/insertech.ca\\\/en\\\/\"},{\"@type\":\"ListItem\",\"position\":2,\"name\":\"Digital Sustainability\",\"item\":\"https:\\\/\\\/insertech.ca\\\/en\\\/digital-sustainability\\\/\"},{\"@type\":\"ListItem\",\"position\":3,\"name\":\"Our commitment\"}]},{\"@type\":\"WebSite\",\"@id\":\"https:\\\/\\\/insertech.ca\\\/en\\\/#website\",\"url\":\"https:\\\/\\\/insertech.ca\\\/en\\\/\",\"name\":\"Insertech\",\"description\":\"Technos et engag\u00e9s\",\"publisher\":{\"@id\":\"https:\\\/\\\/insertech.ca\\\/en\\\/#organization\"},\"potentialAction\":[{\"@type\":\"SearchAction\",\"target\":{\"@type\":\"EntryPoint\",\"urlTemplate\":\"https:\\\/\\\/insertech.ca\\\/en\\\/?s={search_term_string}\"},\"query-input\":{\"@type\":\"PropertyValueSpecification\",\"valueRequired\":true,\"valueName\":\"search_term_string\"}}],\"inLanguage\":\"en-US\"},{\"@type\":\"Organization\",\"@id\":\"https:\\\/\\\/insertech.ca\\\/en\\\/#organization\",\"name\":\"Insertech\",\"alternateName\":\"Insertech\",\"url\":\"https:\\\/\\\/insertech.ca\\\/en\\\/\",\"logo\":{\"@type\":\"ImageObject\",\"inLanguage\":\"en-US\",\"@id\":\"https:\\\/\\\/insertech.ca\\\/en\\\/#\\\/schema\\\/logo\\\/image\\\/\",\"url\":\"https:\\\/\\\/insertech.ca\\\/wp-content\\\/uploads\\\/2023\\\/10\\\/logo-insertech-2022.svg\",\"contentUrl\":\"https:\\\/\\\/insertech.ca\\\/wp-content\\\/uploads\\\/2023\\\/10\\\/logo-insertech-2022.svg\",\"width\":\"1024\",\"height\":\"1024\",\"caption\":\"Insertech\"},\"image\":{\"@id\":\"https:\\\/\\\/insertech.ca\\\/en\\\/#\\\/schema\\\/logo\\\/image\\\/\"},\"sameAs\":[\"https:\\\/\\\/www.facebook.com\\\/insertech.angus\",\"https:\\\/\\\/x.com\\\/insertech\",\"http:\\\/\\\/www.linkedin.com\\\/company\\\/insertech-angus\",\"https:\\\/\\\/www.instagram.com\\\/insertechangus\\\/\"]}]}<\/script>\n","yoast_head_json":{"title":"Our commitment | Insertech","description":"Our commitment: Consult our initiatives for a more responsible digital technology, as well as our recognitions and distinctions.","robots":{"index":"index","follow":"follow","max-snippet":"max-snippet:-1","max-image-preview":"max-image-preview:large","max-video-preview":"max-video-preview:-1"},"canonical":"https:\/\/insertech.ca\/en\/digital-sustainability\/our-commitment\/","og_locale":"en_US","og_type":"article","og_title":"Our commitment | Insertech","og_description":"Our commitment: Consult our initiatives for a more responsible digital technology, as well as our recognitions and distinctions.","og_url":"https:\/\/insertech.ca\/en\/digital-sustainability\/our-commitment\/","og_site_name":"Insertech","article_publisher":"https:\/\/www.facebook.com\/insertech.angus","article_modified_time":"2024-05-15T14:46:07+00:00","og_image":[{"width":1024,"height":681,"url":"https:\/\/insertech.ca\/uploads\/2024\/05\/Insertech-06.jpg","type":"image\/jpeg"}],"twitter_card":"summary_large_image","twitter_site":"@insertech","twitter_misc":{"Est. reading time":"2 minutes"},"schema":{"@context":"https:\/\/schema.org","@graph":[{"@type":"WebPage","@id":"https:\/\/insertech.ca\/en\/digital-sustainability\/our-commitment\/","url":"https:\/\/insertech.ca\/en\/digital-sustainability\/our-commitment\/","name":"Our commitment | Insertech","isPartOf":{"@id":"https:\/\/insertech.ca\/en\/#website"},"datePublished":"2023-10-02T14:40:36+00:00","dateModified":"2024-05-15T14:46:07+00:00","description":"Our commitment: Consult our initiatives for a more responsible digital technology, as well as our recognitions and distinctions.","breadcrumb":{"@id":"https:\/\/insertech.ca\/en\/digital-sustainability\/our-commitment\/#breadcrumb"},"inLanguage":"en-US","potentialAction":[{"@type":"ReadAction","target":["https:\/\/insertech.ca\/en\/digital-sustainability\/our-commitment\/"]}]},{"@type":"BreadcrumbList","@id":"https:\/\/insertech.ca\/en\/digital-sustainability\/our-commitment\/#breadcrumb","itemListElement":[{"@type":"ListItem","position":1,"name":"Accueil","item":"https:\/\/insertech.ca\/en\/"},{"@type":"ListItem","position":2,"name":"Digital Sustainability","item":"https:\/\/insertech.ca\/en\/digital-sustainability\/"},{"@type":"ListItem","position":3,"name":"Our commitment"}]},{"@type":"WebSite","@id":"https:\/\/insertech.ca\/en\/#website","url":"https:\/\/insertech.ca\/en\/","name":"Insertech","description":"Technos et engag\u00e9s","publisher":{"@id":"https:\/\/insertech.ca\/en\/#organization"},"potentialAction":[{"@type":"SearchAction","target":{"@type":"EntryPoint","urlTemplate":"https:\/\/insertech.ca\/en\/?s={search_term_string}"},"query-input":{"@type":"PropertyValueSpecification","valueRequired":true,"valueName":"search_term_string"}}],"inLanguage":"en-US"},{"@type":"Organization","@id":"https:\/\/insertech.ca\/en\/#organization","name":"Insertech","alternateName":"Insertech","url":"https:\/\/insertech.ca\/en\/","logo":{"@type":"ImageObject","inLanguage":"en-US","@id":"https:\/\/insertech.ca\/en\/#\/schema\/logo\/image\/","url":"https:\/\/insertech.ca\/uploads\/2023\/10\/logo-insertech-2022.svg","contentUrl":"https:\/\/insertech.ca\/uploads\/2023\/10\/logo-insertech-2022.svg","width":"1024","height":"1024","caption":"Insertech"},"image":{"@id":"https:\/\/insertech.ca\/en\/#\/schema\/logo\/image\/"},"sameAs":["https:\/\/www.facebook.com\/insertech.angus","https:\/\/x.com\/insertech","http:\/\/www.linkedin.com\/company\/insertech-angus","https:\/\/www.instagram.com\/insertechangus\/"]}]}},"_links":{"self":[{"href":"https:\/\/insertech.ca\/en\/wp-json\/wp\/v2\/pages\/22214","targetHints":{"allow":["GET"]}}],"collection":[{"href":"https:\/\/insertech.ca\/en\/wp-json\/wp\/v2\/pages"}],"about":[{"href":"https:\/\/insertech.ca\/en\/wp-json\/wp\/v2\/types\/page"}],"author":[{"embeddable":true,"href":"https:\/\/insertech.ca\/en\/wp-json\/wp\/v2\/users\/1"}],"replies":[{"embeddable":true,"href":"https:\/\/insertech.ca\/en\/wp-json\/wp\/v2\/comments?post=22214"}],"version-history":[{"count":0,"href":"https:\/\/insertech.ca\/en\/wp-json\/wp\/v2\/pages\/22214\/revisions"}],"up":[{"embeddable":true,"href":"https:\/\/insertech.ca\/en\/wp-json\/wp\/v2\/pages\/22220"}],"wp:attachment":[{"href":"https:\/\/insertech.ca\/en\/wp-json\/wp\/v2\/media?parent=22214"}],"curies":[{"name":"wp","href":"https:\/\/api.w.org\/{rel}","templated":true}]}}