{"id":23885,"date":"2024-04-30T16:10:59","date_gmt":"2024-04-30T20:10:59","guid":{"rendered":"https:\/\/insertech.org\/?page_id=23885"},"modified":"2024-05-16T15:33:08","modified_gmt":"2024-05-16T19:33:08","slug":"reemploi-different-recyclage","status":"publish","type":"page","link":"https:\/\/insertech.ca\/en\/numerique-responsable\/reemploi-different-recyclage\/","title":{"rendered":"R\u00e9emploi diff\u00e9rent recyclage"},"content":{"rendered":"<section class=\"l-section wpb_row us_custom_b6c0f68f height_medium\"><div class=\"l-section-h i-cf\"><div class=\"g-cols vc_row via_grid cols_1 laptops-cols_inherit tablets-cols_inherit mobiles-cols_1 valign_top type_default stacking_default\"><div class=\"wpb_column vc_column_container\"><div class=\"vc_column-inner\"><div class=\"w-separator size_medium\"><\/div><div class=\"wpb_text_column us_custom_60e9caca us_animate_this\"><div class=\"wpb_wrapper\"><h1 style=\"text-align: center;\">Le recyclage et le r\u00e9emploi en informatique : C&#8217;est diff\u00e9rent !<\/h1>\n<\/div><\/div><div class=\"w-separator size_medium\"><\/div><\/div><\/div><\/div><\/div><\/section><section class=\"l-section wpb_row us_custom_315b8835 insertion-emploi-row height_medium color_alternate\"><div class=\"l-section-h i-cf\"><div class=\"g-cols vc_row via_grid cols_2 laptops-cols_inherit tablets-cols_inherit mobiles-cols_1 valign_middle type_default stacking_default\"><div class=\"wpb_column vc_column_container\"><div class=\"vc_column-inner\"><div class=\"wpb_text_column\"><div class=\"wpb_wrapper\"><h2>Recyclage ou r\u00e9emploi ?<\/h2>\n<\/div><\/div><div class=\"w-separator size_medium\"><\/div><div class=\"wpb_text_column us_custom_e5aea6d2\"><div class=\"wpb_wrapper\"><p>\u00c0 l\u2019approche de la p\u00e9riode de renouvellement de nos \u00e9quipements informatiques, se pose souvent la question de la meilleure fa\u00e7on de traiter nos anciens appareils. Si certains choisissent de faire nettoyer et optimiser leur mat\u00e9riel, d\u2019autres pr\u00e9f\u00e8rent tout bonnement le remplacer. Mais que faire de son ancien ordinateur, pour en disposer de la meilleure fa\u00e7on possible ? Souvent on pense bien faire en envoyant les appareils au recyclage, mais on peut faire mieux encore : opter pour le r\u00e9emploi !<\/p>\n<\/div><\/div><div class=\"w-separator size_medium\"><\/div><div class=\"wpb_text_column\"><div class=\"wpb_wrapper\"><p>Quand on parle de\u00a0<strong>recyclage<\/strong>, il faut bien comprendre que c\u2019est la derni\u00e8re phase du cycle de vie des ordinateurs. Les appareils collect\u00e9s sont d\u00e9mantel\u00e9s afin de s\u00e9parer les composants. Ceux-ci sont alors tri\u00e9s pour en extraire les mati\u00e8res qui peuvent \u00eatre r\u00e9utilis\u00e9es. Ce qui ne peut \u00eatre revaloris\u00e9 est d\u00e9truit et enfoui.<\/p>\n<\/div><\/div><div class=\"w-separator size_medium\"><\/div><div class=\"wpb_text_column\"><div class=\"wpb_wrapper\"><p>En revanche, le\u00a0<strong>r\u00e9emploi<\/strong>\u00a0se d\u00e9roule bien avant le recyclage\u00a0: il prolonge le cycle de vie des ordinateurs. Les appareils collect\u00e9s sont remis \u00e0 niveau au lieu d\u2019\u00eatre d\u00e9mantel\u00e9s, et sont redistribu\u00e9s aux particuliers et organismes \u00e0 des prix \u00e9quitables.<\/p>\n<\/div><\/div><\/div><\/div><div class=\"wpb_column vc_column_container\"><div class=\"vc_column-inner\"><div class=\"w-image us_custom_21c90c8e homepage-side-img us_animate_this align_none\"><div class=\"w-image-h\"><img decoding=\"async\" width=\"600\" height=\"600\" src=\"https:\/\/insertech.ca\/uploads\/2024\/04\/reconditionnement-laptop-atelier-1-600x600.png\" class=\"attachment-us_600_600 size-us_600_600\" alt=\"\" loading=\"lazy\" srcset=\"https:\/\/insertech.ca\/uploads\/2024\/04\/reconditionnement-laptop-atelier-1-600x600.png 600w, https:\/\/insertech.ca\/uploads\/2024\/04\/reconditionnement-laptop-atelier-1-300x300.png 300w, https:\/\/insertech.ca\/uploads\/2024\/04\/reconditionnement-laptop-atelier-1-150x150.png 150w, https:\/\/insertech.ca\/uploads\/2024\/04\/reconditionnement-laptop-atelier-1.png 985w\" sizes=\"auto, (max-width: 600px) 100vw, 600px\" \/><\/div><\/div><\/div><\/div><\/div><\/div><\/section><section class=\"l-section wpb_row section-sticky-grid height_medium\"><div class=\"l-section-h i-cf\"><div class=\"g-cols vc_row via_grid cols_1 laptops-cols_inherit tablets-cols_inherit mobiles-cols_1 valign_top type_default stacking_default\"><div class=\"wpb_column vc_column_container\"><div class=\"vc_column-inner\"><div class=\"wpb_text_column\"><div class=\"wpb_wrapper\"><h2 style=\"text-align: center;\">POURQUOI LE R\u00c9EMPLOI EST MIEUX QUE LE RECYCLAGE<\/h2>\n<\/div><\/div><div class=\"w-separator size_large\"><\/div><div class=\"g-cols wpb_row rangee-test via_grid cols_1 laptops-cols_inherit tablets-cols_inherit mobiles-cols_1 valign_top type_default stacking_default\" style=\"--columns-gap:3rem;\"><div class=\"wpb_column vc_column_container\"><div class=\"vc_column-inner\"><div class=\"w-hwrapper wrapper-horizontal valign_top align_none\" style=\"--hwrapper-gap:0rem\"><div class=\"w-image us_custom_5e220660 align_none\"><div class=\"w-image-h\"><img decoding=\"async\" width=\"1024\" height=\"1024\" src=\"https:\/\/insertech.ca\/uploads\/2023\/10\/icone_impact_environnemental.svg\" class=\"attachment-large size-large\" alt=\"Ic\u00f4ne impact social\" loading=\"lazy\" \/><\/div><\/div><div class=\"w-vwrapper wrapper-vertical align_none valign_top\" style=\"--vwrapper-gap:0rem\"><div class=\"wpb_text_column us_custom_1758f2a3\"><div class=\"wpb_wrapper\"><h3>C\u2019est mieux pour l\u2019environnement.<\/h3>\n<\/div><\/div><div class=\"wpb_text_column us_custom_e5aea6d2\"><div class=\"wpb_wrapper\"><p>Selon l<strong>\u2019Analyse de cycle de vie environnementale et sociale du mat\u00e9riel informatique<\/strong>, la phase la plus dommageable dans le cycle de vie des appareils est leur production. En faisant du r\u00e9emploi, on \u00e9vite la pollution et le gaspillage li\u00e9s \u00e0 l\u2019extraction des ressources et la fabrication du mat\u00e9riel. Ainsi, selon l\u2019\u00e9tude, le r\u00e9emploi est neuf fois plus \u00e9cologique que le recyclage dans le cas des ordinateurs, et vingt fois plus dans le cas des \u00e9crans !<\/p>\n<\/div><\/div><div class=\"w-btn-wrapper align_none\"><a class=\"w-btn us-btn-style_3 us_custom_e5aea6d2\" href=\"https:\/\/insertech.ca\/uploads\/2024\/04\/rapport-acv-2011.pdf\"><span class=\"w-btn-label\">T\u00e9l\u00e9charger l&#8217;analyse<\/span><\/a><\/div><\/div><\/div><\/div><\/div><\/div><div class=\"w-separator size_large\"><\/div><div class=\"g-cols wpb_row rangee-test via_grid cols_1 laptops-cols_inherit tablets-cols_inherit mobiles-cols_1 valign_top type_default stacking_default\" style=\"--columns-gap:3rem;\"><div class=\"wpb_column vc_column_container\"><div class=\"vc_column-inner\"><div class=\"w-hwrapper wrapper-horizontal valign_top align_none\" style=\"--hwrapper-gap:0rem\"><div class=\"w-image us_custom_5e220660 align_none\"><div class=\"w-image-h\"><img decoding=\"async\" width=\"1024\" height=\"1024\" src=\"https:\/\/insertech.ca\/uploads\/2023\/10\/icone_impact_social.svg\" class=\"attachment-large size-large\" alt=\"Ic\u00f4ne parlez de nous\" loading=\"lazy\" \/><\/div><\/div><div class=\"w-vwrapper wrapper-vertical align_none valign_top\" style=\"--vwrapper-gap:0rem\"><div class=\"wpb_text_column us_custom_1758f2a3\"><div class=\"wpb_wrapper\"><h3>C&#8217;est mieux pour la soci\u00e9t\u00e9.<\/h3>\n<\/div><\/div><div class=\"wpb_text_column us_custom_e5aea6d2\"><div class=\"wpb_wrapper\"><p>En favorisant le r\u00e9emploi \u00e0 travers un organisme vou\u00e9 \u00e0 l\u2019insertion professionnelle, on aide des personnes en situation d\u2019exclusion \u00e0 acc\u00e9der au march\u00e9 du travail. Les activit\u00e9s li\u00e9es au reconditionnement leur offrent un savoir-faire transf\u00e9rable dans d\u2019autres structures, et permettent de g\u00e9n\u00e9rer de l\u2019emploi.<\/p>\n<\/div><\/div><\/div><\/div><\/div><\/div><\/div><div class=\"w-separator size_large\"><\/div><div class=\"g-cols wpb_row rangee-test via_grid cols_1 laptops-cols_inherit tablets-cols_inherit mobiles-cols_1 valign_top type_default stacking_default\" style=\"--columns-gap:3rem;\"><div class=\"wpb_column vc_column_container\"><div class=\"vc_column-inner\"><div class=\"w-hwrapper wrapper-horizontal valign_top align_none\" style=\"--hwrapper-gap:0rem\"><div class=\"w-image us_custom_5e220660 align_none\"><div class=\"w-image-h\"><img decoding=\"async\" width=\"1024\" height=\"1024\" src=\"https:\/\/insertech.ca\/uploads\/2023\/10\/icone_acheter.svg\" class=\"attachment-large size-large\" alt=\"Ic\u00f4ne acheter\" loading=\"lazy\" \/><\/div><\/div><div class=\"w-vwrapper wrapper-vertical align_none valign_top\" style=\"--vwrapper-gap:0rem\"><div class=\"wpb_text_column us_custom_1758f2a3\"><div class=\"wpb_wrapper\"><h3>C&#8217;est mieux pour le portefeuille.<\/h3>\n<\/div><\/div><div class=\"wpb_text_column us_custom_e5aea6d2\"><div class=\"wpb_wrapper\"><p>Les ordinateurs reconditionn\u00e9s sont fiables et op\u00e9rationnels comme s\u2019ils sortaient de l\u2019usine, et ceci \u00e0 une fraction du prix du neuf ! Ils conviennent parfaitement pour utiliser des logiciels bureautiques (Word, Excel\u2026), pour naviguer sur internet, et pour bien d\u2019autres usages.<\/p>\n<\/div><\/div><\/div><\/div><\/div><\/div><\/div><\/div><\/div><\/div><\/div><\/section><section class=\"l-section wpb_row height_medium with_img\"><div class=\"l-section-img\" role=\"img\" aria-label=\"Image\" data-img-width=\"1920\" data-img-height=\"723\" style=\"background-image: url(https:\/\/insertech.ca\/uploads\/2024\/04\/fond-feuilles.jpg);\"><\/div><div class=\"l-section-h i-cf\"><div class=\"g-cols vc_row via_grid cols_2 laptops-cols_inherit tablets-cols_inherit mobiles-cols_1 valign_top type_default stacking_default\"><div class=\"wpb_column vc_column_container\"><div class=\"vc_column-overlay\" style=\"background:var(--color-header-transparent-bg)\"><\/div><div class=\"vc_column-inner\"><div class=\"wpb_text_column\"><div class=\"wpb_wrapper\"><h2 style=\"text-align: center;\">Comment pouvez-vous agir ?<\/h2>\n<\/div><\/div><\/div><\/div><div class=\"wpb_column vc_column_container\"><div class=\"vc_column-overlay\" style=\"background:var(--color-header-transparent-bg)\"><\/div><div class=\"vc_column-inner\"><div class=\"wpb_text_column\"><div class=\"wpb_wrapper\"><h3>Achetez du mat\u00e9riel informatique issu du r\u00e9emploi<\/h3>\n<p>Au sein de votre organisation, optez pour l\u2019achat d\u2019appareils reconditionn\u00e9s plut\u00f4t que du neuf. Il existe des forfaits sp\u00e9ciaux pour les OBNL et les syndicats, avec la possibilit\u00e9 d\u2019y adjoindre des services techniques et de la formation.<\/p>\n<h3>N\u2019envoyez pas vos anciens ordinateurs au recyclage<\/h3>\n<p>Favorisez le r\u00e9emploi en confiant vos anciens appareils \u00e0 un reconditionneur qui vous garantisse l\u2019effacement s\u00e9curis\u00e9 de vos donn\u00e9es et le r\u00e9emploi maximal de votre mat\u00e9riel au b\u00e9n\u00e9fice de la communaut\u00e9.<\/p>\n<\/div><\/div><\/div><\/div><\/div><\/div><\/section>\n","protected":false},"excerpt":{"rendered":"Le recyclage et le r\u00e9emploi en informatique : C&#8217;est diff\u00e9rent ! Recyclage ou r\u00e9emploi ? \u00c0 l\u2019approche de la p\u00e9riode de renouvellement de nos \u00e9quipements informatiques, se pose souvent la question de la meilleure fa\u00e7on de traiter nos anciens appareils. Si certains choisissent de faire nettoyer et optimiser leur mat\u00e9riel, d\u2019autres pr\u00e9f\u00e8rent tout bonnement le...","protected":false},"author":4,"featured_media":0,"parent":19,"menu_order":0,"comment_status":"closed","ping_status":"closed","template":"","meta":{"_acf_changed":false,"footnotes":""},"class_list":["post-23885","page","type-page","status-publish","hentry"],"acf":[],"yoast_head":"\n<title>R\u00e9emploi diff\u00e9rent recyclage | Technos et engag\u00e9s<\/title>\n<meta name=\"description\" content=\"Insertech offre une solution informatique compl\u00e8te: vente d\u2019ordinateurs reconditionn\u00e9s, services de r\u00e9paration, cours et activit\u00e9s technos.\" \/>\n<meta name=\"robots\" content=\"index, follow, max-snippet:-1, max-image-preview:large, max-video-preview:-1\" \/>\n<link rel=\"canonical\" href=\"https:\/\/insertech.ca\/en\/numerique-responsable\/reemploi-different-recyclage\/\" \/>\n<meta property=\"og:locale\" content=\"en_US\" \/>\n<meta property=\"og:type\" content=\"article\" \/>\n<meta property=\"og:title\" content=\"R\u00e9emploi diff\u00e9rent recyclage | Technos et engag\u00e9s\" \/>\n<meta property=\"og:description\" content=\"Insertech offre une solution informatique compl\u00e8te: vente d\u2019ordinateurs reconditionn\u00e9s, services de r\u00e9paration, cours et activit\u00e9s technos.\" \/>\n<meta property=\"og:url\" content=\"https:\/\/insertech.ca\/en\/numerique-responsable\/reemploi-different-recyclage\/\" \/>\n<meta property=\"og:site_name\" content=\"Insertech\" \/>\n<meta property=\"article:publisher\" content=\"https:\/\/www.facebook.com\/insertech.angus\" \/>\n<meta property=\"article:modified_time\" content=\"2024-05-16T19:33:08+00:00\" \/>\n<meta property=\"og:image\" content=\"https:\/\/insertech.ca\/uploads\/2024\/05\/Insertech-06.jpg\" \/>\n\t<meta property=\"og:image:width\" content=\"1024\" \/>\n\t<meta property=\"og:image:height\" content=\"681\" \/>\n\t<meta property=\"og:image:type\" content=\"image\/jpeg\" \/>\n<meta name=\"twitter:card\" content=\"summary_large_image\" \/>\n<meta name=\"twitter:site\" content=\"@insertech\" \/>\n<meta name=\"twitter:label1\" content=\"Est. reading time\" \/>\n\t<meta name=\"twitter:data1\" content=\"3 minutes\" \/>\n<script type=\"application\/ld+json\" class=\"yoast-schema-graph\">{\"@context\":\"https:\\\/\\\/schema.org\",\"@graph\":[{\"@type\":\"WebPage\",\"@id\":\"https:\\\/\\\/insertech.ca\\\/en\\\/numerique-responsable\\\/reemploi-different-recyclage\\\/\",\"url\":\"https:\\\/\\\/insertech.ca\\\/en\\\/numerique-responsable\\\/reemploi-different-recyclage\\\/\",\"name\":\"R\u00e9emploi diff\u00e9rent recyclage | Technos et engag\u00e9s\",\"isPartOf\":{\"@id\":\"https:\\\/\\\/insertech.ca\\\/en\\\/#website\"},\"datePublished\":\"2024-04-30T20:10:59+00:00\",\"dateModified\":\"2024-05-16T19:33:08+00:00\",\"description\":\"Insertech offre une solution informatique compl\u00e8te: vente d\u2019ordinateurs reconditionn\u00e9s, services de r\u00e9paration, cours et activit\u00e9s technos.\",\"breadcrumb\":{\"@id\":\"https:\\\/\\\/insertech.ca\\\/en\\\/numerique-responsable\\\/reemploi-different-recyclage\\\/#breadcrumb\"},\"inLanguage\":\"en-US\",\"potentialAction\":[{\"@type\":\"ReadAction\",\"target\":[\"https:\\\/\\\/insertech.ca\\\/en\\\/numerique-responsable\\\/reemploi-different-recyclage\\\/\"]}]},{\"@type\":\"BreadcrumbList\",\"@id\":\"https:\\\/\\\/insertech.ca\\\/en\\\/numerique-responsable\\\/reemploi-different-recyclage\\\/#breadcrumb\",\"itemListElement\":[{\"@type\":\"ListItem\",\"position\":1,\"name\":\"Accueil\",\"item\":\"https:\\\/\\\/insertech.ca\\\/en\\\/\"},{\"@type\":\"ListItem\",\"position\":2,\"name\":\"Num\u00e9rique responsable\",\"item\":\"https:\\\/\\\/insertech.ca\\\/en\\\/numerique-responsable\\\/\"},{\"@type\":\"ListItem\",\"position\":3,\"name\":\"R\u00e9emploi diff\u00e9rent recyclage\"}]},{\"@type\":\"WebSite\",\"@id\":\"https:\\\/\\\/insertech.ca\\\/en\\\/#website\",\"url\":\"https:\\\/\\\/insertech.ca\\\/en\\\/\",\"name\":\"Insertech\",\"description\":\"Technos et engag\u00e9s\",\"publisher\":{\"@id\":\"https:\\\/\\\/insertech.ca\\\/en\\\/#organization\"},\"potentialAction\":[{\"@type\":\"SearchAction\",\"target\":{\"@type\":\"EntryPoint\",\"urlTemplate\":\"https:\\\/\\\/insertech.ca\\\/en\\\/?s={search_term_string}\"},\"query-input\":{\"@type\":\"PropertyValueSpecification\",\"valueRequired\":true,\"valueName\":\"search_term_string\"}}],\"inLanguage\":\"en-US\"},{\"@type\":\"Organization\",\"@id\":\"https:\\\/\\\/insertech.ca\\\/en\\\/#organization\",\"name\":\"Insertech\",\"alternateName\":\"Insertech\",\"url\":\"https:\\\/\\\/insertech.ca\\\/en\\\/\",\"logo\":{\"@type\":\"ImageObject\",\"inLanguage\":\"en-US\",\"@id\":\"https:\\\/\\\/insertech.ca\\\/en\\\/#\\\/schema\\\/logo\\\/image\\\/\",\"url\":\"https:\\\/\\\/insertech.ca\\\/wp-content\\\/uploads\\\/2023\\\/10\\\/logo-insertech-2022.svg\",\"contentUrl\":\"https:\\\/\\\/insertech.ca\\\/wp-content\\\/uploads\\\/2023\\\/10\\\/logo-insertech-2022.svg\",\"width\":\"1024\",\"height\":\"1024\",\"caption\":\"Insertech\"},\"image\":{\"@id\":\"https:\\\/\\\/insertech.ca\\\/en\\\/#\\\/schema\\\/logo\\\/image\\\/\"},\"sameAs\":[\"https:\\\/\\\/www.facebook.com\\\/insertech.angus\",\"https:\\\/\\\/x.com\\\/insertech\",\"http:\\\/\\\/www.linkedin.com\\\/company\\\/insertech-angus\",\"https:\\\/\\\/www.instagram.com\\\/insertechangus\\\/\"]}]}<\/script>\n","yoast_head_json":{"title":"R\u00e9emploi diff\u00e9rent recyclage | Technos et engag\u00e9s","description":"Insertech offre une solution informatique compl\u00e8te: vente d\u2019ordinateurs reconditionn\u00e9s, services de r\u00e9paration, cours et activit\u00e9s technos.","robots":{"index":"index","follow":"follow","max-snippet":"max-snippet:-1","max-image-preview":"max-image-preview:large","max-video-preview":"max-video-preview:-1"},"canonical":"https:\/\/insertech.ca\/en\/numerique-responsable\/reemploi-different-recyclage\/","og_locale":"en_US","og_type":"article","og_title":"R\u00e9emploi diff\u00e9rent recyclage | Technos et engag\u00e9s","og_description":"Insertech offre une solution informatique compl\u00e8te: vente d\u2019ordinateurs reconditionn\u00e9s, services de r\u00e9paration, cours et activit\u00e9s technos.","og_url":"https:\/\/insertech.ca\/en\/numerique-responsable\/reemploi-different-recyclage\/","og_site_name":"Insertech","article_publisher":"https:\/\/www.facebook.com\/insertech.angus","article_modified_time":"2024-05-16T19:33:08+00:00","og_image":[{"width":1024,"height":681,"url":"https:\/\/insertech.ca\/uploads\/2024\/05\/Insertech-06.jpg","type":"image\/jpeg"}],"twitter_card":"summary_large_image","twitter_site":"@insertech","twitter_misc":{"Est. reading time":"3 minutes"},"schema":{"@context":"https:\/\/schema.org","@graph":[{"@type":"WebPage","@id":"https:\/\/insertech.ca\/en\/numerique-responsable\/reemploi-different-recyclage\/","url":"https:\/\/insertech.ca\/en\/numerique-responsable\/reemploi-different-recyclage\/","name":"R\u00e9emploi diff\u00e9rent recyclage | Technos et engag\u00e9s","isPartOf":{"@id":"https:\/\/insertech.ca\/en\/#website"},"datePublished":"2024-04-30T20:10:59+00:00","dateModified":"2024-05-16T19:33:08+00:00","description":"Insertech offre une solution informatique compl\u00e8te: vente d\u2019ordinateurs reconditionn\u00e9s, services de r\u00e9paration, cours et activit\u00e9s technos.","breadcrumb":{"@id":"https:\/\/insertech.ca\/en\/numerique-responsable\/reemploi-different-recyclage\/#breadcrumb"},"inLanguage":"en-US","potentialAction":[{"@type":"ReadAction","target":["https:\/\/insertech.ca\/en\/numerique-responsable\/reemploi-different-recyclage\/"]}]},{"@type":"BreadcrumbList","@id":"https:\/\/insertech.ca\/en\/numerique-responsable\/reemploi-different-recyclage\/#breadcrumb","itemListElement":[{"@type":"ListItem","position":1,"name":"Accueil","item":"https:\/\/insertech.ca\/en\/"},{"@type":"ListItem","position":2,"name":"Num\u00e9rique responsable","item":"https:\/\/insertech.ca\/en\/numerique-responsable\/"},{"@type":"ListItem","position":3,"name":"R\u00e9emploi diff\u00e9rent recyclage"}]},{"@type":"WebSite","@id":"https:\/\/insertech.ca\/en\/#website","url":"https:\/\/insertech.ca\/en\/","name":"Insertech","description":"Technos et engag\u00e9s","publisher":{"@id":"https:\/\/insertech.ca\/en\/#organization"},"potentialAction":[{"@type":"SearchAction","target":{"@type":"EntryPoint","urlTemplate":"https:\/\/insertech.ca\/en\/?s={search_term_string}"},"query-input":{"@type":"PropertyValueSpecification","valueRequired":true,"valueName":"search_term_string"}}],"inLanguage":"en-US"},{"@type":"Organization","@id":"https:\/\/insertech.ca\/en\/#organization","name":"Insertech","alternateName":"Insertech","url":"https:\/\/insertech.ca\/en\/","logo":{"@type":"ImageObject","inLanguage":"en-US","@id":"https:\/\/insertech.ca\/en\/#\/schema\/logo\/image\/","url":"https:\/\/insertech.ca\/uploads\/2023\/10\/logo-insertech-2022.svg","contentUrl":"https:\/\/insertech.ca\/uploads\/2023\/10\/logo-insertech-2022.svg","width":"1024","height":"1024","caption":"Insertech"},"image":{"@id":"https:\/\/insertech.ca\/en\/#\/schema\/logo\/image\/"},"sameAs":["https:\/\/www.facebook.com\/insertech.angus","https:\/\/x.com\/insertech","http:\/\/www.linkedin.com\/company\/insertech-angus","https:\/\/www.instagram.com\/insertechangus\/"]}]}},"_links":{"self":[{"href":"https:\/\/insertech.ca\/en\/wp-json\/wp\/v2\/pages\/23885","targetHints":{"allow":["GET"]}}],"collection":[{"href":"https:\/\/insertech.ca\/en\/wp-json\/wp\/v2\/pages"}],"about":[{"href":"https:\/\/insertech.ca\/en\/wp-json\/wp\/v2\/types\/page"}],"author":[{"embeddable":true,"href":"https:\/\/insertech.ca\/en\/wp-json\/wp\/v2\/users\/4"}],"replies":[{"embeddable":true,"href":"https:\/\/insertech.ca\/en\/wp-json\/wp\/v2\/comments?post=23885"}],"version-history":[{"count":0,"href":"https:\/\/insertech.ca\/en\/wp-json\/wp\/v2\/pages\/23885\/revisions"}],"up":[{"embeddable":true,"href":"https:\/\/insertech.ca\/en\/wp-json\/wp\/v2\/pages\/19"}],"wp:attachment":[{"href":"https:\/\/insertech.ca\/en\/wp-json\/wp\/v2\/media?parent=23885"}],"curies":[{"name":"wp","href":"https:\/\/api.w.org\/{rel}","templated":true}]}}