{"id":24212,"date":"2024-06-17T14:06:59","date_gmt":"2024-06-17T18:06:59","guid":{"rendered":"https:\/\/insertech.ca\/?page_id=24212"},"modified":"2025-03-05T11:43:07","modified_gmt":"2025-03-05T16:43:07","slug":"rdv-saad","status":"publish","type":"page","link":"https:\/\/insertech.ca\/en\/lp\/rdv-saad\/","title":{"rendered":"RDV Saad"},"content":{"rendered":"<section class=\"l-section wpb_row us_custom_e8c98ad4 height_medium with_img\"><div class=\"l-section-img\" role=\"img\" aria-label=\"Fond d\u00e9grad\u00e9 mauve et bleu fl\u00e8ches\" data-img-width=\"1920\" data-img-height=\"1051\" style=\"background-image: url(https:\/\/insertech.ca\/uploads\/2023\/10\/Texture-fleches-1.jpg);\"><\/div><div class=\"l-section-h i-cf\"><div class=\"g-cols vc_row via_grid cols_1 laptops-cols_inherit tablets-cols_inherit mobiles-cols_1 valign_top type_default stacking_default\"><div class=\"wpb_column vc_column_container\"><div class=\"vc_column-inner\"><div class=\"w-html\">\n<iframe loading=\"lazy\" src=\"https:\/\/outlook.office365.com\/owa\/calendar\/SaadSebti@insertech.ca\/bookings\/\" width=\"100%\" height=\"2000px\" scrolling=\"yes\" style=\"border:0\"><\/iframe>\n\n\n<\/div><\/div><\/div><\/div><\/div><\/section>\n","protected":false},"excerpt":{"rendered":"","protected":false},"author":4,"featured_media":0,"parent":22166,"menu_order":0,"comment_status":"closed","ping_status":"closed","template":"","meta":{"_acf_changed":false,"footnotes":""},"class_list":["post-24212","page","type-page","status-publish","hentry"],"acf":[],"yoast_head":"\n<title>RDV Saad | Insertech<\/title>\n<meta name=\"description\" content=\"Prenez rendez-vous avec Saad en choisissant un cr\u00e9neau directement dans son agenda\" \/>\n<meta name=\"robots\" content=\"index, follow, max-snippet:-1, max-image-preview:large, max-video-preview:-1\" \/>\n<link rel=\"canonical\" href=\"https:\/\/insertech.ca\/en\/lp\/rdv-saad\/\" \/>\n<meta property=\"og:locale\" content=\"en_US\" \/>\n<meta property=\"og:type\" content=\"article\" \/>\n<meta property=\"og:title\" content=\"RDV Saad | Insertech\" \/>\n<meta property=\"og:description\" content=\"Prenez rendez-vous avec Saad en choisissant un cr\u00e9neau directement dans son agenda\" \/>\n<meta property=\"og:url\" content=\"https:\/\/insertech.ca\/en\/lp\/rdv-saad\/\" \/>\n<meta property=\"og:site_name\" content=\"Insertech\" \/>\n<meta property=\"article:publisher\" content=\"https:\/\/www.facebook.com\/insertech.angus\" \/>\n<meta property=\"article:modified_time\" content=\"2025-03-05T16:43:07+00:00\" \/>\n<meta property=\"og:image\" content=\"https:\/\/insertech.ca\/uploads\/2024\/05\/Insertech-06.jpg\" \/>\n\t<meta property=\"og:image:width\" content=\"1024\" \/>\n\t<meta property=\"og:image:height\" content=\"681\" \/>\n\t<meta property=\"og:image:type\" content=\"image\/jpeg\" \/>\n<meta name=\"twitter:card\" content=\"summary_large_image\" \/>\n<meta name=\"twitter:site\" content=\"@insertech\" \/>\n<meta name=\"twitter:label1\" content=\"Est. reading time\" \/>\n\t<meta name=\"twitter:data1\" content=\"1 minute\" \/>\n<script type=\"application\/ld+json\" class=\"yoast-schema-graph\">{\"@context\":\"https:\\\/\\\/schema.org\",\"@graph\":[{\"@type\":\"WebPage\",\"@id\":\"https:\\\/\\\/insertech.ca\\\/en\\\/lp\\\/rdv-saad\\\/\",\"url\":\"https:\\\/\\\/insertech.ca\\\/en\\\/lp\\\/rdv-saad\\\/\",\"name\":\"RDV Saad | Insertech\",\"isPartOf\":{\"@id\":\"https:\\\/\\\/insertech.ca\\\/en\\\/#website\"},\"datePublished\":\"2024-06-17T18:06:59+00:00\",\"dateModified\":\"2025-03-05T16:43:07+00:00\",\"description\":\"Prenez rendez-vous avec Saad en choisissant un cr\u00e9neau directement dans son agenda\",\"breadcrumb\":{\"@id\":\"https:\\\/\\\/insertech.ca\\\/en\\\/lp\\\/rdv-saad\\\/#breadcrumb\"},\"inLanguage\":\"en-US\",\"potentialAction\":[{\"@type\":\"ReadAction\",\"target\":[\"https:\\\/\\\/insertech.ca\\\/en\\\/lp\\\/rdv-saad\\\/\"]}]},{\"@type\":\"BreadcrumbList\",\"@id\":\"https:\\\/\\\/insertech.ca\\\/en\\\/lp\\\/rdv-saad\\\/#breadcrumb\",\"itemListElement\":[{\"@type\":\"ListItem\",\"position\":1,\"name\":\"Accueil\",\"item\":\"https:\\\/\\\/insertech.ca\\\/en\\\/\"},{\"@type\":\"ListItem\",\"position\":2,\"name\":\"lp\",\"item\":\"https:\\\/\\\/insertech.ca\\\/en\\\/lp\\\/\"},{\"@type\":\"ListItem\",\"position\":3,\"name\":\"RDV Saad\"}]},{\"@type\":\"WebSite\",\"@id\":\"https:\\\/\\\/insertech.ca\\\/en\\\/#website\",\"url\":\"https:\\\/\\\/insertech.ca\\\/en\\\/\",\"name\":\"Insertech\",\"description\":\"Technos et engag\u00e9s\",\"publisher\":{\"@id\":\"https:\\\/\\\/insertech.ca\\\/en\\\/#organization\"},\"potentialAction\":[{\"@type\":\"SearchAction\",\"target\":{\"@type\":\"EntryPoint\",\"urlTemplate\":\"https:\\\/\\\/insertech.ca\\\/en\\\/?s={search_term_string}\"},\"query-input\":{\"@type\":\"PropertyValueSpecification\",\"valueRequired\":true,\"valueName\":\"search_term_string\"}}],\"inLanguage\":\"en-US\"},{\"@type\":\"Organization\",\"@id\":\"https:\\\/\\\/insertech.ca\\\/en\\\/#organization\",\"name\":\"Insertech\",\"alternateName\":\"Insertech\",\"url\":\"https:\\\/\\\/insertech.ca\\\/en\\\/\",\"logo\":{\"@type\":\"ImageObject\",\"inLanguage\":\"en-US\",\"@id\":\"https:\\\/\\\/insertech.ca\\\/en\\\/#\\\/schema\\\/logo\\\/image\\\/\",\"url\":\"https:\\\/\\\/insertech.ca\\\/wp-content\\\/uploads\\\/2023\\\/10\\\/logo-insertech-2022.svg\",\"contentUrl\":\"https:\\\/\\\/insertech.ca\\\/wp-content\\\/uploads\\\/2023\\\/10\\\/logo-insertech-2022.svg\",\"width\":\"1024\",\"height\":\"1024\",\"caption\":\"Insertech\"},\"image\":{\"@id\":\"https:\\\/\\\/insertech.ca\\\/en\\\/#\\\/schema\\\/logo\\\/image\\\/\"},\"sameAs\":[\"https:\\\/\\\/www.facebook.com\\\/insertech.angus\",\"https:\\\/\\\/x.com\\\/insertech\",\"http:\\\/\\\/www.linkedin.com\\\/company\\\/insertech-angus\",\"https:\\\/\\\/www.instagram.com\\\/insertechangus\\\/\"]}]}<\/script>\n","yoast_head_json":{"title":"RDV Saad | Insertech","description":"Prenez rendez-vous avec Saad en choisissant un cr\u00e9neau directement dans son agenda","robots":{"index":"index","follow":"follow","max-snippet":"max-snippet:-1","max-image-preview":"max-image-preview:large","max-video-preview":"max-video-preview:-1"},"canonical":"https:\/\/insertech.ca\/en\/lp\/rdv-saad\/","og_locale":"en_US","og_type":"article","og_title":"RDV Saad | Insertech","og_description":"Prenez rendez-vous avec Saad en choisissant un cr\u00e9neau directement dans son agenda","og_url":"https:\/\/insertech.ca\/en\/lp\/rdv-saad\/","og_site_name":"Insertech","article_publisher":"https:\/\/www.facebook.com\/insertech.angus","article_modified_time":"2025-03-05T16:43:07+00:00","og_image":[{"width":1024,"height":681,"url":"https:\/\/insertech.ca\/uploads\/2024\/05\/Insertech-06.jpg","type":"image\/jpeg"}],"twitter_card":"summary_large_image","twitter_site":"@insertech","twitter_misc":{"Est. reading time":"1 minute"},"schema":{"@context":"https:\/\/schema.org","@graph":[{"@type":"WebPage","@id":"https:\/\/insertech.ca\/en\/lp\/rdv-saad\/","url":"https:\/\/insertech.ca\/en\/lp\/rdv-saad\/","name":"RDV Saad | Insertech","isPartOf":{"@id":"https:\/\/insertech.ca\/en\/#website"},"datePublished":"2024-06-17T18:06:59+00:00","dateModified":"2025-03-05T16:43:07+00:00","description":"Prenez rendez-vous avec Saad en choisissant un cr\u00e9neau directement dans son agenda","breadcrumb":{"@id":"https:\/\/insertech.ca\/en\/lp\/rdv-saad\/#breadcrumb"},"inLanguage":"en-US","potentialAction":[{"@type":"ReadAction","target":["https:\/\/insertech.ca\/en\/lp\/rdv-saad\/"]}]},{"@type":"BreadcrumbList","@id":"https:\/\/insertech.ca\/en\/lp\/rdv-saad\/#breadcrumb","itemListElement":[{"@type":"ListItem","position":1,"name":"Accueil","item":"https:\/\/insertech.ca\/en\/"},{"@type":"ListItem","position":2,"name":"lp","item":"https:\/\/insertech.ca\/en\/lp\/"},{"@type":"ListItem","position":3,"name":"RDV Saad"}]},{"@type":"WebSite","@id":"https:\/\/insertech.ca\/en\/#website","url":"https:\/\/insertech.ca\/en\/","name":"Insertech","description":"Technos et engag\u00e9s","publisher":{"@id":"https:\/\/insertech.ca\/en\/#organization"},"potentialAction":[{"@type":"SearchAction","target":{"@type":"EntryPoint","urlTemplate":"https:\/\/insertech.ca\/en\/?s={search_term_string}"},"query-input":{"@type":"PropertyValueSpecification","valueRequired":true,"valueName":"search_term_string"}}],"inLanguage":"en-US"},{"@type":"Organization","@id":"https:\/\/insertech.ca\/en\/#organization","name":"Insertech","alternateName":"Insertech","url":"https:\/\/insertech.ca\/en\/","logo":{"@type":"ImageObject","inLanguage":"en-US","@id":"https:\/\/insertech.ca\/en\/#\/schema\/logo\/image\/","url":"https:\/\/insertech.ca\/uploads\/2023\/10\/logo-insertech-2022.svg","contentUrl":"https:\/\/insertech.ca\/uploads\/2023\/10\/logo-insertech-2022.svg","width":"1024","height":"1024","caption":"Insertech"},"image":{"@id":"https:\/\/insertech.ca\/en\/#\/schema\/logo\/image\/"},"sameAs":["https:\/\/www.facebook.com\/insertech.angus","https:\/\/x.com\/insertech","http:\/\/www.linkedin.com\/company\/insertech-angus","https:\/\/www.instagram.com\/insertechangus\/"]}]}},"_links":{"self":[{"href":"https:\/\/insertech.ca\/en\/wp-json\/wp\/v2\/pages\/24212","targetHints":{"allow":["GET"]}}],"collection":[{"href":"https:\/\/insertech.ca\/en\/wp-json\/wp\/v2\/pages"}],"about":[{"href":"https:\/\/insertech.ca\/en\/wp-json\/wp\/v2\/types\/page"}],"author":[{"embeddable":true,"href":"https:\/\/insertech.ca\/en\/wp-json\/wp\/v2\/users\/4"}],"replies":[{"embeddable":true,"href":"https:\/\/insertech.ca\/en\/wp-json\/wp\/v2\/comments?post=24212"}],"version-history":[{"count":0,"href":"https:\/\/insertech.ca\/en\/wp-json\/wp\/v2\/pages\/24212\/revisions"}],"up":[{"embeddable":true,"href":"https:\/\/insertech.ca\/en\/wp-json\/wp\/v2\/pages\/22166"}],"wp:attachment":[{"href":"https:\/\/insertech.ca\/en\/wp-json\/wp\/v2\/media?parent=24212"}],"curies":[{"name":"wp","href":"https:\/\/api.w.org\/{rel}","templated":true}]}}