{"id":24260,"date":"2024-07-12T15:45:31","date_gmt":"2024-07-12T19:45:31","guid":{"rendered":"https:\/\/insertech.ca\/?page_id=24260"},"modified":"2024-07-12T15:45:31","modified_gmt":"2024-07-12T19:45:31","slug":"formulaire-de-demande-dinformations-pour-insertion","status":"publish","type":"page","link":"https:\/\/insertech.ca\/en\/lp\/formulaire-de-demande-dinformations-pour-insertion\/","title":{"rendered":"Formulaire de demande d&#8217;informations pour l&#8217;insertion"},"content":{"rendered":"<section class=\"l-section wpb_row height_medium\"><div class=\"l-section-h i-cf\"><div class=\"g-cols vc_row via_grid cols_1-2-1 laptops-cols_inherit tablets-cols_inherit mobiles-cols_1 valign_top type_default stacking_default\"><div class=\"wpb_column vc_column_container\"><div class=\"vc_column-inner\"><\/div><\/div><div class=\"wpb_column vc_column_container\"><div class=\"vc_column-inner\"><h2 class=\"w-post-elm post_title align_center entry-title color_link_inherit\">Formulaire de demande d&#8217;informations pour l&#8217;insertion<\/h2><div class=\"wpb_text_column\"><div class=\"wpb_wrapper\"><div id=\"quform-d07c4c\" class=\"quform quform-12 quform-support-page-caching\"><form id=\"quform-form-d07c4c\" class=\"quform-form quform-form-12\" action=\"\/en\/wp-json\/wp\/v2\/pages\/24260#quform-d07c4c\" method=\"post\" enctype=\"multipart\/form-data\" novalidate=\"novalidate\" data-options=\"{&quot;id&quot;:12,&quot;uniqueId&quot;:&quot;d07c4c&quot;,&quot;theme&quot;:&quot;&quot;,&quot;ajax&quot;:true,&quot;logic&quot;:{&quot;logic&quot;:[],&quot;dependents&quot;:[],&quot;elementIds&quot;:[],&quot;dependentElementIds&quot;:[],&quot;animate&quot;:true},&quot;currentPageId&quot;:1,&quot;errorsIcon&quot;:&quot;&quot;,&quot;updateFancybox&quot;:true,&quot;hasPages&quot;:false,&quot;pages&quot;:[1],&quot;pageProgressType&quot;:&quot;numbers&quot;,&quot;tooltipsEnabled&quot;:true,&quot;tooltipClasses&quot;:&quot;qtip-quform-dark qtip-shadow&quot;,&quot;tooltipMy&quot;:&quot;left center&quot;,&quot;tooltipAt&quot;:&quot;right center&quot;,&quot;isRtl&quot;:false,&quot;scrollOffset&quot;:-50,&quot;scrollSpeed&quot;:800}\"><button class=\"quform-default-submit\" name=\"quform_submit\" type=\"submit\" value=\"submit\" aria-hidden=\"true\" tabindex=\"-1\"><\/button><div class=\"quform-form-inner quform-form-inner-12\"><input type=\"hidden\" name=\"quform_form_id\" value=\"12\" \/><input type=\"hidden\" name=\"quform_form_uid\" value=\"d07c4c\" \/><input type=\"hidden\" name=\"quform_count\" value=\"1\" \/><input type=\"hidden\" name=\"form_url\" value=\"https:\/\/insertech.ca\/en\/wp-json\/wp\/v2\/pages\/24260\" \/><input type=\"hidden\" name=\"referring_url\" value=\"\" \/><input type=\"hidden\" name=\"post_id\" value=\"\" \/><input type=\"hidden\" name=\"post_title\" value=\"\" \/><input type=\"hidden\" name=\"quform_current_page_id\" value=\"1\" \/><input type=\"hidden\" name=\"quform_csrf_token\" value=\"jdmKEF94KPoK40rbDqDC43TTWzSfVo9R9pufxkVg\" \/><div class=\"quform-elements quform-elements-12 quform-cf quform-responsive-elements-phone-landscape\"><div class=\"quform-element quform-element-page quform-page-1 quform-page-12_1 quform-cf quform-group-style-plain quform-first-page quform-last-page quform-current-page\"><div class=\"quform-child-elements\"><div class=\"quform-element quform-element-html quform-element-12_26 quform-cf\"><div class=\"quform-spacer\">Vous aimeriez qu'on vous appelle pour vous parler de vive voix de notre programme d'insertion, avant de venir \u00e0 une session d'information ? Svp laissez-nous vos coordonn\u00e9es :<\/div><\/div><div class=\"quform-element quform-element-group quform-element-12_6 quform-cf quform-group-style-plain\"><div class=\"quform-spacer\"><div class=\"quform-child-elements\"><div class=\"quform-element quform-element-row quform-element-row-12_7 quform-2-columns quform-element-row-size-fixed quform-responsive-columns-phone-landscape\"><div class=\"quform-element quform-element-column quform-element-12_8\"><div class=\"quform-element quform-element-text quform-element-12_10 quform-cf quform-element-required\"><div class=\"quform-spacer\"><div class=\"quform-label quform-label-12_10\"><label class=\"quform-label-text\" for=\"quform_12_10_d07c4c\">Pr\u00e9nom<span class=\"quform-required\">*<\/span><\/label><\/div><div class=\"quform-inner quform-inner-text quform-inner-12_10\"><div class=\"quform-input quform-input-text quform-input-12_10 quform-cf\"><input type=\"text\" id=\"quform_12_10_d07c4c\" name=\"quform_12_10\" class=\"quform-field quform-field-text quform-field-12_10\" \/><\/div><\/div><\/div><\/div><\/div><div class=\"quform-element quform-element-column quform-element-12_9\"><div class=\"quform-element quform-element-text quform-element-12_11 quform-cf quform-element-required\"><div class=\"quform-spacer\"><div class=\"quform-label quform-label-12_11\"><label class=\"quform-label-text\" for=\"quform_12_11_d07c4c\">Nom<span class=\"quform-required\">*<\/span><\/label><\/div><div class=\"quform-inner quform-inner-text quform-inner-12_11\"><div class=\"quform-input quform-input-text quform-input-12_11 quform-cf\"><input type=\"text\" id=\"quform_12_11_d07c4c\" name=\"quform_12_11\" class=\"quform-field quform-field-text quform-field-12_11\" \/><\/div><\/div><\/div><\/div><\/div><\/div><div class=\"quform-element quform-element-row quform-element-row-12_12 quform-2-columns quform-element-row-size-fixed quform-responsive-columns-phone-landscape\"><div class=\"quform-element quform-element-column quform-element-12_13\"><div class=\"quform-element quform-element-text quform-element-12_16 quform-cf quform-element-required\"><div class=\"quform-spacer\"><div class=\"quform-label quform-label-12_16\"><label class=\"quform-label-text\" for=\"quform_12_16_d07c4c\">T\u00e9l\u00e9phone<span class=\"quform-required\">*<\/span><\/label><\/div><div class=\"quform-inner quform-inner-text quform-inner-12_16\"><div class=\"quform-input quform-input-text quform-input-12_16 quform-cf\"><input type=\"text\" id=\"quform_12_16_d07c4c\" name=\"quform_12_16\" class=\"quform-field quform-field-text quform-field-12_16\" \/><\/div><\/div><\/div><\/div><\/div><div class=\"quform-element quform-element-column quform-element-12_15\"><div class=\"quform-element quform-element-email quform-element-12_22 quform-cf quform-element-optional\"><div class=\"quform-spacer\"><div class=\"quform-label quform-label-12_22\"><label class=\"quform-label-text\" for=\"quform_12_22_d07c4c\">Courriel<\/label><\/div><div class=\"quform-inner quform-inner-email quform-inner-12_22\"><div class=\"quform-input quform-input-email quform-input-12_22 quform-cf\"><input type=\"email\" id=\"quform_12_22_d07c4c\" name=\"quform_12_22\" class=\"quform-field quform-field-email quform-field-12_22\" \/><\/div><\/div><\/div><\/div><\/div><\/div><\/div><\/div><\/div><div class=\"quform-element quform-element-textarea quform-element-12_18 quform-cf quform-element-optional\"><div class=\"quform-spacer\"><div class=\"quform-label quform-label-12_18\"><label class=\"quform-label-text\" for=\"quform_12_18_d07c4c\">Commentaires<\/label><\/div><div class=\"quform-inner quform-inner-textarea quform-inner-12_18\"><div class=\"quform-input quform-input-textarea quform-input-12_18 quform-cf\"><textarea id=\"quform_12_18_d07c4c\" name=\"quform_12_18\" class=\"quform-field quform-field-textarea quform-field-12_18\"><\/textarea><\/div><\/div><\/div><\/div><div class=\"quform-element quform-element-recaptcha quform-element-12_23 quform-cf quform-element-required\"><div class=\"quform-spacer\"><div class=\"quform-label quform-label-12_23\"><label class=\"quform-label-text\">\u00cates-vous humain ?<span class=\"quform-required\">*<\/span><\/label><\/div><div class=\"quform-inner quform-inner-recaptcha quform-inner-12_23\"><div class=\"quform-input quform-input-recaptcha quform-input-12_23 quform-cf\"><div class=\"quform-recaptcha\" data-config=\"{&quot;sitekey&quot;:&quot;6Ldg1fcZAAAAAIkTP82g40q012g0KzwmMCSZg1qU&quot;,&quot;_version&quot;:&quot;v2&quot;,&quot;size&quot;:&quot;normal&quot;,&quot;type&quot;:&quot;image&quot;,&quot;theme&quot;:&quot;light&quot;,&quot;badge&quot;:&quot;bottomright&quot;}\"><\/div><noscript><div><div style=\"width: 302px; height: 422px; position: relative;\"><div style=\"width: 302px; height: 422px; position: absolute;\"><iframe src=\"https:\/\/www.google.com\/recaptcha\/api\/fallback?k=6Ldg1fcZAAAAAIkTP82g40q012g0KzwmMCSZg1qU\" frameborder=\"0\" scrolling=\"no\" style=\"width: 302px; height:422px; border-style: none;\"><\/iframe><\/div><\/div><div style=\"width: 300px; height: 60px; border-style: none; bottom: 12px; left: 25px; margin: 0px; padding: 0px; right: 25px; background: #f9f9f9; border: 1px solid #c1c1c1; border-radius: 3px;\"><textarea name=\"g-recaptcha-response\" class=\"g-recaptcha-response\" style=\"width: 250px; height: 40px; border: 1px solid #c1c1c1; margin: 10px 25px; padding: 0px; resize: none;\" aria-hidden=\"true\"><\/textarea><\/div><\/div><\/noscript><\/div><\/div><\/div><\/div><div class=\"quform-element quform-element-submit quform-element-12_2 quform-cf quform-button-style-theme\"><div class=\"quform-button-submit quform-button-submit-default quform-button-submit-12_2\"><button name=\"quform_submit\" type=\"submit\" class=\"quform-submit\" value=\"submit\"><span class=\"quform-button-text quform-button-submit-text\">Send<\/span><\/button><\/div><div class=\"quform-loading quform-loading-position-left quform-loading-type-spinner-1\"><div class=\"quform-loading-inner\"><div class=\"quform-loading-spinner\"><div class=\"quform-loading-spinner-inner\"><\/div><\/div><\/div><\/div><\/div><div class=\"quform-element-tree\"><label for=\"quform_12_0_d07c4c\">This field should be left blank<\/label><input type=\"text\" id=\"quform_12_0_d07c4c\" name=\"quform_12_0\" class=\"quform-field quform-field-tree quform-field-12_0\" tabindex=\"-1\" autocomplete=\"off\" \/><\/div><\/div><\/div><\/div><\/div><\/form><\/div>\n<\/div><\/div><\/div><\/div><div class=\"wpb_column vc_column_container\"><div class=\"vc_column-inner\"><\/div><\/div><\/div><\/div><\/section>\n","protected":false},"excerpt":{"rendered":"Formulaire de demande d&#8217;informations pour l&#8217;insertionVous aimeriez qu'on vous appelle pour vous parler de vive voix de notre programme d'insertion, avant de venir \u00e0 une session d'information ? Svp laissez-nous vos coordonn\u00e9es :Pr\u00e9nom*Nom*T\u00e9l\u00e9phone*CourrielCommentaires\u00cates-vous humain ?*SendThis field should be left blank","protected":false},"author":4,"featured_media":0,"parent":22166,"menu_order":0,"comment_status":"closed","ping_status":"closed","template":"","meta":{"_acf_changed":false,"footnotes":""},"class_list":["post-24260","page","type-page","status-publish","hentry"],"acf":[],"yoast_head":"\n<title>Formulaire de demande d&#039;informations pour l&#039;insertion | Insertech<\/title>\n<meta name=\"robots\" content=\"noindex, follow\" \/>\n<meta property=\"og:locale\" content=\"en_US\" \/>\n<meta property=\"og:type\" content=\"article\" \/>\n<meta property=\"og:title\" content=\"Formulaire de demande d&#039;informations pour l&#039;insertion | Insertech\" \/>\n<meta property=\"og:url\" content=\"https:\/\/insertech.ca\/en\/lp\/formulaire-de-demande-dinformations-pour-insertion\/\" \/>\n<meta property=\"og:site_name\" content=\"Insertech\" \/>\n<meta property=\"article:publisher\" content=\"https:\/\/www.facebook.com\/insertech.angus\" \/>\n<meta property=\"og:image\" content=\"https:\/\/insertech.ca\/uploads\/2024\/05\/Insertech-06.jpg\" \/>\n\t<meta property=\"og:image:width\" content=\"1024\" \/>\n\t<meta property=\"og:image:height\" content=\"681\" \/>\n\t<meta property=\"og:image:type\" content=\"image\/jpeg\" \/>\n<meta name=\"twitter:card\" content=\"summary_large_image\" \/>\n<meta name=\"twitter:site\" content=\"@insertech\" \/>\n<meta name=\"twitter:label1\" content=\"Est. reading time\" \/>\n\t<meta name=\"twitter:data1\" content=\"1 minute\" \/>\n<script type=\"application\/ld+json\" class=\"yoast-schema-graph\">{\"@context\":\"https:\\\/\\\/schema.org\",\"@graph\":[{\"@type\":\"WebPage\",\"@id\":\"https:\\\/\\\/insertech.ca\\\/en\\\/lp\\\/formulaire-de-demande-dinformations-pour-insertion\\\/\",\"url\":\"https:\\\/\\\/insertech.ca\\\/en\\\/lp\\\/formulaire-de-demande-dinformations-pour-insertion\\\/\",\"name\":\"Formulaire de demande d'informations pour l'insertion | Insertech\",\"isPartOf\":{\"@id\":\"https:\\\/\\\/insertech.ca\\\/en\\\/#website\"},\"datePublished\":\"2024-07-12T19:45:31+00:00\",\"breadcrumb\":{\"@id\":\"https:\\\/\\\/insertech.ca\\\/en\\\/lp\\\/formulaire-de-demande-dinformations-pour-insertion\\\/#breadcrumb\"},\"inLanguage\":\"en-US\",\"potentialAction\":[{\"@type\":\"ReadAction\",\"target\":[\"https:\\\/\\\/insertech.ca\\\/en\\\/lp\\\/formulaire-de-demande-dinformations-pour-insertion\\\/\"]}]},{\"@type\":\"BreadcrumbList\",\"@id\":\"https:\\\/\\\/insertech.ca\\\/en\\\/lp\\\/formulaire-de-demande-dinformations-pour-insertion\\\/#breadcrumb\",\"itemListElement\":[{\"@type\":\"ListItem\",\"position\":1,\"name\":\"Accueil\",\"item\":\"https:\\\/\\\/insertech.ca\\\/en\\\/\"},{\"@type\":\"ListItem\",\"position\":2,\"name\":\"lp\",\"item\":\"https:\\\/\\\/insertech.ca\\\/en\\\/lp\\\/\"},{\"@type\":\"ListItem\",\"position\":3,\"name\":\"Formulaire de demande d&#8217;informations pour l&#8217;insertion\"}]},{\"@type\":\"WebSite\",\"@id\":\"https:\\\/\\\/insertech.ca\\\/en\\\/#website\",\"url\":\"https:\\\/\\\/insertech.ca\\\/en\\\/\",\"name\":\"Insertech\",\"description\":\"Technos et engag\u00e9s\",\"publisher\":{\"@id\":\"https:\\\/\\\/insertech.ca\\\/en\\\/#organization\"},\"potentialAction\":[{\"@type\":\"SearchAction\",\"target\":{\"@type\":\"EntryPoint\",\"urlTemplate\":\"https:\\\/\\\/insertech.ca\\\/en\\\/?s={search_term_string}\"},\"query-input\":{\"@type\":\"PropertyValueSpecification\",\"valueRequired\":true,\"valueName\":\"search_term_string\"}}],\"inLanguage\":\"en-US\"},{\"@type\":\"Organization\",\"@id\":\"https:\\\/\\\/insertech.ca\\\/en\\\/#organization\",\"name\":\"Insertech\",\"alternateName\":\"Insertech\",\"url\":\"https:\\\/\\\/insertech.ca\\\/en\\\/\",\"logo\":{\"@type\":\"ImageObject\",\"inLanguage\":\"en-US\",\"@id\":\"https:\\\/\\\/insertech.ca\\\/en\\\/#\\\/schema\\\/logo\\\/image\\\/\",\"url\":\"https:\\\/\\\/insertech.ca\\\/wp-content\\\/uploads\\\/2023\\\/10\\\/logo-insertech-2022.svg\",\"contentUrl\":\"https:\\\/\\\/insertech.ca\\\/wp-content\\\/uploads\\\/2023\\\/10\\\/logo-insertech-2022.svg\",\"width\":\"1024\",\"height\":\"1024\",\"caption\":\"Insertech\"},\"image\":{\"@id\":\"https:\\\/\\\/insertech.ca\\\/en\\\/#\\\/schema\\\/logo\\\/image\\\/\"},\"sameAs\":[\"https:\\\/\\\/www.facebook.com\\\/insertech.angus\",\"https:\\\/\\\/x.com\\\/insertech\",\"http:\\\/\\\/www.linkedin.com\\\/company\\\/insertech-angus\",\"https:\\\/\\\/www.instagram.com\\\/insertechangus\\\/\"]}]}<\/script>\n","yoast_head_json":{"title":"Formulaire de demande d'informations pour l'insertion | Insertech","robots":{"index":"noindex","follow":"follow"},"og_locale":"en_US","og_type":"article","og_title":"Formulaire de demande d'informations pour l'insertion | Insertech","og_url":"https:\/\/insertech.ca\/en\/lp\/formulaire-de-demande-dinformations-pour-insertion\/","og_site_name":"Insertech","article_publisher":"https:\/\/www.facebook.com\/insertech.angus","og_image":[{"width":1024,"height":681,"url":"https:\/\/insertech.ca\/uploads\/2024\/05\/Insertech-06.jpg","type":"image\/jpeg"}],"twitter_card":"summary_large_image","twitter_site":"@insertech","twitter_misc":{"Est. reading time":"1 minute"},"schema":{"@context":"https:\/\/schema.org","@graph":[{"@type":"WebPage","@id":"https:\/\/insertech.ca\/en\/lp\/formulaire-de-demande-dinformations-pour-insertion\/","url":"https:\/\/insertech.ca\/en\/lp\/formulaire-de-demande-dinformations-pour-insertion\/","name":"Formulaire de demande d'informations pour l'insertion | Insertech","isPartOf":{"@id":"https:\/\/insertech.ca\/en\/#website"},"datePublished":"2024-07-12T19:45:31+00:00","breadcrumb":{"@id":"https:\/\/insertech.ca\/en\/lp\/formulaire-de-demande-dinformations-pour-insertion\/#breadcrumb"},"inLanguage":"en-US","potentialAction":[{"@type":"ReadAction","target":["https:\/\/insertech.ca\/en\/lp\/formulaire-de-demande-dinformations-pour-insertion\/"]}]},{"@type":"BreadcrumbList","@id":"https:\/\/insertech.ca\/en\/lp\/formulaire-de-demande-dinformations-pour-insertion\/#breadcrumb","itemListElement":[{"@type":"ListItem","position":1,"name":"Accueil","item":"https:\/\/insertech.ca\/en\/"},{"@type":"ListItem","position":2,"name":"lp","item":"https:\/\/insertech.ca\/en\/lp\/"},{"@type":"ListItem","position":3,"name":"Formulaire de demande d&#8217;informations pour l&#8217;insertion"}]},{"@type":"WebSite","@id":"https:\/\/insertech.ca\/en\/#website","url":"https:\/\/insertech.ca\/en\/","name":"Insertech","description":"Technos et engag\u00e9s","publisher":{"@id":"https:\/\/insertech.ca\/en\/#organization"},"potentialAction":[{"@type":"SearchAction","target":{"@type":"EntryPoint","urlTemplate":"https:\/\/insertech.ca\/en\/?s={search_term_string}"},"query-input":{"@type":"PropertyValueSpecification","valueRequired":true,"valueName":"search_term_string"}}],"inLanguage":"en-US"},{"@type":"Organization","@id":"https:\/\/insertech.ca\/en\/#organization","name":"Insertech","alternateName":"Insertech","url":"https:\/\/insertech.ca\/en\/","logo":{"@type":"ImageObject","inLanguage":"en-US","@id":"https:\/\/insertech.ca\/en\/#\/schema\/logo\/image\/","url":"https:\/\/insertech.ca\/uploads\/2023\/10\/logo-insertech-2022.svg","contentUrl":"https:\/\/insertech.ca\/uploads\/2023\/10\/logo-insertech-2022.svg","width":"1024","height":"1024","caption":"Insertech"},"image":{"@id":"https:\/\/insertech.ca\/en\/#\/schema\/logo\/image\/"},"sameAs":["https:\/\/www.facebook.com\/insertech.angus","https:\/\/x.com\/insertech","http:\/\/www.linkedin.com\/company\/insertech-angus","https:\/\/www.instagram.com\/insertechangus\/"]}]}},"_links":{"self":[{"href":"https:\/\/insertech.ca\/en\/wp-json\/wp\/v2\/pages\/24260","targetHints":{"allow":["GET"]}}],"collection":[{"href":"https:\/\/insertech.ca\/en\/wp-json\/wp\/v2\/pages"}],"about":[{"href":"https:\/\/insertech.ca\/en\/wp-json\/wp\/v2\/types\/page"}],"author":[{"embeddable":true,"href":"https:\/\/insertech.ca\/en\/wp-json\/wp\/v2\/users\/4"}],"replies":[{"embeddable":true,"href":"https:\/\/insertech.ca\/en\/wp-json\/wp\/v2\/comments?post=24260"}],"version-history":[{"count":0,"href":"https:\/\/insertech.ca\/en\/wp-json\/wp\/v2\/pages\/24260\/revisions"}],"up":[{"embeddable":true,"href":"https:\/\/insertech.ca\/en\/wp-json\/wp\/v2\/pages\/22166"}],"wp:attachment":[{"href":"https:\/\/insertech.ca\/en\/wp-json\/wp\/v2\/media?parent=24260"}],"curies":[{"name":"wp","href":"https:\/\/api.w.org\/{rel}","templated":true}]}}