{"id":24285,"date":"2024-07-25T15:38:24","date_gmt":"2024-07-25T19:38:24","guid":{"rendered":"https:\/\/insertech.ca\/?page_id=24285"},"modified":"2024-07-25T15:40:07","modified_gmt":"2024-07-25T19:40:07","slug":"profils-participants","status":"publish","type":"page","link":"https:\/\/insertech.ca\/en\/profils-participants\/","title":{"rendered":"Profils de participa"},"content":{"rendered":"<section class=\"l-section wpb_row us_custom_7ea58935 height_medium\"><div class=\"l-section-h i-cf\"><div class=\"g-cols vc_row via_grid cols_1 laptops-cols_inherit tablets-cols_inherit mobiles-cols_1 valign_top type_default stacking_default\"><div class=\"wpb_column vc_column_container\"><div class=\"vc_column-inner\"><div class=\"w-separator size_medium\"><\/div><div class=\"wpb_text_column us_custom_60e9caca us_animate_this\"><div class=\"wpb_wrapper\"><h1 style=\"text-align: center;\">Profils de participants<\/h1>\n<\/div><\/div><div class=\"w-separator size_medium\"><\/div><\/div><\/div><\/div><\/div><\/section><section class=\"l-section wpb_row rangee-programme height_medium\"><div class=\"l-section-h i-cf\"><div class=\"g-cols vc_row via_grid cols_1 laptops-cols_inherit tablets-cols_inherit mobiles-cols_1 valign_top type_default stacking_default\"><div class=\"wpb_column vc_column_container\"><div class=\"vc_column-inner\"><div class=\"w-separator size_medium\"><\/div><div class=\"wpb_text_column\"><div class=\"wpb_wrapper\"><p>D\u00e9couvrez les profils de plusieurs de nos travailleur.euses en formation qui vous pr\u00e9sentent leur parcours, leurs exp\u00e9riences aupr\u00e8s d&#8217;Insertech et leurs projets pour la suite.<br \/>\nChez Insertech, les profils que nous formons sont multiples et chaque parcours est diff\u00e9rent. Tous ne seront pas pr\u00e9sent\u00e9s dans ces vid\u00e9os, aussi, nous vous invitons \u00e0 nous faire part de votre recherche et nous vous aiderons \u00e0 trouver le candidat id\u00e9al selon vos besoins.<\/p>\n<\/div><\/div><\/div><\/div><\/div><\/div><\/section><section class=\"l-section wpb_row us_custom_5a1eaa17 height_medium\"><div class=\"l-section-h i-cf\"><div class=\"g-cols vc_row via_grid cols_1 laptops-cols_inherit tablets-cols_inherit mobiles-cols_1 valign_top type_default stacking_default\"><div class=\"wpb_column vc_column_container\"><div class=\"vc_column-inner\"><div class=\"g-cols wpb_row rangee-etapes via_grid cols_3 laptops-cols_inherit tablets-cols_inherit mobiles-cols_1 valign_top type_default stacking_default\" style=\"--columns-gap:3rem;\"><div class=\"wpb_column vc_column_container us_custom_60e9caca us_animate_this\"><div class=\"vc_column-inner\"><div class=\"wpb_text_column us_custom_4e55af8d style-h1 has_text_color\"><div class=\"wpb_wrapper\"><h4>Lydia &#8211; Assembleuse<\/h4>\n<\/div><\/div><div class=\"w-separator size_small\"><\/div><div class=\"w-video align_center ratio_initial has_iframe\"><div class=\"w-video-h\"><iframe title=\"Youtube video player\" src=\"\/\/www.youtube.com\/embed\/2an_PDrkiq0?autoplay=0&controls=1&origin=https:\/\/insertech.ca\/en\/&loop=0&mute=0\" allowfullscreen=\"1\" loading=\"lazy\"><\/iframe><\/div><\/div><\/div><\/div><div class=\"wpb_column vc_column_container us_custom_f70d789f us_animate_this\"><div class=\"vc_column-inner\"><div class=\"wpb_text_column us_custom_4e55af8d style-h1 has_text_color\"><div class=\"wpb_wrapper\"><h4>Ismail &#8211; Assembleur<\/h4>\n<\/div><\/div><div class=\"w-separator size_small\"><\/div><div class=\"w-video align_center ratio_initial has_iframe\"><div class=\"w-video-h\"><iframe title=\"Youtube video player\" src=\"\/\/www.youtube.com\/embed\/dN5rnfr8GWI?autoplay=0&controls=1&origin=https:\/\/insertech.ca\/en\/&loop=0&mute=0\" allowfullscreen=\"1\" loading=\"lazy\"><\/iframe><\/div><\/div><\/div><\/div><div class=\"wpb_column vc_column_container us_custom_1fb8b2dc us_animate_this\"><div class=\"vc_column-inner\"><div class=\"wpb_text_column us_custom_4e55af8d style-h1 has_text_color\"><div class=\"wpb_wrapper\"><h4>B\u00e9n\u00e9dicte &#8211; Commise de bureau<\/h4>\n<\/div><\/div><div class=\"w-separator size_small\"><\/div><div class=\"w-video align_center ratio_initial has_iframe\"><div class=\"w-video-h\"><iframe title=\"Youtube video player\" src=\"\/\/www.youtube.com\/embed\/Xf6vHDDLdmI?autoplay=0&controls=1&origin=https:\/\/insertech.ca\/en\/&loop=0&mute=0\" allowfullscreen=\"1\" loading=\"lazy\"><\/iframe><\/div><\/div><\/div><\/div><\/div><\/div><\/div><\/div><\/div><\/section><section class=\"l-section wpb_row us_custom_6cb91b25 rangee-obtention has_text_color height_medium\"><div class=\"l-section-h i-cf\"><div class=\"g-cols vc_row via_grid cols_1 laptops-cols_inherit tablets-cols_inherit mobiles-cols_1 valign_top type_default stacking_default\"><div class=\"wpb_column vc_column_container\"><div class=\"vc_column-inner\"><div class=\"wpb_text_column\"><div class=\"wpb_wrapper\"><h2>Int\u00e9ress\u00e9s ? Contactez-nous !<\/h2>\n<\/div><\/div><div class=\"w-separator size_medium\"><\/div><div class=\"wpb_text_column\"><div class=\"wpb_wrapper\"><p>L&#8217;un de ces profils a retenu votre attention ? Vous avez des questions ou souhaitez rencontrer d&#8217;autres profils ?<br \/>\nContactez Sibylle, notre conseill\u00e8re en emploi au<strong> 514-596-2842 poste 503<\/strong> ou par courriel sur <strong><a href=\"mailto:cemploi@insertech.ca\">cemploi@insertech.ca<\/a>\u00a0<\/strong><\/p>\n<\/div><\/div><\/div><\/div><\/div><\/div><\/section><section class=\"l-section wpb_row height_medium\"><div class=\"l-section-h i-cf\"><div class=\"g-cols vc_row via_grid cols_1 laptops-cols_inherit tablets-cols_inherit mobiles-cols_1 valign_top type_default stacking_default\"><div class=\"wpb_column vc_column_container\"><div class=\"vc_column-inner\"><div class=\"g-cols wpb_row via_grid cols_1 laptops-cols_inherit tablets-cols_inherit mobiles-cols_1 valign_top type_default stacking_default\" style=\"--columns-gap:3rem;\"><div class=\"wpb_column vc_column_container\"><div class=\"vc_column-inner\"><div class=\"wpb_text_column\"><div class=\"wpb_wrapper\"><h2 style=\"text-align: center;\">T\u00e9moignages d\u2019anciens.nes participants.tes<\/h2>\n<\/div><\/div><div class=\"w-separator size_large\"><\/div><div class=\"w-grid us_grid grille-temoignages type_grid layout_360 cols_3 pagination_infinite preload_style_spinner with_css_animation\" id=\"us_grid_1\" style=\"--columns:3;--gap:1.5rem;\" data-filterable=\"true\"><style>@media (max-width:1024px){#us_grid_1{--columns:2!important}}@media (max-width:600px){#us_grid_1{--columns:1!important}}.layout_360 .w-grid-item-h{}<\/style><div class=\"w-grid-list\">\t<article class=\"w-grid-item us_animate_afb size_1x1 post-22489 us_testimonial type-us_testimonial status-publish hentry us_testimonial_category-programme-dinsertion-en\" data-id=\"22489\" style=\"animation-delay:0s\">\r\n\t\t<div class=\"w-grid-item-h\">\r\n\t\t\t\t\t\t<div class=\"w-vwrapper usg_vwrapper_1 align_none valign_top\" style=\"--vwrapper-gap:1.5rem\"><div class=\"w-post-elm post_content usg_post_content_1\"><p>At 20 years old, I was attempting to complete my secondary education, but it wasn&#8217;t going very well. I was searching for something else. Insertech accepted me. I found it very challenging at the beginning, but I persevered. It allowed me to confirm my interest in computer science while also working on my self-confidence and stress management. Towards the end of the program, I completed an internship at iWeb, which later hired me, and I have been working there ever since. I&#8217;m considering pursuing studies in computer science to advance my career at iWeb. Thanks to Insertech, which felt like a family where I never felt judged, but rather encouraged and supported.<\/p>\n<p>&#8211; Isabelle<\/p>\n<\/div><\/div>\t\t<\/div>\r\n\t\t\t<\/article>\r\n\t<article class=\"w-grid-item us_animate_afb size_1x1 post-22490 us_testimonial type-us_testimonial status-publish hentry us_testimonial_category-programme-dinsertion-en\" data-id=\"22490\" style=\"animation-delay:0.1s\">\r\n\t\t<div class=\"w-grid-item-h\">\r\n\t\t\t\t\t\t<div class=\"w-vwrapper usg_vwrapper_1 align_none valign_top\" style=\"--vwrapper-gap:1.5rem\"><div class=\"w-post-elm post_content usg_post_content_1\"><p>Having arrived in Quebec in January 2010 at the age of 26, I couldn&#8217;t find a job and felt isolated. I was lucky enough to join Insertech. It was a valuable training experience with a very professional team that I will never forget. Many opportunities arose for me after my time at Insertech. Today, I work as an IT technician at Dominion Blueline Inc. I am the network manager&#8217;s assistant. I thank the entire Insertech Angus team. Congratulations and thank you for what you do for the environment and for young people!<\/p>\n<p>&#8211; Boubacar<\/p>\n<\/div><\/div>\t\t<\/div>\r\n\t\t\t<\/article>\r\n\t<article class=\"w-grid-item us_animate_afb size_1x1 post-22491 us_testimonial type-us_testimonial status-publish hentry us_testimonial_category-programme-dinsertion-en\" data-id=\"22491\" style=\"animation-delay:0.2s\">\r\n\t\t<div class=\"w-grid-item-h\">\r\n\t\t\t\t\t\t<div class=\"w-vwrapper usg_vwrapper_1 align_none valign_top\" style=\"--vwrapper-gap:1.5rem\"><div class=\"w-post-elm post_content usg_post_content_1\"><p>I arrived at Insertech at the age of 21, wary and rebellious due to a difficult past. My journey there was one of the best investments of my life, spanning six months. Not only did Insertech help me (more than I had anticipated) achieve my professional goals, but it also supported me with other issues over the years, which I never expected to receive help with. I am now a graduate and have been working in my field since 2008. I know that Insertech played a significant role in this, and for that, I sincerely thank them!<\/p>\n<p>&#8211; Rapha\u00ebl<\/p>\n<\/div><\/div>\t\t<\/div>\r\n\t\t\t<\/article>\r\n<\/div>\t<div class=\"w-grid-preloader\">\r\n\t\t<div class=\"g-preloader type_1\">\r\n\t\t\t<div><\/div>\r\n\t\t<\/div>\r\n\t<\/div>\r\n\t\t<div class=\"w-grid-json hidden\" onclick='return {&quot;action&quot;:&quot;us_ajax_grid&quot;,&quot;infinite_scroll&quot;:0,&quot;max_num_pages&quot;:1,&quot;pagination&quot;:&quot;infinite&quot;,&quot;template_vars&quot;:{&quot;columns&quot;:&quot;3&quot;,&quot;exclude_items&quot;:&quot;none&quot;,&quot;img_size&quot;:&quot;default&quot;,&quot;ignore_items_size&quot;:0,&quot;items_layout&quot;:&quot;360&quot;,&quot;items_offset&quot;:&quot;1&quot;,&quot;load_animation&quot;:&quot;afb&quot;,&quot;overriding_link&quot;:&quot;%7B%22url%22%3A%22%22%7D&quot;,&quot;post_id&quot;:0,&quot;query_args&quot;:{&quot;post_type&quot;:[&quot;us_testimonial&quot;],&quot;post_status&quot;:[&quot;publish&quot;,&quot;acf-disabled&quot;],&quot;posts_per_page&quot;:&quot;3&quot;},&quot;orderby_query_args&quot;:{&quot;orderby&quot;:{&quot;date&quot;:&quot;DESC&quot;}},&quot;type&quot;:&quot;grid&quot;,&quot;us_grid_post_type&quot;:&quot;us_testimonial&quot;,&quot;us_grid_ajax_index&quot;:1,&quot;us_grid_filter_query_string&quot;:null,&quot;us_grid_index&quot;:1,&quot;page_args&quot;:[],&quot;lang&quot;:&quot;en&quot;}}'><\/div>\r\n\t<\/div><div class=\"w-separator size_large\"><\/div><div class=\"w-btn-wrapper align_center\"><a class=\"w-btn us-btn-style_3\" target=\"_blank\" href=\"https:\/\/emplois.ca.indeed.com\/cmp\/Insertech-Angus\/reviews\"><span class=\"w-btn-label\">Voir plus<\/span><\/a><\/div><\/div><\/div><\/div><div class=\"w-separator size_huge\"><\/div><\/div><\/div><\/div><\/div><\/section>\n","protected":false},"excerpt":{"rendered":"I arrived at Insertech at the age of 21, wary and rebellious due to a difficult past. My journey there was one of the best investments of my life, spanning six months. Not only did Insertech help me (more than I had anticipated) achieve my professional goals, but it also supported me with other issues...","protected":false},"author":4,"featured_media":0,"parent":0,"menu_order":0,"comment_status":"closed","ping_status":"closed","template":"","meta":{"_acf_changed":false,"footnotes":""},"class_list":["post-24285","page","type-page","status-publish","hentry"],"acf":[],"yoast_head":"\n<title>Profils de participa | Insertech<\/title>\n<meta name=\"description\" content=\"L\u2019informatique t\u2019int\u00e9resse, tu es motiv\u00e9 \u00e0 apprendre, et tu d\u00e9sires prendre ta vie en main? Participe \u00e0 notre programme d\u2019insertion!\" \/>\n<meta name=\"robots\" content=\"noindex, nofollow\" \/>\n<meta property=\"og:locale\" content=\"en_US\" \/>\n<meta property=\"og:type\" content=\"article\" \/>\n<meta property=\"og:title\" content=\"Profils de participa | Insertech\" \/>\n<meta property=\"og:description\" content=\"L\u2019informatique t\u2019int\u00e9resse, tu es motiv\u00e9 \u00e0 apprendre, et tu d\u00e9sires prendre ta vie en main? Participe \u00e0 notre programme d\u2019insertion!\" \/>\n<meta property=\"og:url\" content=\"https:\/\/insertech.ca\/en\/profils-participants\/\" \/>\n<meta property=\"og:site_name\" content=\"Insertech\" \/>\n<meta property=\"article:publisher\" content=\"https:\/\/www.facebook.com\/insertech.angus\" \/>\n<meta property=\"article:modified_time\" content=\"2024-07-25T19:40:07+00:00\" \/>\n<meta property=\"og:image\" content=\"https:\/\/insertech.ca\/uploads\/2024\/05\/Insertech-06.jpg\" \/>\n\t<meta property=\"og:image:width\" content=\"1024\" \/>\n\t<meta property=\"og:image:height\" content=\"681\" \/>\n\t<meta property=\"og:image:type\" content=\"image\/jpeg\" \/>\n<meta name=\"twitter:card\" content=\"summary_large_image\" \/>\n<meta name=\"twitter:site\" content=\"@insertech\" \/>\n<meta name=\"twitter:label1\" content=\"Est. reading time\" \/>\n\t<meta name=\"twitter:data1\" content=\"1 minute\" \/>\n<script type=\"application\/ld+json\" class=\"yoast-schema-graph\">{\"@context\":\"https:\\\/\\\/schema.org\",\"@graph\":[{\"@type\":\"WebPage\",\"@id\":\"https:\\\/\\\/insertech.ca\\\/en\\\/profils-participants\\\/\",\"url\":\"https:\\\/\\\/insertech.ca\\\/en\\\/profils-participants\\\/\",\"name\":\"Profils de participa | Insertech\",\"isPartOf\":{\"@id\":\"https:\\\/\\\/insertech.ca\\\/en\\\/#website\"},\"datePublished\":\"2024-07-25T19:38:24+00:00\",\"dateModified\":\"2024-07-25T19:40:07+00:00\",\"description\":\"L\u2019informatique t\u2019int\u00e9resse, tu es motiv\u00e9 \u00e0 apprendre, et tu d\u00e9sires prendre ta vie en main? Participe \u00e0 notre programme d\u2019insertion!\",\"breadcrumb\":{\"@id\":\"https:\\\/\\\/insertech.ca\\\/en\\\/profils-participants\\\/#breadcrumb\"},\"inLanguage\":\"en-US\",\"potentialAction\":[{\"@type\":\"ReadAction\",\"target\":[\"https:\\\/\\\/insertech.ca\\\/en\\\/profils-participants\\\/\"]}]},{\"@type\":\"BreadcrumbList\",\"@id\":\"https:\\\/\\\/insertech.ca\\\/en\\\/profils-participants\\\/#breadcrumb\",\"itemListElement\":[{\"@type\":\"ListItem\",\"position\":1,\"name\":\"Accueil\",\"item\":\"https:\\\/\\\/insertech.ca\\\/en\\\/\"},{\"@type\":\"ListItem\",\"position\":2,\"name\":\"Profils de participa\"}]},{\"@type\":\"WebSite\",\"@id\":\"https:\\\/\\\/insertech.ca\\\/en\\\/#website\",\"url\":\"https:\\\/\\\/insertech.ca\\\/en\\\/\",\"name\":\"Insertech\",\"description\":\"Technos et engag\u00e9s\",\"publisher\":{\"@id\":\"https:\\\/\\\/insertech.ca\\\/en\\\/#organization\"},\"potentialAction\":[{\"@type\":\"SearchAction\",\"target\":{\"@type\":\"EntryPoint\",\"urlTemplate\":\"https:\\\/\\\/insertech.ca\\\/en\\\/?s={search_term_string}\"},\"query-input\":{\"@type\":\"PropertyValueSpecification\",\"valueRequired\":true,\"valueName\":\"search_term_string\"}}],\"inLanguage\":\"en-US\"},{\"@type\":\"Organization\",\"@id\":\"https:\\\/\\\/insertech.ca\\\/en\\\/#organization\",\"name\":\"Insertech\",\"alternateName\":\"Insertech\",\"url\":\"https:\\\/\\\/insertech.ca\\\/en\\\/\",\"logo\":{\"@type\":\"ImageObject\",\"inLanguage\":\"en-US\",\"@id\":\"https:\\\/\\\/insertech.ca\\\/en\\\/#\\\/schema\\\/logo\\\/image\\\/\",\"url\":\"https:\\\/\\\/insertech.ca\\\/wp-content\\\/uploads\\\/2023\\\/10\\\/logo-insertech-2022.svg\",\"contentUrl\":\"https:\\\/\\\/insertech.ca\\\/wp-content\\\/uploads\\\/2023\\\/10\\\/logo-insertech-2022.svg\",\"width\":\"1024\",\"height\":\"1024\",\"caption\":\"Insertech\"},\"image\":{\"@id\":\"https:\\\/\\\/insertech.ca\\\/en\\\/#\\\/schema\\\/logo\\\/image\\\/\"},\"sameAs\":[\"https:\\\/\\\/www.facebook.com\\\/insertech.angus\",\"https:\\\/\\\/x.com\\\/insertech\",\"http:\\\/\\\/www.linkedin.com\\\/company\\\/insertech-angus\",\"https:\\\/\\\/www.instagram.com\\\/insertechangus\\\/\"]}]}<\/script>\n","yoast_head_json":{"title":"Profils de participa | Insertech","description":"L\u2019informatique t\u2019int\u00e9resse, tu es motiv\u00e9 \u00e0 apprendre, et tu d\u00e9sires prendre ta vie en main? Participe \u00e0 notre programme d\u2019insertion!","robots":{"index":"noindex","follow":"nofollow"},"og_locale":"en_US","og_type":"article","og_title":"Profils de participa | Insertech","og_description":"L\u2019informatique t\u2019int\u00e9resse, tu es motiv\u00e9 \u00e0 apprendre, et tu d\u00e9sires prendre ta vie en main? Participe \u00e0 notre programme d\u2019insertion!","og_url":"https:\/\/insertech.ca\/en\/profils-participants\/","og_site_name":"Insertech","article_publisher":"https:\/\/www.facebook.com\/insertech.angus","article_modified_time":"2024-07-25T19:40:07+00:00","og_image":[{"width":1024,"height":681,"url":"https:\/\/insertech.ca\/uploads\/2024\/05\/Insertech-06.jpg","type":"image\/jpeg"}],"twitter_card":"summary_large_image","twitter_site":"@insertech","twitter_misc":{"Est. reading time":"1 minute"},"schema":{"@context":"https:\/\/schema.org","@graph":[{"@type":"WebPage","@id":"https:\/\/insertech.ca\/en\/profils-participants\/","url":"https:\/\/insertech.ca\/en\/profils-participants\/","name":"Profils de participa | Insertech","isPartOf":{"@id":"https:\/\/insertech.ca\/en\/#website"},"datePublished":"2024-07-25T19:38:24+00:00","dateModified":"2024-07-25T19:40:07+00:00","description":"L\u2019informatique t\u2019int\u00e9resse, tu es motiv\u00e9 \u00e0 apprendre, et tu d\u00e9sires prendre ta vie en main? Participe \u00e0 notre programme d\u2019insertion!","breadcrumb":{"@id":"https:\/\/insertech.ca\/en\/profils-participants\/#breadcrumb"},"inLanguage":"en-US","potentialAction":[{"@type":"ReadAction","target":["https:\/\/insertech.ca\/en\/profils-participants\/"]}]},{"@type":"BreadcrumbList","@id":"https:\/\/insertech.ca\/en\/profils-participants\/#breadcrumb","itemListElement":[{"@type":"ListItem","position":1,"name":"Accueil","item":"https:\/\/insertech.ca\/en\/"},{"@type":"ListItem","position":2,"name":"Profils de participa"}]},{"@type":"WebSite","@id":"https:\/\/insertech.ca\/en\/#website","url":"https:\/\/insertech.ca\/en\/","name":"Insertech","description":"Technos et engag\u00e9s","publisher":{"@id":"https:\/\/insertech.ca\/en\/#organization"},"potentialAction":[{"@type":"SearchAction","target":{"@type":"EntryPoint","urlTemplate":"https:\/\/insertech.ca\/en\/?s={search_term_string}"},"query-input":{"@type":"PropertyValueSpecification","valueRequired":true,"valueName":"search_term_string"}}],"inLanguage":"en-US"},{"@type":"Organization","@id":"https:\/\/insertech.ca\/en\/#organization","name":"Insertech","alternateName":"Insertech","url":"https:\/\/insertech.ca\/en\/","logo":{"@type":"ImageObject","inLanguage":"en-US","@id":"https:\/\/insertech.ca\/en\/#\/schema\/logo\/image\/","url":"https:\/\/insertech.ca\/uploads\/2023\/10\/logo-insertech-2022.svg","contentUrl":"https:\/\/insertech.ca\/uploads\/2023\/10\/logo-insertech-2022.svg","width":"1024","height":"1024","caption":"Insertech"},"image":{"@id":"https:\/\/insertech.ca\/en\/#\/schema\/logo\/image\/"},"sameAs":["https:\/\/www.facebook.com\/insertech.angus","https:\/\/x.com\/insertech","http:\/\/www.linkedin.com\/company\/insertech-angus","https:\/\/www.instagram.com\/insertechangus\/"]}]}},"_links":{"self":[{"href":"https:\/\/insertech.ca\/en\/wp-json\/wp\/v2\/pages\/24285","targetHints":{"allow":["GET"]}}],"collection":[{"href":"https:\/\/insertech.ca\/en\/wp-json\/wp\/v2\/pages"}],"about":[{"href":"https:\/\/insertech.ca\/en\/wp-json\/wp\/v2\/types\/page"}],"author":[{"embeddable":true,"href":"https:\/\/insertech.ca\/en\/wp-json\/wp\/v2\/users\/4"}],"replies":[{"embeddable":true,"href":"https:\/\/insertech.ca\/en\/wp-json\/wp\/v2\/comments?post=24285"}],"version-history":[{"count":0,"href":"https:\/\/insertech.ca\/en\/wp-json\/wp\/v2\/pages\/24285\/revisions"}],"wp:attachment":[{"href":"https:\/\/insertech.ca\/en\/wp-json\/wp\/v2\/media?parent=24285"}],"curies":[{"name":"wp","href":"https:\/\/api.w.org\/{rel}","templated":true}]}}