{"id":24580,"date":"2024-10-07T15:16:00","date_gmt":"2024-10-07T19:16:00","guid":{"rendered":"https:\/\/insertech.ca\/?page_id=24580"},"modified":"2024-11-14T10:26:30","modified_gmt":"2024-11-14T15:26:30","slug":"devenir-membre","status":"publish","type":"page","link":"https:\/\/insertech.ca\/en\/devenir-membre\/","title":{"rendered":"Devenir membre"},"content":{"rendered":"<section class=\"l-section wpb_row us_custom_7ea58935 height_medium\"><div class=\"l-section-h i-cf\"><div class=\"g-cols vc_row via_grid cols_1 laptops-cols_inherit tablets-cols_inherit mobiles-cols_1 valign_top type_default stacking_default\"><div class=\"wpb_column vc_column_container\"><div class=\"vc_column-inner\"><div class=\"w-separator size_medium\"><\/div><div class=\"wpb_text_column us_custom_60e9caca us_animate_this\"><div class=\"wpb_wrapper\"><h1 style=\"text-align: center;\">Pourquoi devenir membre d&#8217;Insertech ?<\/h1>\n<\/div><\/div><div class=\"w-separator size_medium\"><\/div><\/div><\/div><\/div><\/div><\/section><section class=\"l-section wpb_row rangee-programme height_medium\"><div class=\"l-section-h i-cf\"><div class=\"g-cols vc_row via_grid cols_2 laptops-cols_inherit tablets-cols_inherit mobiles-cols_1 valign_top type_default stacking_default\"><div class=\"wpb_column vc_column_container\"><div class=\"vc_column-inner\"><div class=\"wpb_text_column\"><div class=\"wpb_wrapper\"><h2>Qu\u2019est-ce qu\u2019Insertech ?<\/h2>\n<\/div><\/div><div class=\"w-separator size_medium\"><\/div><div class=\"wpb_text_column\"><div class=\"wpb_wrapper\"><p>Insertech est une entreprise d\u2019\u00e9conomie sociale, en activit\u00e9 depuis 1998, dont la mission premi\u00e8re est de permettre \u00e0 de jeunes adultes de trouver leur place sur le march\u00e9 de l\u2019emploi et dans la soci\u00e9t\u00e9 en g\u00e9n\u00e9ral. Elle vise \u00e9galement \u00e0 lutter contre la surconsommation et le gaspillage des ressources en prolongeant la dur\u00e9e d\u2019usage des appareils informatiques, et \u00e0 d\u00e9mocratiser la technologie en favorisant l\u2019acc\u00e8s aux connaissances et \u00e0 des appareils de qualit\u00e9 abordables.<\/p>\n<p>Insertech est l\u2019une des 50 entreprises d\u2019insertion socioprofessionnelle qu\u00e9b\u00e9coises reconnues et appuy\u00e9es financi\u00e8rement par Services Qu\u00e9bec.<\/p>\n<\/div><\/div><\/div><\/div><div class=\"wpb_column vc_column_container\"><div class=\"vc_column-inner\"><div class=\"w-image align_none\"><div class=\"w-image-h\"><img decoding=\"async\" width=\"600\" height=\"399\" src=\"https:\/\/insertech.ca\/uploads\/2024\/10\/Insertech-10-600x399.jpg\" class=\"attachment-us_600_600 size-us_600_600\" alt=\"\" loading=\"lazy\" srcset=\"https:\/\/insertech.ca\/uploads\/2024\/10\/Insertech-10-600x399.jpg 600w, https:\/\/insertech.ca\/uploads\/2024\/10\/Insertech-10-300x200.jpg 300w, https:\/\/insertech.ca\/uploads\/2024\/10\/Insertech-10.jpg 1024w\" sizes=\"auto, (max-width: 600px) 100vw, 600px\" \/><\/div><\/div><\/div><\/div><\/div><\/div><\/section><section class=\"l-section wpb_row rangee-programme height_medium\"><div class=\"l-section-h i-cf\"><div class=\"g-cols vc_row via_grid cols_1 laptops-cols_inherit tablets-cols_inherit mobiles-cols_1 valign_top type_default stacking_default\"><div class=\"wpb_column vc_column_container\"><div class=\"vc_column-inner\"><div class=\"wpb_text_column\"><div class=\"wpb_wrapper\"><h2>Pourquoi Insertech a besoin de vous ?<\/h2>\n<\/div><\/div><div class=\"w-separator size_medium\"><\/div><div class=\"wpb_text_column\"><div class=\"wpb_wrapper\"><p>Pour contribuer \u00e0 des changements dans la soci\u00e9t\u00e9 (en mati\u00e8re d\u2019inclusion sociale, de d\u00e9mocratisation de la technologie, de lutte au gaspillage des ressources), Insertech a besoin d\u2019\u00eatre appuy\u00e9e par des gens qui reconnaissent la pertinence de son action. En devenant membre d\u2019Insertech, vous\u00a0:<\/p>\n<ul>\n<li>Officialisez cet appui<\/li>\n<li>Rejoignez une communaut\u00e9 de personnes engag\u00e9es<\/li>\n<li>Et aidez Insertech \u00e0 convaincre d\u2019autres personnes, notamment les d\u00e9cideurs, de l\u2019importance de passer \u00e0 l\u2019action!<\/li>\n<\/ul>\n<\/div><\/div><\/div><\/div><\/div><\/div><\/section><section class=\"l-section wpb_row rangee-programme height_medium\"><div class=\"l-section-h i-cf\"><div class=\"g-cols vc_row via_grid cols_1 laptops-cols_inherit tablets-cols_inherit mobiles-cols_1 valign_top type_default stacking_default\"><div class=\"wpb_column vc_column_container\"><div class=\"vc_column-inner\"><div class=\"wpb_text_column\"><div class=\"wpb_wrapper\"><h2>Qu\u2019est-ce que vous apporte le fait d\u2019\u00eatre membre ?<\/h2>\n<\/div><\/div><div class=\"w-separator size_medium\"><\/div><div class=\"wpb_text_column\"><div class=\"wpb_wrapper\"><p>En tant que membres, vous serez invit\u00e9s \u00e0 <strong>participer chaque ann\u00e9e \u00e0 l\u2019assembl\u00e9e g\u00e9n\u00e9rale annuelle<\/strong>. \u00a0Lors de cette assembl\u00e9e, vous serez inform\u00e9s en primeur des r\u00e9sultats et enjeux de l\u2019organisation, et pourrez contribuer \u00e0 l\u2019\u00e9lection des membres du conseil d\u2019administration.<\/p>\n<p>Vous recevrez \u00e9galement des communications et des invitations \u00e0 des activit\u00e9s vous permettant de <strong>d\u00e9velopper une compr\u00e9hension approfondie des enjeux<\/strong> li\u00e9s \u00e0 l\u2019inclusion sociale et professionnelle des personnes en situation de pr\u00e9carit\u00e9, au num\u00e9rique responsable et \u00e0 l\u2019\u00e9conomie circulaire.<\/p>\n<p>De plus, vous <strong>enrichirez votre r\u00e9seau<\/strong> de personnes partageant vos valeurs et votre vision d\u2019une soci\u00e9t\u00e9 plus inclusive et respectueuse de l\u2019environnement.<\/p>\n<p>Et, cerise sur le sundae, <strong>vous b\u00e9n\u00e9ficierez en boutique de 10% de rabais<\/strong> sur tout article reconditionn\u00e9, ainsi que sur les services (soutien technique, r\u00e9paration, formation).<\/p>\n<\/div><\/div><\/div><\/div><\/div><\/div><\/section><section class=\"l-section wpb_row rangee-programme height_medium\"><div class=\"l-section-h i-cf\"><div class=\"g-cols vc_row via_grid cols_2 laptops-cols_inherit tablets-cols_inherit mobiles-cols_1 valign_top type_default stacking_default\"><div class=\"wpb_column vc_column_container\"><div class=\"vc_column-inner\"><div class=\"w-separator size_large\"><\/div><div class=\"w-image align_none\"><div class=\"w-image-h\"><img decoding=\"async\" width=\"1024\" height=\"681\" src=\"https:\/\/insertech.ca\/uploads\/2024\/08\/SR_Insertech-86-1.jpg\" class=\"attachment-large size-large\" alt=\"\" loading=\"lazy\" srcset=\"https:\/\/insertech.ca\/uploads\/2024\/08\/SR_Insertech-86-1.jpg 1024w, https:\/\/insertech.ca\/uploads\/2024\/08\/SR_Insertech-86-1-300x200.jpg 300w, https:\/\/insertech.ca\/uploads\/2024\/08\/SR_Insertech-86-1-600x399.jpg 600w\" sizes=\"auto, (max-width: 1024px) 100vw, 1024px\" \/><\/div><\/div><\/div><\/div><div class=\"wpb_column vc_column_container\"><div class=\"vc_column-inner\"><div class=\"wpb_text_column\"><div class=\"wpb_wrapper\"><h2>Qui peut \u00eatre membre d\u2019Insertech ?<\/h2>\n<\/div><\/div><div class=\"w-separator size_medium\"><\/div><div class=\"wpb_text_column\"><div class=\"wpb_wrapper\"><p><span data-teams=\"true\"><span class=\"ui-provider a b c d e f g h i j k l m n o p q r s t u v w x y z ab ac ae af ag ah ai aj ak\" dir=\"ltr\">Toute personne qui remplit et maintient les conditions suivantes peut \u00eatre membre d\u2019Insertech:\u00a0<\/span><\/span><\/p>\n<ul>\n<li>Avoir une expertise ou une exp\u00e9rience professionnelle pertinente dans l\u2019un des secteurs suivants:<\/li>\n<\/ul>\n<ol>\n<li style=\"list-style-type: none;\">\n<ol>\n<li>De l\u2019\u00e9conomie sociale<\/li>\n<li>De l\u2019\u00e9conomie circulaire<\/li>\n<li>Du num\u00e9rique responsable<\/li>\n<li>De l\u2019\u00e9quit\u00e9 et de l\u2019inclusion sociale;<\/li>\n<\/ol>\n<\/li>\n<\/ol>\n<ul>\n<li>Ne pas \u00eatre \u00e0 l\u2019emploi chez Insertech;<\/li>\n<li>Adh\u00e9rer \u00e0 la mission d\u2019Insertech;<\/li>\n<li>Remplir le formulaire d\u2019adh\u00e9sion;<\/li>\n<li>\u00catre accept\u00e9.e par le Conseil d&#8217;administration.<\/li>\n<\/ul>\n<\/div><\/div><\/div><\/div><\/div><\/div><\/section><section class=\"l-section wpb_row us_custom_0ef9331c height_medium\"><div class=\"l-section-h i-cf\"><div class=\"g-cols vc_row via_grid cols_1 laptops-cols_inherit tablets-cols_inherit mobiles-cols_1 valign_top type_default stacking_default\"><div class=\"wpb_column vc_column_container\"><div class=\"vc_column-inner\"><div class=\"wpb_text_column us_custom_6df4bc3a has_text_color\"><div class=\"wpb_wrapper\"><h2>Formulaire d&#8217;adh\u00e9sion au titre de membre d&#8217;Insertech<\/h2>\n<\/div><\/div><div class=\"w-separator size_medium\"><\/div><form class=\"w-form  us-field-style_1 us_custom_6df4bc3a has_text_color layout_ver show_message_after_sending for_cform us_form_1\" action=\"https:\/\/insertech.ca\/en\/wp-json\/wp\/v2\/pages\/24580\" method=\"post\"><div class=\"w-form-h\"><div class=\"w-form-row for_text has_label required\">\r\n\t\t\t<div class=\"w-form-row-label\">\r\n\t\t\t<span>Pr\u00e9nom *<\/span>\r\n\t\t<\/div>\r\n\t\t<div class=\"w-form-row-field\">\r\n\t\t\t\t\t\t<input aria-label=\"Pr\u00e9nom\" type=\"text\" name=\"us_form_1_text_1\" value placeholder=\"Pr\u00e9nom\" data-required=\"true\" aria-required=\"true\"\/>\r\n\t\t\t<\/div>\r\n\t\t<div class=\"w-form-row-state\">Fill out this field<\/div>\r\n<\/div>\r\n<div class=\"w-form-row for_text has_label required\">\r\n\t\t\t<div class=\"w-form-row-label\">\r\n\t\t\t<span>Nom *<\/span>\r\n\t\t<\/div>\r\n\t\t<div class=\"w-form-row-field\">\r\n\t\t\t\t\t\t<input aria-label=\"Nom\" type=\"text\" name=\"us_form_1_text_2\" value placeholder=\"Nom\" data-required=\"true\" aria-required=\"true\"\/>\r\n\t\t\t<\/div>\r\n\t\t<div class=\"w-form-row-state\">Fill out this field<\/div>\r\n<\/div>\r\n<div class=\"w-form-row for_textarea has_label required\">\r\n\t\t\t<div class=\"w-form-row-label\">\r\n\t\t\t<span>Adresse *<\/span>\r\n\t\t<\/div>\r\n\t\t<div class=\"w-form-row-field\">\r\n\t\t\t\t\t\t<textarea aria-label=\"Adresse\" name=\"us_form_1_textarea_1\" placeholder data-required=\"true\" aria-required=\"true\"><\/textarea>\r\n\t\t\t<\/div>\r\n\t\t<div class=\"w-form-row-state\">Fill out this field<\/div>\r\n<\/div>\r\n<div class=\"w-form-row for_email has_label required\">\r\n\t\t\t<div class=\"w-form-row-label\">\r\n\t\t\t<span>Courriel *<\/span>\r\n\t\t<\/div>\r\n\t\t<div class=\"w-form-row-field\">\r\n\t\t\t\t\t\t<input aria-label=\"Courriel\" type=\"email\" name=\"us_form_1_email_1\" value placeholder data-required=\"true\" aria-required=\"true\"\/>\r\n\t\t\t<\/div>\r\n\t\t<div class=\"w-form-row-state\">Please enter a valid email address.<\/div>\r\n<\/div>\r\n<div class=\"w-form-row for_text has_label\">\r\n\t\t\t<div class=\"w-form-row-label\">\r\n\t\t\t<span>Veuillez indiquer l'adresse de votre profil LinkedIn, si applicable<\/span>\r\n\t\t<\/div>\r\n\t\t<div class=\"w-form-row-field\">\r\n\t\t\t\t\t\t<input aria-label=\"Veuillez indiquer l&#039;adresse de votre profil LinkedIn, si applicable\" type=\"text\" name=\"us_form_1_text_3\" value placeholder\/>\r\n\t\t\t<\/div>\r\n\t\t<div class=\"w-form-row-state\">Fill out this field<\/div>\r\n<\/div>\r\n<div class=\"w-form-row for_info\">\r\n\t<p>Les membres d\u2019Insertech sont des personnes qui adh\u00e8re \u00e0 la mission et aux valeurs d\u2019Insertech, et qui ont une expertise professionnelle dans l\u2019un ou l\u2019autre de ces domaines : L\u2019\u00e9quit\u00e9 et l\u2019inclusion, L\u2019\u00e9conomie circulaire, Le num\u00e9rique responsable, L\u2019\u00e9conomie sociale. Dans lequel de ces domaines avez-vous une expertise professionnelle ? <\/p>\r\n<\/div>\r\n<div class=\"w-form-row for_checkboxes has_label required\">\r\n\t\t\t<div class=\"w-form-row-label\">\r\n\t\t\t<span>S\u00e9lectionner le.s domaine.s d'expertise <span class=\"required\">*<\/span><\/span>\r\n\t\t<\/div>\r\n\t\t<div class=\"w-form-row-field\">\r\n\t\t\t\t\t<label>\r\n\t\t\t\t<input type=\"checkbox\" name=\"us_form_1_checkboxes_1[]\" data-required=\"true\" value=\"\u00c9quit\u00e9 et l\u2019inclusion\"\/>\r\n\t\t\t\t<span>\u00c9quit\u00e9 et l\u2019inclusion<\/span>\r\n\t\t\t<\/label>\r\n\t\t\t\t\t\t<label>\r\n\t\t\t\t<input type=\"checkbox\" name=\"us_form_1_checkboxes_1[]\" data-required=\"true\" value=\"\u00c9conomie circulaire\"\/>\r\n\t\t\t\t<span>\u00c9conomie circulaire<\/span>\r\n\t\t\t<\/label>\r\n\t\t\t\t\t\t<label>\r\n\t\t\t\t<input type=\"checkbox\" name=\"us_form_1_checkboxes_1[]\" data-required=\"true\" value=\"Num\u00e9rique responsable\"\/>\r\n\t\t\t\t<span>Num\u00e9rique responsable<\/span>\r\n\t\t\t<\/label>\r\n\t\t\t\t\t\t<label>\r\n\t\t\t\t<input type=\"checkbox\" name=\"us_form_1_checkboxes_1[]\" data-required=\"true\" value=\"\u00c9conomie sociale\"\/>\r\n\t\t\t\t<span>\u00c9conomie sociale<\/span>\r\n\t\t\t<\/label>\r\n\t\t\t\t<\/div>\r\n\t\t<div class=\"w-form-row-state\">Select an option<\/div>\r\n<\/div>\r\n<div class=\"w-form-row for_textarea has_label\">\r\n\t\t\t<div class=\"w-form-row-label\">\r\n\t\t\t<span>Pouvez-vous nous dire quelques mots sur cette expertise? (\u00e9tudes, exp\u00e9riences de travail, organisations pour lesquelles vous avez travaill\u00e9, employeur actuel, etc.)<\/span>\r\n\t\t<\/div>\r\n\t\t<div class=\"w-form-row-field\">\r\n\t\t\t\t\t\t<textarea aria-label=\"Pouvez-vous nous dire quelques mots sur cette expertise? (\u00e9tudes, exp\u00e9riences de travail, organisations pour lesquelles vous avez travaill\u00e9, employeur actuel, etc.)\" name=\"us_form_1_textarea_2\" placeholder><\/textarea>\r\n\t\t\t<\/div>\r\n\t\t<div class=\"w-form-row-state\">Fill out this field<\/div>\r\n<\/div>\r\n<div class=\"w-form-row for_select has_label\">\r\n\t\t\t<div class=\"w-form-row-label\">\r\n\t\t\t<span>Souhaitez-vous recevoir l\u2019infolettre \u00e9lectronique d\u2019Insertech ? (3-4 fois par ann\u00e9e) <\/span>\r\n\t\t<\/div>\r\n\t\t<div class=\"w-form-row-field\">\r\n\t\t\t\t\t\t<select aria-label=\"Souhaitez-vous recevoir l\u2019infolettre \u00e9lectronique d\u2019Insertech ? (3-4 fois par ann\u00e9e) \" name=\"us_form_1_select_1\">\r\n\t\t\t<option value=\"Oui\">Oui<\/option><option value=\"Non\">Non<\/option>\t\t<\/select>\r\n\t\t\t<\/div>\r\n\t\t<div class=\"w-form-row-state\">Select an option<\/div>\r\n<\/div>\r\n<div class=\"w-form-row for_agreement required\">\r\n\t\t\t<div class=\"w-form-row-label\">\r\n\t\t\t<span>En cochant cette case, vous confirmez respecter les crit\u00e8res d\u2019admissibilit\u00e9 et souhaiter devenir membre d\u2019Insertech.  <span class=\"required\">*<\/span><\/span>\r\n\t\t<\/div>\r\n\t\t<div class=\"w-form-row-field\">\r\n\t\t\t\t<label>\r\n\t\t\t<input type=\"checkbox\" value=\"1\" data-required=\"true\" aria-required=\"true\" name=\"us_form_1_agreement_1\"\/>\r\n\t\t\t<span><\/span>\r\n\t\t<\/label>\r\n\t\t\t<\/div>\r\n\t\t<div class=\"w-form-row-state\">You need to agree with the terms to proceed<\/div>\r\n<\/div>\r\n<div class=\"w-form-row for_info\">\r\n\t<p>Merci pour votre int\u00e9r\u00eat envers Insertech ! <\/p>\r\n<\/div>\r\n<input type=\"hidden\" name=\"action\" value=\"us_ajax_cform\" \/>\r\n<input type=\"hidden\" name=\"post_id\" value=\"0\" \/>\r\n<input type=\"hidden\" name=\"form_index\" value=\"1\" \/>\r\n<div class=\"w-form-row for_submit align_none\"><button class=\"w-btn us-btn-style_1\" type=\"submit\" aria-label=\"Submit\"><span class=\"g-preloader type_1\"><\/span><span class=\"w-btn-label\">Submit<\/span><\/button><\/div><\/div><div class=\"w-form-message\"><\/div><div class=\"w-form-json hidden\" onclick='return {&quot;ajaxurl&quot;:&quot;https:\\\/\\\/insertech.ca\\\/gestion\\\/admin-ajax.php&quot;,&quot;messages&quot;:{&quot;err_empty&quot;:&quot;Fill out this field&quot;,&quot;err_size&quot;:&quot;File size cannot exceed %s MB&quot;,&quot;err_extension&quot;:&quot;%s file type is not allowed&quot;,&quot;err_recaptcha_keys&quot;:&quot;reCAPTCHA keys are incorrect&quot;}}'><\/div><\/form><\/div><\/div><\/div><\/div><\/section><section class=\"l-section wpb_row us_custom_a9be633b padding-inline-6 rangee-infolettre height_medium\"><div class=\"l-section-h i-cf\"><div class=\"g-cols vc_row via_grid cols_1 laptops-cols_inherit tablets-cols_inherit mobiles-cols_1 valign_middle type_default stacking_default\"><div class=\"wpb_column vc_column_container\"><div class=\"vc_column-inner\"><div class=\"wpb_text_column style-h3\"><div class=\"wpb_wrapper\"><h2 style=\"text-align: center;\">Des questions? N\u2019h\u00e9sitez pas \u00e0 contacter Saad Sebti<br \/>\nau 514 596-2842 poste 303 ou sur <a href=\"mailto:ssebti@insertech.ca\">ssebti@insertech.ca<\/a><\/h2>\n<\/div><\/div><\/div><\/div><\/div><\/div><\/section>\n","protected":false},"excerpt":{"rendered":"Pourquoi devenir membre d&#8217;Insertech ? Qu\u2019est-ce qu\u2019Insertech ? Insertech est une entreprise d\u2019\u00e9conomie sociale, en activit\u00e9 depuis 1998, dont la mission premi\u00e8re est de permettre \u00e0 de jeunes adultes de trouver leur place sur le march\u00e9 de l\u2019emploi et dans la soci\u00e9t\u00e9 en g\u00e9n\u00e9ral. Elle vise \u00e9galement \u00e0 lutter contre la surconsommation et le gaspillage...","protected":false},"author":4,"featured_media":0,"parent":0,"menu_order":0,"comment_status":"closed","ping_status":"closed","template":"","meta":{"_acf_changed":false,"footnotes":""},"class_list":["post-24580","page","type-page","status-publish","hentry"],"acf":[],"yoast_head":"\n<title>Devenir membre | Insertech<\/title>\n<meta name=\"description\" content=\"Devenez membre pour contribuer \u00e0 des changements dans la soci\u00e9t\u00e9 (en mati\u00e8re d\u2019inclusion sociale, de d\u00e9mocratisation de la technologie, de lutte au gaspillage des ressources)\" \/>\n<meta name=\"robots\" content=\"index, follow, max-snippet:-1, max-image-preview:large, max-video-preview:-1\" \/>\n<link rel=\"canonical\" href=\"https:\/\/insertech.ca\/en\/devenir-membre\/\" \/>\n<meta property=\"og:locale\" content=\"en_US\" \/>\n<meta property=\"og:type\" content=\"article\" \/>\n<meta property=\"og:title\" content=\"Devenir membre | Insertech\" \/>\n<meta property=\"og:description\" content=\"Devenez membre pour contribuer \u00e0 des changements dans la soci\u00e9t\u00e9 (en mati\u00e8re d\u2019inclusion sociale, de d\u00e9mocratisation de la technologie, de lutte au gaspillage des ressources)\" \/>\n<meta property=\"og:url\" content=\"https:\/\/insertech.ca\/en\/devenir-membre\/\" \/>\n<meta property=\"og:site_name\" content=\"Insertech\" \/>\n<meta property=\"article:publisher\" content=\"https:\/\/www.facebook.com\/insertech.angus\" \/>\n<meta property=\"article:modified_time\" content=\"2024-11-14T15:26:30+00:00\" \/>\n<meta property=\"og:image\" content=\"https:\/\/insertech.ca\/uploads\/2024\/05\/Insertech-06.jpg\" \/>\n\t<meta property=\"og:image:width\" content=\"1024\" \/>\n\t<meta property=\"og:image:height\" content=\"681\" \/>\n\t<meta property=\"og:image:type\" content=\"image\/jpeg\" \/>\n<meta name=\"twitter:card\" content=\"summary_large_image\" \/>\n<meta name=\"twitter:site\" content=\"@insertech\" \/>\n<meta name=\"twitter:label1\" content=\"Est. reading time\" \/>\n\t<meta name=\"twitter:data1\" content=\"3 minutes\" \/>\n<script type=\"application\/ld+json\" class=\"yoast-schema-graph\">{\"@context\":\"https:\\\/\\\/schema.org\",\"@graph\":[{\"@type\":\"WebPage\",\"@id\":\"https:\\\/\\\/insertech.ca\\\/en\\\/devenir-membre\\\/\",\"url\":\"https:\\\/\\\/insertech.ca\\\/en\\\/devenir-membre\\\/\",\"name\":\"Devenir membre | Insertech\",\"isPartOf\":{\"@id\":\"https:\\\/\\\/insertech.ca\\\/en\\\/#website\"},\"datePublished\":\"2024-10-07T19:16:00+00:00\",\"dateModified\":\"2024-11-14T15:26:30+00:00\",\"description\":\"Devenez membre pour contribuer \u00e0 des changements dans la soci\u00e9t\u00e9 (en mati\u00e8re d\u2019inclusion sociale, de d\u00e9mocratisation de la technologie, de lutte au gaspillage des ressources)\",\"breadcrumb\":{\"@id\":\"https:\\\/\\\/insertech.ca\\\/en\\\/devenir-membre\\\/#breadcrumb\"},\"inLanguage\":\"en-US\",\"potentialAction\":[{\"@type\":\"ReadAction\",\"target\":[\"https:\\\/\\\/insertech.ca\\\/en\\\/devenir-membre\\\/\"]}]},{\"@type\":\"BreadcrumbList\",\"@id\":\"https:\\\/\\\/insertech.ca\\\/en\\\/devenir-membre\\\/#breadcrumb\",\"itemListElement\":[{\"@type\":\"ListItem\",\"position\":1,\"name\":\"Accueil\",\"item\":\"https:\\\/\\\/insertech.ca\\\/en\\\/\"},{\"@type\":\"ListItem\",\"position\":2,\"name\":\"Devenir membre\"}]},{\"@type\":\"WebSite\",\"@id\":\"https:\\\/\\\/insertech.ca\\\/en\\\/#website\",\"url\":\"https:\\\/\\\/insertech.ca\\\/en\\\/\",\"name\":\"Insertech\",\"description\":\"Technos et engag\u00e9s\",\"publisher\":{\"@id\":\"https:\\\/\\\/insertech.ca\\\/en\\\/#organization\"},\"potentialAction\":[{\"@type\":\"SearchAction\",\"target\":{\"@type\":\"EntryPoint\",\"urlTemplate\":\"https:\\\/\\\/insertech.ca\\\/en\\\/?s={search_term_string}\"},\"query-input\":{\"@type\":\"PropertyValueSpecification\",\"valueRequired\":true,\"valueName\":\"search_term_string\"}}],\"inLanguage\":\"en-US\"},{\"@type\":\"Organization\",\"@id\":\"https:\\\/\\\/insertech.ca\\\/en\\\/#organization\",\"name\":\"Insertech\",\"alternateName\":\"Insertech\",\"url\":\"https:\\\/\\\/insertech.ca\\\/en\\\/\",\"logo\":{\"@type\":\"ImageObject\",\"inLanguage\":\"en-US\",\"@id\":\"https:\\\/\\\/insertech.ca\\\/en\\\/#\\\/schema\\\/logo\\\/image\\\/\",\"url\":\"https:\\\/\\\/insertech.ca\\\/wp-content\\\/uploads\\\/2023\\\/10\\\/logo-insertech-2022.svg\",\"contentUrl\":\"https:\\\/\\\/insertech.ca\\\/wp-content\\\/uploads\\\/2023\\\/10\\\/logo-insertech-2022.svg\",\"width\":\"1024\",\"height\":\"1024\",\"caption\":\"Insertech\"},\"image\":{\"@id\":\"https:\\\/\\\/insertech.ca\\\/en\\\/#\\\/schema\\\/logo\\\/image\\\/\"},\"sameAs\":[\"https:\\\/\\\/www.facebook.com\\\/insertech.angus\",\"https:\\\/\\\/x.com\\\/insertech\",\"http:\\\/\\\/www.linkedin.com\\\/company\\\/insertech-angus\",\"https:\\\/\\\/www.instagram.com\\\/insertechangus\\\/\"]}]}<\/script>\n","yoast_head_json":{"title":"Devenir membre | Insertech","description":"Devenez membre pour contribuer \u00e0 des changements dans la soci\u00e9t\u00e9 (en mati\u00e8re d\u2019inclusion sociale, de d\u00e9mocratisation de la technologie, de lutte au gaspillage des ressources)","robots":{"index":"index","follow":"follow","max-snippet":"max-snippet:-1","max-image-preview":"max-image-preview:large","max-video-preview":"max-video-preview:-1"},"canonical":"https:\/\/insertech.ca\/en\/devenir-membre\/","og_locale":"en_US","og_type":"article","og_title":"Devenir membre | Insertech","og_description":"Devenez membre pour contribuer \u00e0 des changements dans la soci\u00e9t\u00e9 (en mati\u00e8re d\u2019inclusion sociale, de d\u00e9mocratisation de la technologie, de lutte au gaspillage des ressources)","og_url":"https:\/\/insertech.ca\/en\/devenir-membre\/","og_site_name":"Insertech","article_publisher":"https:\/\/www.facebook.com\/insertech.angus","article_modified_time":"2024-11-14T15:26:30+00:00","og_image":[{"width":1024,"height":681,"url":"https:\/\/insertech.ca\/uploads\/2024\/05\/Insertech-06.jpg","type":"image\/jpeg"}],"twitter_card":"summary_large_image","twitter_site":"@insertech","twitter_misc":{"Est. reading time":"3 minutes"},"schema":{"@context":"https:\/\/schema.org","@graph":[{"@type":"WebPage","@id":"https:\/\/insertech.ca\/en\/devenir-membre\/","url":"https:\/\/insertech.ca\/en\/devenir-membre\/","name":"Devenir membre | Insertech","isPartOf":{"@id":"https:\/\/insertech.ca\/en\/#website"},"datePublished":"2024-10-07T19:16:00+00:00","dateModified":"2024-11-14T15:26:30+00:00","description":"Devenez membre pour contribuer \u00e0 des changements dans la soci\u00e9t\u00e9 (en mati\u00e8re d\u2019inclusion sociale, de d\u00e9mocratisation de la technologie, de lutte au gaspillage des ressources)","breadcrumb":{"@id":"https:\/\/insertech.ca\/en\/devenir-membre\/#breadcrumb"},"inLanguage":"en-US","potentialAction":[{"@type":"ReadAction","target":["https:\/\/insertech.ca\/en\/devenir-membre\/"]}]},{"@type":"BreadcrumbList","@id":"https:\/\/insertech.ca\/en\/devenir-membre\/#breadcrumb","itemListElement":[{"@type":"ListItem","position":1,"name":"Accueil","item":"https:\/\/insertech.ca\/en\/"},{"@type":"ListItem","position":2,"name":"Devenir membre"}]},{"@type":"WebSite","@id":"https:\/\/insertech.ca\/en\/#website","url":"https:\/\/insertech.ca\/en\/","name":"Insertech","description":"Technos et engag\u00e9s","publisher":{"@id":"https:\/\/insertech.ca\/en\/#organization"},"potentialAction":[{"@type":"SearchAction","target":{"@type":"EntryPoint","urlTemplate":"https:\/\/insertech.ca\/en\/?s={search_term_string}"},"query-input":{"@type":"PropertyValueSpecification","valueRequired":true,"valueName":"search_term_string"}}],"inLanguage":"en-US"},{"@type":"Organization","@id":"https:\/\/insertech.ca\/en\/#organization","name":"Insertech","alternateName":"Insertech","url":"https:\/\/insertech.ca\/en\/","logo":{"@type":"ImageObject","inLanguage":"en-US","@id":"https:\/\/insertech.ca\/en\/#\/schema\/logo\/image\/","url":"https:\/\/insertech.ca\/uploads\/2023\/10\/logo-insertech-2022.svg","contentUrl":"https:\/\/insertech.ca\/uploads\/2023\/10\/logo-insertech-2022.svg","width":"1024","height":"1024","caption":"Insertech"},"image":{"@id":"https:\/\/insertech.ca\/en\/#\/schema\/logo\/image\/"},"sameAs":["https:\/\/www.facebook.com\/insertech.angus","https:\/\/x.com\/insertech","http:\/\/www.linkedin.com\/company\/insertech-angus","https:\/\/www.instagram.com\/insertechangus\/"]}]}},"_links":{"self":[{"href":"https:\/\/insertech.ca\/en\/wp-json\/wp\/v2\/pages\/24580","targetHints":{"allow":["GET"]}}],"collection":[{"href":"https:\/\/insertech.ca\/en\/wp-json\/wp\/v2\/pages"}],"about":[{"href":"https:\/\/insertech.ca\/en\/wp-json\/wp\/v2\/types\/page"}],"author":[{"embeddable":true,"href":"https:\/\/insertech.ca\/en\/wp-json\/wp\/v2\/users\/4"}],"replies":[{"embeddable":true,"href":"https:\/\/insertech.ca\/en\/wp-json\/wp\/v2\/comments?post=24580"}],"version-history":[{"count":0,"href":"https:\/\/insertech.ca\/en\/wp-json\/wp\/v2\/pages\/24580\/revisions"}],"wp:attachment":[{"href":"https:\/\/insertech.ca\/en\/wp-json\/wp\/v2\/media?parent=24580"}],"curies":[{"name":"wp","href":"https:\/\/api.w.org\/{rel}","templated":true}]}}