{"id":27440,"date":"2026-01-29T16:01:46","date_gmt":"2026-01-29T21:01:46","guid":{"rendered":"https:\/\/insertech.ca\/?page_id=27440"},"modified":"2026-02-20T11:23:01","modified_gmt":"2026-02-20T16:23:01","slug":"employeur","status":"publish","type":"page","link":"https:\/\/insertech.ca\/en\/employeur\/","title":{"rendered":"Employer avec Insertech"},"content":{"rendered":"<section class=\"l-section wpb_row hero-section height_medium width_custom color_primary with_img\" style=\"--site-content-width:1080px;\"><div class=\"l-section-img\" role=\"img\" aria-label=\"Image\" data-img-width=\"1024\" data-img-height=\"681\" style=\"background-image: url(https:\/\/insertech.ca\/uploads\/2026\/01\/SR_Insertech-38-1.jpg);background-position: top center;background-repeat: no-repeat;\"><\/div><div class=\"l-section-overlay\" style=\"background:var(--color-content-overlay)\"><\/div><div class=\"l-section-h i-cf\"><div class=\"g-cols vc_row via_grid cols_1 laptops-cols_inherit tablets-cols_inherit mobiles-cols_1 valign_top type_default stacking_default\"><div class=\"wpb_column vc_column_container\"><div class=\"vc_column-inner\"><div class=\"wpb_text_column us_custom_60e9caca style-h1 us_animate_this\"><div class=\"wpb_wrapper\"><h1 style=\"text-align: center;\">Employer avec Insertech<\/h1>\n<\/div><\/div><div class=\"w-separator size_small\"><\/div><div class=\"wpb_text_column us_custom_079ff60a us_animate_this\"><div class=\"wpb_wrapper\"><p style=\"text-align: center;\">Insertech accompagne gratuitement votre entreprise<br \/>\ndans l\u2019embauche de candidats form\u00e9s, qualifi\u00e9s et pr\u00eats \u00e0 travailler.<\/p>\n<p style=\"text-align: center;\"><strong>Page en construction.<\/strong><\/p>\n<\/div><\/div><div class=\"w-separator size_small\"><\/div><\/div><\/div><\/div><\/div><\/section><section class=\"l-section wpb_row hero-section height_small width_custom color_primary\" style=\"--site-content-width:1080px;\"><div class=\"l-section-overlay\" style=\"background:var(--color-header-middle-text)\"><\/div><div class=\"l-section-h i-cf\"><div class=\"g-cols vc_row via_grid cols_1 laptops-cols_inherit tablets-cols_inherit mobiles-cols_1 valign_top type_default stacking_default\"><div class=\"wpb_column vc_column_container\"><div class=\"vc_column-inner\"><div class=\"wpb_text_column us_custom_60e9caca style-h1 us_animate_this\"><div class=\"wpb_wrapper\"><h2 style=\"text-align: center;\"><strong>Recrutez des talents motiv\u00e9s.<\/strong><br \/>\n<strong>Insertech s&#8217;occupe du reste.<\/strong><\/h2>\n<\/div><\/div><div class=\"w-separator size_medium\"><\/div><div class=\"wpb_text_column us_custom_079ff60a us_animate_this\"><div class=\"wpb_wrapper\"><p style=\"text-align: left;\">Recruter avec Insertech, c\u2019est b\u00e9n\u00e9ficier d\u2019un accompagnement compl\u00e8tement gratuit avant et apr\u00e8s l\u2019embauche. Nous proposons un soutien au placement des candidats sortants de notre programme, d\u00e9j\u00e0 form\u00e9s en entreprise en conditions r\u00e9elles, op\u00e9rationnels et soutenus par une \u00e9quipe d\u2019accompagnement d\u00e9di\u00e9e.<\/p>\n<p style=\"text-align: left;\">Insertech place l\u2019impact humain et communautaire au c\u0153ur de son mod\u00e8le, tout en r\u00e9pondant aux besoins concrets de main\u2011d\u2019\u0153uvre des employeurs. Nous mettons tout en oeuvre pour que les placements soient p\u00e9rennes et b\u00e9n\u00e9fiques \u00e0 l\u2019entreprise et l\u2019employ\u00e9.<\/p>\n<p style=\"text-align: left;\">Vous acc\u00e9dez \u00e0 des participants motiv\u00e9s, encadr\u00e9s et pr\u00eats \u00e0 contribuer \u00e0 votre organisation d\u00e8s leur arriv\u00e9e.<\/p>\n<\/div><\/div><\/div><\/div><\/div><\/div><\/section><section class=\"l-section wpb_row us_custom_fd773dbe padding-inline-6 has_text_color height_auto type_sticky\"><div class=\"l-section-overlay\" style=\"background:var(--color-header-middle-text)\"><\/div><div class=\"l-section-h i-cf\"><div class=\"g-cols vc_row via_grid cols_1 laptops-cols_inherit tablets-cols_inherit mobiles-cols_1 valign_middle type_default stacking_default\"><div class=\"wpb_column vc_column_container\"><div class=\"vc_column-inner\"><div class=\"wpb_text_column us_custom_afb97d31 title-cta has_text_color\"><div class=\"wpb_wrapper\"><h3 style=\"text-align: center;\">Pour en savoir plus sur notre service d&#8217;accompagnement, r\u00e9servez une entrevue avec M\u00e9lanie !<\/h3>\n<\/div><\/div><div class=\"w-separator size_medium\"><\/div><div class=\"w-btn-wrapper align_center\"><a class=\"w-btn us-btn-style_6 us_custom_4cf7e0f7\" href=\"https:\/\/outlook.office.com\/bookwithme\/user\/69c82f924332450288e50c8a48d350fe@insertech.ca?anonymous&amp;ismsaljsauthenabled=true\"><span class=\"w-btn-label\">R\u00e9server un cr\u00e9neau de rencontre<\/span><\/a><\/div><\/div><\/div><\/div><\/div><\/section><section class=\"l-section wpb_row hero-section height_medium width_custom color_primary\" style=\"--site-content-width:1080px;\"><div class=\"l-section-overlay\" style=\"background:var(--color-header-middle-bg)\"><\/div><div class=\"l-section-h i-cf\"><div class=\"g-cols vc_row via_grid cols_1 laptops-cols_inherit tablets-cols_inherit mobiles-cols_1 valign_top type_default stacking_default\"><div class=\"wpb_column vc_column_container\"><div class=\"vc_column-inner\"><div class=\"wpb_text_column us_custom_cbfb0b46 style-h1 has_text_color us_animate_this\"><div class=\"wpb_wrapper\"><h3 style=\"text-align: center;\">Un service d&#8217;accompagnement cl\u00e9 en main pour faciliter vos recrutements.<\/h3>\n<\/div><\/div><div class=\"w-separator size_medium\"><\/div><div class=\"wpb_text_column us_custom_d4cc01bd has_text_color us_animate_this\"><div class=\"wpb_wrapper\"><p><span data-contrast=\"auto\">Depuis plus de 28 ans,\u00a0<strong>Insertech<\/strong>\u00a0forme, encadre et accompagne des personnes en transition de carri\u00e8re vers des emplois durables en informatique et en bureautique.<\/span><span><br \/>\n<\/span><span data-contrast=\"auto\">Gr\u00e2ce \u00e0 notre mod\u00e8le d\u2019insertion socioprofessionnelle \u00e9prouv\u00e9, nous proposons aux entreprises un\u00a0<\/span><b><span data-contrast=\"auto\">processus d\u2019embauche simplifi\u00e9<\/span><\/b><span data-contrast=\"auto\">, soutenu et\u00a0adapt\u00e9 \u00e0 vos besoins.<\/span><span data-ccp-props=\"{}\">\u00a0<\/span><\/p>\n<p><span data-contrast=\"auto\">Nous aidons les professionnels RH, les gestionnaires et les dirigeants \u00e0 :<\/span><span data-ccp-props=\"{}\">\u00a0<\/span><\/p>\n<ul>\n<li aria-setsize=\"-1\" data-leveltext=\"\uf0b7\" data-font=\"Symbol\" data-listid=\"7\" data-list-defn-props=\"{&quot;335552541&quot;:1,&quot;335559685&quot;:720,&quot;335559991&quot;:360,&quot;469769226&quot;:&quot;Symbol&quot;,&quot;469769242&quot;:&#091;8226&#093;,&quot;469777803&quot;:&quot;left&quot;,&quot;469777804&quot;:&quot;\uf0b7&quot;,&quot;469777815&quot;:&quot;multilevel&quot;}\" data-aria-posinset=\"1\" data-aria-level=\"1\"><span data-contrast=\"auto\">Identifier les candidats les plus adapt\u00e9s \u00e0 leurs besoins<\/span><span data-ccp-props=\"{}\">\u00a0<\/span><\/li>\n<\/ul>\n<ul>\n<li aria-setsize=\"-1\" data-leveltext=\"\uf0b7\" data-font=\"Symbol\" data-listid=\"7\" data-list-defn-props=\"{&quot;335552541&quot;:1,&quot;335559685&quot;:720,&quot;335559991&quot;:360,&quot;469769226&quot;:&quot;Symbol&quot;,&quot;469769242&quot;:&#091;8226&#093;,&quot;469777803&quot;:&quot;left&quot;,&quot;469777804&quot;:&quot;\uf0b7&quot;,&quot;469777815&quot;:&quot;multilevel&quot;}\" data-aria-posinset=\"2\" data-aria-level=\"1\"><span data-contrast=\"auto\">Tester les comp\u00e9tences en situation r\u00e9elle via un stage\u00a0de d\u00e9couverte<\/span><span data-ccp-props=\"{}\">\u00a0<\/span><\/li>\n<\/ul>\n<ul>\n<li aria-setsize=\"-1\" data-leveltext=\"\uf0b7\" data-font=\"Symbol\" data-listid=\"7\" data-list-defn-props=\"{&quot;335552541&quot;:1,&quot;335559685&quot;:720,&quot;335559991&quot;:360,&quot;469769226&quot;:&quot;Symbol&quot;,&quot;469769242&quot;:&#091;8226&#093;,&quot;469777803&quot;:&quot;left&quot;,&quot;469777804&quot;:&quot;\uf0b7&quot;,&quot;469777815&quot;:&quot;multilevel&quot;}\" data-aria-posinset=\"3\" data-aria-level=\"1\"><span data-contrast=\"auto\">Finaliser l\u2019int\u00e9gration dans l\u2019entreprise avec un soutien continu<\/span><span data-ccp-props=\"{}\">\u00a0<\/span><\/li>\n<\/ul>\n<p><span data-contrast=\"auto\">Le tout\u00a0<\/span><b><span data-contrast=\"auto\">sans aucun co\u00fbt ajout\u00e9 pour l\u2019employeur<\/span><\/b><span data-contrast=\"auto\">,\u00a0gr\u00e2ce \u00e0 la prise en charge compl\u00e8te par\u00a0<strong>Insertech<\/strong>\u00a0et aux programmes de soutien gouvernementaux.<\/span><span data-ccp-props=\"{}\">\u00a0<\/span><\/p>\n<p><span data-contrast=\"auto\">Il est m\u00eame possible de r\u00e9duire les co\u00fbts salariaux gr\u00e2ce aux subventions ! (sous r\u00e9serve d&#8217;\u00e9ligibilit\u00e9)<br \/>\n<\/span><span data-ccp-props=\"{}\">\u00a0<\/span><\/p>\n<\/div><\/div><\/div><\/div><\/div><\/div><\/section>\n","protected":false},"excerpt":{"rendered":"Employer avec Insertech Insertech accompagne gratuitement votre entreprise dans l\u2019embauche de candidats form\u00e9s, qualifi\u00e9s et pr\u00eats \u00e0 travailler. Page en construction. Recrutez des talents motiv\u00e9s. Insertech s&#8217;occupe du reste. Recruter avec Insertech, c\u2019est b\u00e9n\u00e9ficier d\u2019un accompagnement compl\u00e8tement gratuit avant et apr\u00e8s l\u2019embauche. Nous proposons un soutien au placement des candidats sortants de notre programme, d\u00e9j\u00e0...","protected":false},"author":4,"featured_media":0,"parent":0,"menu_order":0,"comment_status":"closed","ping_status":"closed","template":"","meta":{"_acf_changed":false,"footnotes":""},"class_list":["post-27440","page","type-page","status-publish","hentry"],"acf":[],"yoast_head":"\n<title>Employer avec Insertech | Insertech<\/title>\n<meta name=\"robots\" content=\"index, follow, max-snippet:-1, max-image-preview:large, max-video-preview:-1\" \/>\n<link rel=\"canonical\" href=\"https:\/\/insertech.ca\/en\/employeur\/\" \/>\n<meta property=\"og:locale\" content=\"en_US\" \/>\n<meta property=\"og:type\" content=\"article\" \/>\n<meta property=\"og:title\" content=\"Employer avec Insertech | Insertech\" \/>\n<meta property=\"og:url\" content=\"https:\/\/insertech.ca\/en\/employeur\/\" \/>\n<meta property=\"og:site_name\" content=\"Insertech\" \/>\n<meta property=\"article:publisher\" content=\"https:\/\/www.facebook.com\/insertech.angus\" \/>\n<meta property=\"article:modified_time\" content=\"2026-02-20T16:23:01+00:00\" \/>\n<meta property=\"og:image\" content=\"https:\/\/insertech.ca\/uploads\/2024\/05\/Insertech-06.jpg\" \/>\n\t<meta property=\"og:image:width\" content=\"1024\" \/>\n\t<meta property=\"og:image:height\" content=\"681\" \/>\n\t<meta property=\"og:image:type\" content=\"image\/jpeg\" \/>\n<meta name=\"twitter:card\" content=\"summary_large_image\" \/>\n<meta name=\"twitter:site\" content=\"@insertech\" \/>\n<meta name=\"twitter:label1\" content=\"Est. reading time\" \/>\n\t<meta name=\"twitter:data1\" content=\"2 minutes\" \/>\n<script type=\"application\/ld+json\" class=\"yoast-schema-graph\">{\"@context\":\"https:\\\/\\\/schema.org\",\"@graph\":[{\"@type\":\"WebPage\",\"@id\":\"https:\\\/\\\/insertech.ca\\\/en\\\/employeur\\\/\",\"url\":\"https:\\\/\\\/insertech.ca\\\/en\\\/employeur\\\/\",\"name\":\"Employer avec Insertech | Insertech\",\"isPartOf\":{\"@id\":\"https:\\\/\\\/insertech.ca\\\/en\\\/#website\"},\"datePublished\":\"2026-01-29T21:01:46+00:00\",\"dateModified\":\"2026-02-20T16:23:01+00:00\",\"breadcrumb\":{\"@id\":\"https:\\\/\\\/insertech.ca\\\/en\\\/employeur\\\/#breadcrumb\"},\"inLanguage\":\"en-US\",\"potentialAction\":[{\"@type\":\"ReadAction\",\"target\":[\"https:\\\/\\\/insertech.ca\\\/en\\\/employeur\\\/\"]}]},{\"@type\":\"BreadcrumbList\",\"@id\":\"https:\\\/\\\/insertech.ca\\\/en\\\/employeur\\\/#breadcrumb\",\"itemListElement\":[{\"@type\":\"ListItem\",\"position\":1,\"name\":\"Accueil\",\"item\":\"https:\\\/\\\/insertech.ca\\\/en\\\/\"},{\"@type\":\"ListItem\",\"position\":2,\"name\":\"Employer avec Insertech\"}]},{\"@type\":\"WebSite\",\"@id\":\"https:\\\/\\\/insertech.ca\\\/en\\\/#website\",\"url\":\"https:\\\/\\\/insertech.ca\\\/en\\\/\",\"name\":\"Insertech\",\"description\":\"Technos et engag\u00e9s\",\"publisher\":{\"@id\":\"https:\\\/\\\/insertech.ca\\\/en\\\/#organization\"},\"potentialAction\":[{\"@type\":\"SearchAction\",\"target\":{\"@type\":\"EntryPoint\",\"urlTemplate\":\"https:\\\/\\\/insertech.ca\\\/en\\\/?s={search_term_string}\"},\"query-input\":{\"@type\":\"PropertyValueSpecification\",\"valueRequired\":true,\"valueName\":\"search_term_string\"}}],\"inLanguage\":\"en-US\"},{\"@type\":\"Organization\",\"@id\":\"https:\\\/\\\/insertech.ca\\\/en\\\/#organization\",\"name\":\"Insertech\",\"alternateName\":\"Insertech\",\"url\":\"https:\\\/\\\/insertech.ca\\\/en\\\/\",\"logo\":{\"@type\":\"ImageObject\",\"inLanguage\":\"en-US\",\"@id\":\"https:\\\/\\\/insertech.ca\\\/en\\\/#\\\/schema\\\/logo\\\/image\\\/\",\"url\":\"https:\\\/\\\/insertech.ca\\\/wp-content\\\/uploads\\\/2023\\\/10\\\/logo-insertech-2022.svg\",\"contentUrl\":\"https:\\\/\\\/insertech.ca\\\/wp-content\\\/uploads\\\/2023\\\/10\\\/logo-insertech-2022.svg\",\"width\":\"1024\",\"height\":\"1024\",\"caption\":\"Insertech\"},\"image\":{\"@id\":\"https:\\\/\\\/insertech.ca\\\/en\\\/#\\\/schema\\\/logo\\\/image\\\/\"},\"sameAs\":[\"https:\\\/\\\/www.facebook.com\\\/insertech.angus\",\"https:\\\/\\\/x.com\\\/insertech\",\"http:\\\/\\\/www.linkedin.com\\\/company\\\/insertech-angus\",\"https:\\\/\\\/www.instagram.com\\\/insertechangus\\\/\"]}]}<\/script>\n","yoast_head_json":{"title":"Employer avec Insertech | Insertech","robots":{"index":"index","follow":"follow","max-snippet":"max-snippet:-1","max-image-preview":"max-image-preview:large","max-video-preview":"max-video-preview:-1"},"canonical":"https:\/\/insertech.ca\/en\/employeur\/","og_locale":"en_US","og_type":"article","og_title":"Employer avec Insertech | Insertech","og_url":"https:\/\/insertech.ca\/en\/employeur\/","og_site_name":"Insertech","article_publisher":"https:\/\/www.facebook.com\/insertech.angus","article_modified_time":"2026-02-20T16:23:01+00:00","og_image":[{"width":1024,"height":681,"url":"https:\/\/insertech.ca\/uploads\/2024\/05\/Insertech-06.jpg","type":"image\/jpeg"}],"twitter_card":"summary_large_image","twitter_site":"@insertech","twitter_misc":{"Est. reading time":"2 minutes"},"schema":{"@context":"https:\/\/schema.org","@graph":[{"@type":"WebPage","@id":"https:\/\/insertech.ca\/en\/employeur\/","url":"https:\/\/insertech.ca\/en\/employeur\/","name":"Employer avec Insertech | Insertech","isPartOf":{"@id":"https:\/\/insertech.ca\/en\/#website"},"datePublished":"2026-01-29T21:01:46+00:00","dateModified":"2026-02-20T16:23:01+00:00","breadcrumb":{"@id":"https:\/\/insertech.ca\/en\/employeur\/#breadcrumb"},"inLanguage":"en-US","potentialAction":[{"@type":"ReadAction","target":["https:\/\/insertech.ca\/en\/employeur\/"]}]},{"@type":"BreadcrumbList","@id":"https:\/\/insertech.ca\/en\/employeur\/#breadcrumb","itemListElement":[{"@type":"ListItem","position":1,"name":"Accueil","item":"https:\/\/insertech.ca\/en\/"},{"@type":"ListItem","position":2,"name":"Employer avec Insertech"}]},{"@type":"WebSite","@id":"https:\/\/insertech.ca\/en\/#website","url":"https:\/\/insertech.ca\/en\/","name":"Insertech","description":"Technos et engag\u00e9s","publisher":{"@id":"https:\/\/insertech.ca\/en\/#organization"},"potentialAction":[{"@type":"SearchAction","target":{"@type":"EntryPoint","urlTemplate":"https:\/\/insertech.ca\/en\/?s={search_term_string}"},"query-input":{"@type":"PropertyValueSpecification","valueRequired":true,"valueName":"search_term_string"}}],"inLanguage":"en-US"},{"@type":"Organization","@id":"https:\/\/insertech.ca\/en\/#organization","name":"Insertech","alternateName":"Insertech","url":"https:\/\/insertech.ca\/en\/","logo":{"@type":"ImageObject","inLanguage":"en-US","@id":"https:\/\/insertech.ca\/en\/#\/schema\/logo\/image\/","url":"https:\/\/insertech.ca\/uploads\/2023\/10\/logo-insertech-2022.svg","contentUrl":"https:\/\/insertech.ca\/uploads\/2023\/10\/logo-insertech-2022.svg","width":"1024","height":"1024","caption":"Insertech"},"image":{"@id":"https:\/\/insertech.ca\/en\/#\/schema\/logo\/image\/"},"sameAs":["https:\/\/www.facebook.com\/insertech.angus","https:\/\/x.com\/insertech","http:\/\/www.linkedin.com\/company\/insertech-angus","https:\/\/www.instagram.com\/insertechangus\/"]}]}},"_links":{"self":[{"href":"https:\/\/insertech.ca\/en\/wp-json\/wp\/v2\/pages\/27440","targetHints":{"allow":["GET"]}}],"collection":[{"href":"https:\/\/insertech.ca\/en\/wp-json\/wp\/v2\/pages"}],"about":[{"href":"https:\/\/insertech.ca\/en\/wp-json\/wp\/v2\/types\/page"}],"author":[{"embeddable":true,"href":"https:\/\/insertech.ca\/en\/wp-json\/wp\/v2\/users\/4"}],"replies":[{"embeddable":true,"href":"https:\/\/insertech.ca\/en\/wp-json\/wp\/v2\/comments?post=27440"}],"version-history":[{"count":33,"href":"https:\/\/insertech.ca\/en\/wp-json\/wp\/v2\/pages\/27440\/revisions"}],"predecessor-version":[{"id":27560,"href":"https:\/\/insertech.ca\/en\/wp-json\/wp\/v2\/pages\/27440\/revisions\/27560"}],"wp:attachment":[{"href":"https:\/\/insertech.ca\/en\/wp-json\/wp\/v2\/media?parent=27440"}],"curies":[{"name":"wp","href":"https:\/\/api.w.org\/{rel}","templated":true}]}}